{"id":754,"date":"2024-07-15T10:24:02","date_gmt":"2024-07-15T10:24:02","guid":{"rendered":"https:\/\/mclinicmorocco.com\/?page_id=754"},"modified":"2024-10-30T13:19:22","modified_gmt":"2024-10-30T13:19:22","slug":"fesses-cuisses","status":"publish","type":"page","link":"https:\/\/mclinicmorocco.com\/ar\/fesses-cuisses\/","title":{"rendered":"FESSES \/ CUISSES"},"content":{"rendered":"<div data-elementor-type=\"wp-page\" data-elementor-id=\"754\" class=\"elementor elementor-754\" data-elementor-post-type=\"page\">\n\t\t\t\t<div class=\"has_eae_slider elementor-element elementor-element-a10ed77 e-con-full e-flex e-con e-parent\" data-eae-slider=\"25473\" data-id=\"a10ed77\" data-element_type=\"container\" data-e-type=\"container\" data-settings=\"{&quot;background_background&quot;:&quot;classic&quot;}\">\n\t\t<div class=\"has_eae_slider elementor-element elementor-element-e4cf235 e-flex e-con-boxed e-con e-child\" data-eae-slider=\"74095\" data-id=\"e4cf235\" data-element_type=\"container\" data-e-type=\"container\">\n\t\t\t\t\t<div class=\"e-con-inner\">\n\t\t\t\t<div class=\"elementor-element elementor-element-7e2ef87 elementor-widget__width-inherit elementor-widget elementor-widget-heading\" data-id=\"7e2ef87\" data-element_type=\"widget\" data-e-type=\"widget\" data-widget_type=\"heading.default\">\n\t\t\t\t<div class=\"elementor-widget-container\">\n\t\t\t\t\t<h2 class=\"elementor-heading-title elementor-size-default\">FESSES \/ CUISSES<\/h2>\t\t\t\t<\/div>\n\t\t\t\t<\/div>\n\t\t\t\t\t<\/div>\n\t\t\t\t<\/div>\n\t\t\t\t<\/div>\n\t\t<div class=\"has_eae_slider elementor-element elementor-element-f94fffd e-flex e-con-boxed elementor-invisible e-con e-parent\" data-eae-slider=\"71654\" data-id=\"f94fffd\" data-element_type=\"container\" data-e-type=\"container\" data-settings=\"{&quot;animation&quot;:&quot;fadeInUp&quot;}\">\n\t\t\t\t\t<div class=\"e-con-inner\">\n\t\t\t\t\t<\/div>\n\t\t\t\t<\/div>\n\t\t<div class=\"has_eae_slider elementor-element elementor-element-577fd4c e-flex e-con-boxed e-con e-parent\" data-eae-slider=\"20649\" data-id=\"577fd4c\" data-element_type=\"container\" data-e-type=\"container\">\n\t\t\t\t\t<div class=\"e-con-inner\">\n\t\t<div class=\"has_eae_slider elementor-element elementor-element-1389967 e-con-full e-flex elementor-invisible e-con e-child\" data-eae-slider=\"4664\" data-id=\"1389967\" data-element_type=\"container\" data-e-type=\"container\" data-settings=\"{&quot;animation&quot;:&quot;fadeInUp&quot;}\">\n\t\t\t\t<div class=\"elementor-element elementor-element-8cd20d9 elementor-widget elementor-widget-image\" data-id=\"8cd20d9\" data-element_type=\"widget\" data-e-type=\"widget\" data-widget_type=\"image.default\">\n\t\t\t\t<div class=\"elementor-widget-container\">\n\t\t\t\t\t\t\t\t\t\t\t\t\t\t\t<img fetchpriority=\"high\" decoding=\"async\" width=\"2134\" height=\"2134\" src=\"https:\/\/mclinicmorocco.com\/wp-content\/uploads\/2024\/09\/fesses-lift.png\" class=\"attachment-full size-full wp-image-4863\" alt=\"\" srcset=\"https:\/\/mclinicmorocco.com\/wp-content\/uploads\/2024\/09\/fesses-lift.png 2134w, https:\/\/mclinicmorocco.com\/wp-content\/uploads\/2024\/09\/fesses-lift-300x300.png 300w, https:\/\/mclinicmorocco.com\/wp-content\/uploads\/2024\/09\/fesses-lift-1024x1024.png 1024w, https:\/\/mclinicmorocco.com\/wp-content\/uploads\/2024\/09\/fesses-lift-150x150.png 150w, https:\/\/mclinicmorocco.com\/wp-content\/uploads\/2024\/09\/fesses-lift-768x768.png 768w, https:\/\/mclinicmorocco.com\/wp-content\/uploads\/2024\/09\/fesses-lift-1536x1536.png 1536w, https:\/\/mclinicmorocco.com\/wp-content\/uploads\/2024\/09\/fesses-lift-2048x2048.png 2048w\" sizes=\"(max-width: 2134px) 100vw, 2134px\" \/>\t\t\t\t\t\t\t\t\t\t\t\t\t\t\t<\/div>\n\t\t\t\t<\/div>\n\t\t\t\t<div class=\"elementor-element elementor-element-7d769bc elementor-widget elementor-widget-heading\" data-id=\"7d769bc\" data-element_type=\"widget\" data-e-type=\"widget\" data-widget_type=\"heading.default\">\n\t\t\t\t<div class=\"elementor-widget-container\">\n\t\t\t\t\t<h2 class=\"elementor-heading-title elementor-size-default\">LIPOFILLING FESSES<\/h2>\t\t\t\t<\/div>\n\t\t\t\t<\/div>\n\t\t\t\t<div class=\"elementor-element elementor-element-5f5bf95 elementor-align-center elementor-widget elementor-widget-button\" data-id=\"5f5bf95\" data-element_type=\"widget\" data-e-type=\"widget\" data-widget_type=\"button.default\">\n\t\t\t\t<div class=\"elementor-widget-container\">\n\t\t\t\t\t\t\t\t\t<div class=\"elementor-button-wrapper\">\n\t\t\t\t\t<a class=\"elementor-button elementor-button-link elementor-size-sm\" href=\"https:\/\/mclinicmorocco.com\/ar\/lipofilling-fesses\/\">\n\t\t\t\t\t\t<span class=\"elementor-button-content-wrapper\">\n\t\t\t\t\t\t\t\t\t<span class=\"elementor-button-text\">\u0627\u0644\u0645\u0632\u064a\u062f \u0645\u0646 \u0627\u0644\u0645\u0639\u0644\u0648\u0645\u0627\u062a<\/span>\n\t\t\t\t\t<\/span>\n\t\t\t\t\t<\/a>\n\t\t\t\t<\/div>\n\t\t\t\t\t\t\t\t<\/div>\n\t\t\t\t<\/div>\n\t\t\t\t<\/div>\n\t\t<div class=\"has_eae_slider elementor-element elementor-element-57c1b2e e-con-full e-flex elementor-invisible e-con e-child\" data-eae-slider=\"77831\" data-id=\"57c1b2e\" data-element_type=\"container\" data-e-type=\"container\" data-settings=\"{&quot;animation&quot;:&quot;fadeInUp&quot;}\">\n\t\t\t\t<div class=\"elementor-element elementor-element-54b354b elementor-widget elementor-widget-image\" data-id=\"54b354b\" data-element_type=\"widget\" data-e-type=\"widget\" data-widget_type=\"image.default\">\n\t\t\t\t<div class=\"elementor-widget-container\">\n\t\t\t\t\t\t\t\t\t\t\t\t\t\t\t<img decoding=\"async\" width=\"512\" height=\"512\" src=\"https:\/\/mclinicmorocco.com\/wp-content\/uploads\/2024\/07\/butt.png\" class=\"attachment-full size-full wp-image-2016\" alt=\"\" srcset=\"https:\/\/mclinicmorocco.com\/wp-content\/uploads\/2024\/07\/butt.png 512w, https:\/\/mclinicmorocco.com\/wp-content\/uploads\/2024\/07\/butt-300x300.png 300w, https:\/\/mclinicmorocco.com\/wp-content\/uploads\/2024\/07\/butt-150x150.png 150w\" sizes=\"(max-width: 512px) 100vw, 512px\" \/>\t\t\t\t\t\t\t\t\t\t\t\t\t\t\t<\/div>\n\t\t\t\t<\/div>\n\t\t\t\t<div class=\"elementor-element elementor-element-5f5668b elementor-widget elementor-widget-heading\" data-id=\"5f5668b\" data-element_type=\"widget\" data-e-type=\"widget\" data-widget_type=\"heading.default\">\n\t\t\t\t<div class=\"elementor-widget-container\">\n\t\t\t\t\t<h2 class=\"elementor-heading-title elementor-size-default\">PROTH\u00c8SE FESSES<\/h2>\t\t\t\t<\/div>\n\t\t\t\t<\/div>\n\t\t\t\t<div class=\"elementor-element elementor-element-d01f59b elementor-align-center elementor-widget elementor-widget-button\" data-id=\"d01f59b\" data-element_type=\"widget\" data-e-type=\"widget\" data-widget_type=\"button.default\">\n\t\t\t\t<div class=\"elementor-widget-container\">\n\t\t\t\t\t\t\t\t\t<div class=\"elementor-button-wrapper\">\n\t\t\t\t\t<a class=\"elementor-button elementor-button-link elementor-size-sm\" href=\"https:\/\/mclinicmorocco.com\/ar\/protheses-des-fesses\/\">\n\t\t\t\t\t\t<span class=\"elementor-button-content-wrapper\">\n\t\t\t\t\t\t\t\t\t<span class=\"elementor-button-text\">\u0627\u0644\u0645\u0632\u064a\u062f \u0645\u0646 \u0627\u0644\u0645\u0639\u0644\u0648\u0645\u0627\u062a<\/span>\n\t\t\t\t\t<\/span>\n\t\t\t\t\t<\/a>\n\t\t\t\t<\/div>\n\t\t\t\t\t\t\t\t<\/div>\n\t\t\t\t<\/div>\n\t\t\t\t<\/div>\n\t\t<div class=\"has_eae_slider elementor-element elementor-element-3103d57 e-con-full e-flex elementor-invisible e-con e-child\" data-eae-slider=\"52334\" data-id=\"3103d57\" data-element_type=\"container\" data-e-type=\"container\" data-settings=\"{&quot;animation&quot;:&quot;fadeInUp&quot;}\">\n\t\t\t\t<div class=\"elementor-element elementor-element-6109970 elementor-widget elementor-widget-image\" data-id=\"6109970\" data-element_type=\"widget\" data-e-type=\"widget\" data-widget_type=\"image.default\">\n\t\t\t\t<div class=\"elementor-widget-container\">\n\t\t\t\t\t\t\t\t\t\t\t\t\t\t\t<img decoding=\"async\" width=\"512\" height=\"512\" src=\"https:\/\/mclinicmorocco.com\/wp-content\/uploads\/2024\/07\/thigh.png\" class=\"attachment-full size-full wp-image-2021\" alt=\"\" srcset=\"https:\/\/mclinicmorocco.com\/wp-content\/uploads\/2024\/07\/thigh.png 512w, https:\/\/mclinicmorocco.com\/wp-content\/uploads\/2024\/07\/thigh-300x300.png 300w, https:\/\/mclinicmorocco.com\/wp-content\/uploads\/2024\/07\/thigh-150x150.png 150w\" sizes=\"(max-width: 512px) 100vw, 512px\" \/>\t\t\t\t\t\t\t\t\t\t\t\t\t\t\t<\/div>\n\t\t\t\t<\/div>\n\t\t\t\t<div class=\"elementor-element elementor-element-7c84c85 elementor-widget elementor-widget-heading\" data-id=\"7c84c85\" data-element_type=\"widget\" data-e-type=\"widget\" data-widget_type=\"heading.default\">\n\t\t\t\t<div class=\"elementor-widget-container\">\n\t\t\t\t\t<h2 class=\"elementor-heading-title elementor-size-default\">Cruroplastie<\/h2>\t\t\t\t<\/div>\n\t\t\t\t<\/div>\n\t\t\t\t<div class=\"elementor-element elementor-element-f75fa1d elementor-align-center elementor-widget elementor-widget-button\" data-id=\"f75fa1d\" data-element_type=\"widget\" data-e-type=\"widget\" data-widget_type=\"button.default\">\n\t\t\t\t<div class=\"elementor-widget-container\">\n\t\t\t\t\t\t\t\t\t<div class=\"elementor-button-wrapper\">\n\t\t\t\t\t<a class=\"elementor-button elementor-button-link elementor-size-sm\" href=\"https:\/\/mclinicmorocco.com\/ar\/cruroplastie\/\">\n\t\t\t\t\t\t<span class=\"elementor-button-content-wrapper\">\n\t\t\t\t\t\t\t\t\t<span class=\"elementor-button-text\">\u0627\u0644\u0645\u0632\u064a\u062f \u0645\u0646 \u0627\u0644\u0645\u0639\u0644\u0648\u0645\u0627\u062a<\/span>\n\t\t\t\t\t<\/span>\n\t\t\t\t\t<\/a>\n\t\t\t\t<\/div>\n\t\t\t\t\t\t\t\t<\/div>\n\t\t\t\t<\/div>\n\t\t\t\t<\/div>\n\t\t\t\t\t<\/div>\n\t\t\t\t<\/div>\n\t\t<div class=\"has_eae_slider elementor-element elementor-element-70f24df e-flex e-con-boxed e-con e-parent\" data-eae-slider=\"96738\" data-id=\"70f24df\" data-element_type=\"container\" data-e-type=\"container\">\n\t\t\t\t\t<div class=\"e-con-inner\">\n\t\t\t\t<div class=\"elementor-element elementor-element-2070e68 elementor-widget elementor-widget-spacer\" data-id=\"2070e68\" data-element_type=\"widget\" data-e-type=\"widget\" data-widget_type=\"spacer.default\">\n\t\t\t\t<div class=\"elementor-widget-container\">\n\t\t\t\t\t\t\t<div class=\"elementor-spacer\">\n\t\t\t<div class=\"elementor-spacer-inner\"><\/div>\n\t\t<\/div>\n\t\t\t\t\t\t<\/div>\n\t\t\t\t<\/div>\n\t\t\t\t\t<\/div>\n\t\t\t\t<\/div>\n\t\t\t\t<\/div>","protected":false},"excerpt":{"rendered":"<p>FESSES \/ CUISSES LIPOFILLING FESSES PROTH\u00c8SE FESSES Cruroplastie LIPOFILLING FESSES En savoir plus PROTH\u00c8SE FESSES En savoir plus Cruroplastie En savoir plus<\/p>","protected":false},"author":1,"featured_media":0,"parent":0,"menu_order":0,"comment_status":"closed","ping_status":"closed","template":"","meta":{"footnotes":""},"class_list":["post-754","page","type-page","status-publish","hentry"],"yoast_head":"<!-- This site is optimized with the Yoast SEO plugin v27.2 - https:\/\/yoast.com\/product\/yoast-seo-wordpress\/ -->\n<title>FESSES \/ CUISSES - M Clinic<\/title>\n<meta name=\"robots\" content=\"index, follow, max-snippet:-1, max-image-preview:large, max-video-preview:-1\" \/>\n<link rel=\"canonical\" href=\"https:\/\/mclinicmorocco.com\/ar\/fesses-cuisses\/\" \/>\n<meta property=\"og:locale\" content=\"ar_AR\" \/>\n<meta property=\"og:type\" content=\"article\" \/>\n<meta property=\"og:title\" content=\"FESSES \/ CUISSES - M Clinic\" \/>\n<meta property=\"og:description\" content=\"FESSES \/ CUISSES LIPOFILLING FESSES PROTH\u00c8SE FESSES Cruroplastie LIPOFILLING FESSES En savoir plus PROTH\u00c8SE FESSES En savoir plus Cruroplastie En savoir plus\" \/>\n<meta property=\"og:url\" content=\"https:\/\/mclinicmorocco.com\/ar\/fesses-cuisses\/\" \/>\n<meta property=\"og:site_name\" content=\"M Clinic\" \/>\n<meta property=\"article:publisher\" content=\"https:\/\/web.facebook.com\/mclinic.morocco\/?_rdc=1&amp;_rdr\" \/>\n<meta property=\"article:modified_time\" content=\"2024-10-30T13:19:22+00:00\" \/>\n<meta property=\"og:image\" content=\"https:\/\/mclinicmorocco.com\/wp-content\/uploads\/2024\/09\/Blanc-Noir-et-Rouge-Illustratif-Affiche-Festival-11.jpg\" \/>\n<meta name=\"twitter:card\" content=\"summary_large_image\" \/>\n<script type=\"application\/ld+json\" class=\"yoast-schema-graph\">{\"@context\":\"https:\/\/schema.org\",\"@graph\":[{\"@type\":\"WebPage\",\"@id\":\"https:\/\/mclinicmorocco.com\/fesses-cuisses\/\",\"url\":\"https:\/\/mclinicmorocco.com\/fesses-cuisses\/\",\"name\":\"FESSES \/ CUISSES - M Clinic\",\"isPartOf\":{\"@id\":\"https:\/\/mclinicmorocco.com\/#website\"},\"primaryImageOfPage\":{\"@id\":\"https:\/\/mclinicmorocco.com\/fesses-cuisses\/#primaryimage\"},\"image\":{\"@id\":\"https:\/\/mclinicmorocco.com\/fesses-cuisses\/#primaryimage\"},\"thumbnailUrl\":\"https:\/\/mclinicmorocco.com\/wp-content\/uploads\/2024\/09\/Blanc-Noir-et-Rouge-Illustratif-Affiche-Festival-11.jpg\",\"datePublished\":\"2024-07-15T10:24:02+00:00\",\"dateModified\":\"2024-10-30T13:19:22+00:00\",\"breadcrumb\":{\"@id\":\"https:\/\/mclinicmorocco.com\/fesses-cuisses\/#breadcrumb\"},\"inLanguage\":\"ar\",\"potentialAction\":[{\"@type\":\"ReadAction\",\"target\":[\"https:\/\/mclinicmorocco.com\/fesses-cuisses\/\"]}]},{\"@type\":\"ImageObject\",\"inLanguage\":\"ar\",\"@id\":\"https:\/\/mclinicmorocco.com\/fesses-cuisses\/#primaryimage\",\"url\":\"https:\/\/mclinicmorocco.com\/wp-content\/uploads\/2024\/09\/Blanc-Noir-et-Rouge-Illustratif-Affiche-Festival-11.jpg\",\"contentUrl\":\"https:\/\/mclinicmorocco.com\/wp-content\/uploads\/2024\/09\/Blanc-Noir-et-Rouge-Illustratif-Affiche-Festival-11.jpg\"},{\"@type\":\"BreadcrumbList\",\"@id\":\"https:\/\/mclinicmorocco.com\/fesses-cuisses\/#breadcrumb\",\"itemListElement\":[{\"@type\":\"ListItem\",\"position\":1,\"name\":\"Home\",\"item\":\"https:\/\/mclinicmorocco.com\/\"},{\"@type\":\"ListItem\",\"position\":2,\"name\":\"FESSES \/ CUISSES\"}]},{\"@type\":\"WebSite\",\"@id\":\"https:\/\/mclinicmorocco.com\/#website\",\"url\":\"https:\/\/mclinicmorocco.com\/\",\"name\":\"MClinic\",\"description\":\"Clinique esth\u00e9tique avec esth\u00e9ticiennes qualifi\u00e9es et chirurgiens experts.\u202f\",\"publisher\":{\"@id\":\"https:\/\/mclinicmorocco.com\/#organization\"},\"potentialAction\":[{\"@type\":\"SearchAction\",\"target\":{\"@type\":\"EntryPoint\",\"urlTemplate\":\"https:\/\/mclinicmorocco.com\/?s={search_term_string}\"},\"query-input\":{\"@type\":\"PropertyValueSpecification\",\"valueRequired\":true,\"valueName\":\"search_term_string\"}}],\"inLanguage\":\"ar\"},{\"@type\":\"Organization\",\"@id\":\"https:\/\/mclinicmorocco.com\/#organization\",\"name\":\"MClinic\",\"url\":\"https:\/\/mclinicmorocco.com\/\",\"logo\":{\"@type\":\"ImageObject\",\"inLanguage\":\"ar\",\"@id\":\"https:\/\/mclinicmorocco.com\/#\/schema\/logo\/image\/\",\"url\":\"https:\/\/mclinicmorocco.com\/wp-content\/uploads\/2024\/07\/logo-mclinic-white-v2.png\",\"contentUrl\":\"https:\/\/mclinicmorocco.com\/wp-content\/uploads\/2024\/07\/logo-mclinic-white-v2.png\",\"width\":769,\"height\":349,\"caption\":\"MClinic\"},\"image\":{\"@id\":\"https:\/\/mclinicmorocco.com\/#\/schema\/logo\/image\/\"},\"sameAs\":[\"https:\/\/web.facebook.com\/mclinic.morocco\/?_rdc=1&_rdr\",\"https:\/\/www.instagram.com\/m.clinic.official\/\"]}]}<\/script>\n<!-- \/ Yoast SEO plugin. -->","yoast_head_json":{"title":"FESSES \/ CUISSES - M Clinic","robots":{"index":"index","follow":"follow","max-snippet":"max-snippet:-1","max-image-preview":"max-image-preview:large","max-video-preview":"max-video-preview:-1"},"canonical":"https:\/\/mclinicmorocco.com\/ar\/fesses-cuisses\/","og_locale":"ar_AR","og_type":"article","og_title":"FESSES \/ CUISSES - M Clinic","og_description":"FESSES \/ CUISSES LIPOFILLING FESSES PROTH\u00c8SE FESSES Cruroplastie LIPOFILLING FESSES En savoir plus PROTH\u00c8SE FESSES En savoir plus Cruroplastie En savoir plus","og_url":"https:\/\/mclinicmorocco.com\/ar\/fesses-cuisses\/","og_site_name":"M Clinic","article_publisher":"https:\/\/web.facebook.com\/mclinic.morocco\/?_rdc=1&_rdr","article_modified_time":"2024-10-30T13:19:22+00:00","og_image":[{"url":"https:\/\/mclinicmorocco.com\/wp-content\/uploads\/2024\/09\/Blanc-Noir-et-Rouge-Illustratif-Affiche-Festival-11.jpg","type":"","width":"","height":""}],"twitter_card":"summary_large_image","schema":{"@context":"https:\/\/schema.org","@graph":[{"@type":"WebPage","@id":"https:\/\/mclinicmorocco.com\/fesses-cuisses\/","url":"https:\/\/mclinicmorocco.com\/fesses-cuisses\/","name":"FESSES \/ CUISSES - M Clinic","isPartOf":{"@id":"https:\/\/mclinicmorocco.com\/#website"},"primaryImageOfPage":{"@id":"https:\/\/mclinicmorocco.com\/fesses-cuisses\/#primaryimage"},"image":{"@id":"https:\/\/mclinicmorocco.com\/fesses-cuisses\/#primaryimage"},"thumbnailUrl":"https:\/\/mclinicmorocco.com\/wp-content\/uploads\/2024\/09\/Blanc-Noir-et-Rouge-Illustratif-Affiche-Festival-11.jpg","datePublished":"2024-07-15T10:24:02+00:00","dateModified":"2024-10-30T13:19:22+00:00","breadcrumb":{"@id":"https:\/\/mclinicmorocco.com\/fesses-cuisses\/#breadcrumb"},"inLanguage":"ar","potentialAction":[{"@type":"ReadAction","target":["https:\/\/mclinicmorocco.com\/fesses-cuisses\/"]}]},{"@type":"ImageObject","inLanguage":"ar","@id":"https:\/\/mclinicmorocco.com\/fesses-cuisses\/#primaryimage","url":"https:\/\/mclinicmorocco.com\/wp-content\/uploads\/2024\/09\/Blanc-Noir-et-Rouge-Illustratif-Affiche-Festival-11.jpg","contentUrl":"https:\/\/mclinicmorocco.com\/wp-content\/uploads\/2024\/09\/Blanc-Noir-et-Rouge-Illustratif-Affiche-Festival-11.jpg"},{"@type":"BreadcrumbList","@id":"https:\/\/mclinicmorocco.com\/fesses-cuisses\/#breadcrumb","itemListElement":[{"@type":"ListItem","position":1,"name":"Home","item":"https:\/\/mclinicmorocco.com\/"},{"@type":"ListItem","position":2,"name":"FESSES \/ CUISSES"}]},{"@type":"WebSite","@id":"https:\/\/mclinicmorocco.com\/#website","url":"https:\/\/mclinicmorocco.com\/","name":"MClinic","description":"Clinique esth\u00e9tique avec esth\u00e9ticiennes qualifi\u00e9es et chirurgiens experts.\u202f","publisher":{"@id":"https:\/\/mclinicmorocco.com\/#organization"},"potentialAction":[{"@type":"SearchAction","target":{"@type":"EntryPoint","urlTemplate":"https:\/\/mclinicmorocco.com\/?s={search_term_string}"},"query-input":{"@type":"PropertyValueSpecification","valueRequired":true,"valueName":"search_term_string"}}],"inLanguage":"ar"},{"@type":"Organization","@id":"https:\/\/mclinicmorocco.com\/#organization","name":"MClinic","url":"https:\/\/mclinicmorocco.com\/","logo":{"@type":"ImageObject","inLanguage":"ar","@id":"https:\/\/mclinicmorocco.com\/#\/schema\/logo\/image\/","url":"https:\/\/mclinicmorocco.com\/wp-content\/uploads\/2024\/07\/logo-mclinic-white-v2.png","contentUrl":"https:\/\/mclinicmorocco.com\/wp-content\/uploads\/2024\/07\/logo-mclinic-white-v2.png","width":769,"height":349,"caption":"MClinic"},"image":{"@id":"https:\/\/mclinicmorocco.com\/#\/schema\/logo\/image\/"},"sameAs":["https:\/\/web.facebook.com\/mclinic.morocco\/?_rdc=1&_rdr","https:\/\/www.instagram.com\/m.clinic.official\/"]}]}},"_links":{"self":[{"href":"https:\/\/mclinicmorocco.com\/ar\/wp-json\/wp\/v2\/pages\/754","targetHints":{"allow":["GET"]}}],"collection":[{"href":"https:\/\/mclinicmorocco.com\/ar\/wp-json\/wp\/v2\/pages"}],"about":[{"href":"https:\/\/mclinicmorocco.com\/ar\/wp-json\/wp\/v2\/types\/page"}],"author":[{"embeddable":true,"href":"https:\/\/mclinicmorocco.com\/ar\/wp-json\/wp\/v2\/users\/1"}],"replies":[{"embeddable":true,"href":"https:\/\/mclinicmorocco.com\/ar\/wp-json\/wp\/v2\/comments?post=754"}],"version-history":[{"count":55,"href":"https:\/\/mclinicmorocco.com\/ar\/wp-json\/wp\/v2\/pages\/754\/revisions"}],"predecessor-version":[{"id":7808,"href":"https:\/\/mclinicmorocco.com\/ar\/wp-json\/wp\/v2\/pages\/754\/revisions\/7808"}],"wp:attachment":[{"href":"https:\/\/mclinicmorocco.com\/ar\/wp-json\/wp\/v2\/media?parent=754"}],"curies":[{"name":"wp","href":"https:\/\/api.w.org\/{rel}","templated":true}]}}