{"id":783,"date":"2024-07-15T10:31:52","date_gmt":"2024-07-15T10:31:52","guid":{"rendered":"https:\/\/mclinicmorocco.com\/?page_id=783"},"modified":"2024-11-11T15:32:16","modified_gmt":"2024-11-11T15:32:16","slug":"laser","status":"publish","type":"page","link":"https:\/\/mclinicmorocco.com\/ar\/laser\/","title":{"rendered":"LASER"},"content":{"rendered":"<div data-elementor-type=\"wp-page\" data-elementor-id=\"783\" class=\"elementor elementor-783\" data-elementor-post-type=\"page\">\n\t\t\t\t<div class=\"has_eae_slider elementor-element elementor-element-431d7f7 e-con-full e-flex e-con e-parent\" data-eae-slider=\"98307\" data-id=\"431d7f7\" data-element_type=\"container\" data-e-type=\"container\" data-settings=\"{&quot;background_background&quot;:&quot;classic&quot;}\">\n\t\t<div class=\"has_eae_slider elementor-element elementor-element-0d9d845 e-flex e-con-boxed e-con e-child\" data-eae-slider=\"21471\" data-id=\"0d9d845\" data-element_type=\"container\" data-e-type=\"container\">\n\t\t\t\t\t<div class=\"e-con-inner\">\n\t\t\t\t<div class=\"elementor-element elementor-element-98e19fa elementor-widget__width-inherit elementor-widget elementor-widget-heading\" data-id=\"98e19fa\" data-element_type=\"widget\" data-e-type=\"widget\" data-widget_type=\"heading.default\">\n\t\t\t\t<div class=\"elementor-widget-container\">\n\t\t\t\t\t<h2 class=\"elementor-heading-title elementor-size-default\">Laser<\/h2>\t\t\t\t<\/div>\n\t\t\t\t<\/div>\n\t\t\t\t\t<\/div>\n\t\t\t\t<\/div>\n\t\t\t\t<\/div>\n\t\t<div class=\"has_eae_slider elementor-element elementor-element-2b66b19 e-flex e-con-boxed elementor-invisible e-con e-parent\" data-eae-slider=\"77980\" data-id=\"2b66b19\" data-element_type=\"container\" data-e-type=\"container\" data-settings=\"{&quot;animation&quot;:&quot;fadeInUp&quot;}\">\n\t\t\t\t\t<div class=\"e-con-inner\">\n\t\t\t\t\t<\/div>\n\t\t\t\t<\/div>\n\t\t<div class=\"has_eae_slider elementor-element elementor-element-1194862 e-flex e-con-boxed e-con e-parent\" data-eae-slider=\"732\" data-id=\"1194862\" data-element_type=\"container\" data-e-type=\"container\">\n\t\t\t\t\t<div class=\"e-con-inner\">\n\t\t<div class=\"has_eae_slider elementor-element elementor-element-ebd498a e-con-full e-flex e-con e-child\" data-eae-slider=\"89956\" data-id=\"ebd498a\" data-element_type=\"container\" data-e-type=\"container\">\n\t\t\t\t<div class=\"elementor-element elementor-element-1393149 elementor-widget elementor-widget-image\" data-id=\"1393149\" data-element_type=\"widget\" data-e-type=\"widget\" data-widget_type=\"image.default\">\n\t\t\t\t<div class=\"elementor-widget-container\">\n\t\t\t\t\t\t\t\t\t\t\t\t\t\t\t<img fetchpriority=\"high\" decoding=\"async\" width=\"512\" height=\"512\" src=\"https:\/\/mclinicmorocco.com\/wp-content\/uploads\/2024\/07\/laser.png\" class=\"attachment-full size-full wp-image-2115\" alt=\"\" srcset=\"https:\/\/mclinicmorocco.com\/wp-content\/uploads\/2024\/07\/laser.png 512w, https:\/\/mclinicmorocco.com\/wp-content\/uploads\/2024\/07\/laser-300x300.png 300w, https:\/\/mclinicmorocco.com\/wp-content\/uploads\/2024\/07\/laser-150x150.png 150w\" sizes=\"(max-width: 512px) 100vw, 512px\" \/>\t\t\t\t\t\t\t\t\t\t\t\t\t\t\t<\/div>\n\t\t\t\t<\/div>\n\t\t\t\t<div class=\"elementor-element elementor-element-458f453 elementor-widget elementor-widget-heading\" data-id=\"458f453\" data-element_type=\"widget\" data-e-type=\"widget\" data-widget_type=\"heading.default\">\n\t\t\t\t<div class=\"elementor-widget-container\">\n\t\t\t\t\t<h2 class=\"elementor-heading-title elementor-size-default\">\u00c9PILATOIRE<\/h2>\t\t\t\t<\/div>\n\t\t\t\t<\/div>\n\t\t\t\t<div class=\"elementor-element elementor-element-d3a8d44 elementor-align-center elementor-widget elementor-widget-button\" data-id=\"d3a8d44\" data-element_type=\"widget\" data-e-type=\"widget\" data-widget_type=\"button.default\">\n\t\t\t\t<div class=\"elementor-widget-container\">\n\t\t\t\t\t\t\t\t\t<div class=\"elementor-button-wrapper\">\n\t\t\t\t\t<a class=\"elementor-button elementor-button-link elementor-size-sm\" href=\"https:\/\/mclinicmorocco.com\/ar\/epilatoire\/\">\n\t\t\t\t\t\t<span class=\"elementor-button-content-wrapper\">\n\t\t\t\t\t\t\t\t\t<span class=\"elementor-button-text\">\u0627\u0644\u0645\u0632\u064a\u062f \u0645\u0646 \u0627\u0644\u0645\u0639\u0644\u0648\u0645\u0627\u062a<\/span>\n\t\t\t\t\t<\/span>\n\t\t\t\t\t<\/a>\n\t\t\t\t<\/div>\n\t\t\t\t\t\t\t\t<\/div>\n\t\t\t\t<\/div>\n\t\t\t\t<\/div>\n\t\t<div class=\"has_eae_slider elementor-element elementor-element-703a6cc e-con-full e-flex e-con e-child\" data-eae-slider=\"20783\" data-id=\"703a6cc\" data-element_type=\"container\" data-e-type=\"container\">\n\t\t\t\t<div class=\"elementor-element elementor-element-79e8b30 elementor-widget elementor-widget-image\" data-id=\"79e8b30\" data-element_type=\"widget\" data-e-type=\"widget\" data-widget_type=\"image.default\">\n\t\t\t\t<div class=\"elementor-widget-container\">\n\t\t\t\t\t\t\t\t\t\t\t\t\t\t\t<img decoding=\"async\" width=\"512\" height=\"512\" src=\"https:\/\/mclinicmorocco.com\/wp-content\/uploads\/2024\/07\/tattoo-removal.png\" class=\"attachment-full size-full wp-image-2116\" alt=\"\" srcset=\"https:\/\/mclinicmorocco.com\/wp-content\/uploads\/2024\/07\/tattoo-removal.png 512w, https:\/\/mclinicmorocco.com\/wp-content\/uploads\/2024\/07\/tattoo-removal-300x300.png 300w, https:\/\/mclinicmorocco.com\/wp-content\/uploads\/2024\/07\/tattoo-removal-150x150.png 150w\" sizes=\"(max-width: 512px) 100vw, 512px\" \/>\t\t\t\t\t\t\t\t\t\t\t\t\t\t\t<\/div>\n\t\t\t\t<\/div>\n\t\t\t\t<div class=\"elementor-element elementor-element-ad93294 elementor-widget elementor-widget-heading\" data-id=\"ad93294\" data-element_type=\"widget\" data-e-type=\"widget\" data-widget_type=\"heading.default\">\n\t\t\t\t<div class=\"elementor-widget-container\">\n\t\t\t\t\t<h2 class=\"elementor-heading-title elementor-size-default\">DETATOUAGE<\/h2>\t\t\t\t<\/div>\n\t\t\t\t<\/div>\n\t\t\t\t<div class=\"elementor-element elementor-element-72f69b4 elementor-align-center elementor-widget elementor-widget-button\" data-id=\"72f69b4\" data-element_type=\"widget\" data-e-type=\"widget\" data-widget_type=\"button.default\">\n\t\t\t\t<div class=\"elementor-widget-container\">\n\t\t\t\t\t\t\t\t\t<div class=\"elementor-button-wrapper\">\n\t\t\t\t\t<a class=\"elementor-button elementor-button-link elementor-size-sm\" href=\"https:\/\/mclinicmorocco.com\/ar\/detatouage\/\">\n\t\t\t\t\t\t<span class=\"elementor-button-content-wrapper\">\n\t\t\t\t\t\t\t\t\t<span class=\"elementor-button-text\">\u0627\u0644\u0645\u0632\u064a\u062f \u0645\u0646 \u0627\u0644\u0645\u0639\u0644\u0648\u0645\u0627\u062a<\/span>\n\t\t\t\t\t<\/span>\n\t\t\t\t\t<\/a>\n\t\t\t\t<\/div>\n\t\t\t\t\t\t\t\t<\/div>\n\t\t\t\t<\/div>\n\t\t\t\t<\/div>\n\t\t<div class=\"has_eae_slider elementor-element elementor-element-83e23a7 e-con-full e-flex e-con e-child\" data-eae-slider=\"5134\" data-id=\"83e23a7\" data-element_type=\"container\" data-e-type=\"container\">\n\t\t\t\t<div class=\"elementor-element elementor-element-496c60a elementor-widget elementor-widget-image\" data-id=\"496c60a\" data-element_type=\"widget\" data-e-type=\"widget\" data-widget_type=\"image.default\">\n\t\t\t\t<div class=\"elementor-widget-container\">\n\t\t\t\t\t\t\t\t\t\t\t\t\t\t\t<img decoding=\"async\" width=\"512\" height=\"512\" src=\"https:\/\/mclinicmorocco.com\/wp-content\/uploads\/2024\/07\/laser-1.png\" class=\"attachment-full size-full wp-image-2114\" alt=\"\" srcset=\"https:\/\/mclinicmorocco.com\/wp-content\/uploads\/2024\/07\/laser-1.png 512w, https:\/\/mclinicmorocco.com\/wp-content\/uploads\/2024\/07\/laser-1-300x300.png 300w, https:\/\/mclinicmorocco.com\/wp-content\/uploads\/2024\/07\/laser-1-150x150.png 150w\" sizes=\"(max-width: 512px) 100vw, 512px\" \/>\t\t\t\t\t\t\t\t\t\t\t\t\t\t\t<\/div>\n\t\t\t\t<\/div>\n\t\t\t\t<div class=\"elementor-element elementor-element-28e159c elementor-widget elementor-widget-heading\" data-id=\"28e159c\" data-element_type=\"widget\" data-e-type=\"widget\" data-widget_type=\"heading.default\">\n\t\t\t\t<div class=\"elementor-widget-container\">\n\t\t\t\t\t<h2 class=\"elementor-heading-title elementor-size-default\">CICATRICES<\/h2>\t\t\t\t<\/div>\n\t\t\t\t<\/div>\n\t\t\t\t<div class=\"elementor-element elementor-element-2dfafc9 elementor-align-center elementor-widget elementor-widget-button\" data-id=\"2dfafc9\" data-element_type=\"widget\" data-e-type=\"widget\" data-widget_type=\"button.default\">\n\t\t\t\t<div class=\"elementor-widget-container\">\n\t\t\t\t\t\t\t\t\t<div class=\"elementor-button-wrapper\">\n\t\t\t\t\t<a class=\"elementor-button elementor-button-link elementor-size-sm\" href=\"https:\/\/mclinicmorocco.com\/ar\/cicatrices\/\">\n\t\t\t\t\t\t<span class=\"elementor-button-content-wrapper\">\n\t\t\t\t\t\t\t\t\t<span class=\"elementor-button-text\">\u0627\u0644\u0645\u0632\u064a\u062f \u0645\u0646 \u0627\u0644\u0645\u0639\u0644\u0648\u0645\u0627\u062a<\/span>\n\t\t\t\t\t<\/span>\n\t\t\t\t\t<\/a>\n\t\t\t\t<\/div>\n\t\t\t\t\t\t\t\t<\/div>\n\t\t\t\t<\/div>\n\t\t\t\t<\/div>\n\t\t<div class=\"has_eae_slider elementor-element elementor-element-df4f64f e-con-full e-flex e-con e-child\" data-eae-slider=\"16262\" data-id=\"df4f64f\" data-element_type=\"container\" data-e-type=\"container\">\n\t\t\t\t<div class=\"elementor-element elementor-element-592f31d elementor-widget elementor-widget-image\" data-id=\"592f31d\" data-element_type=\"widget\" data-e-type=\"widget\" data-widget_type=\"image.default\">\n\t\t\t\t<div class=\"elementor-widget-container\">\n\t\t\t\t\t\t\t\t\t\t\t\t\t\t\t<img loading=\"lazy\" decoding=\"async\" width=\"512\" height=\"512\" src=\"https:\/\/mclinicmorocco.com\/wp-content\/uploads\/2024\/07\/facial-laser.png\" class=\"attachment-full size-full wp-image-2113\" alt=\"\" srcset=\"https:\/\/mclinicmorocco.com\/wp-content\/uploads\/2024\/07\/facial-laser.png 512w, https:\/\/mclinicmorocco.com\/wp-content\/uploads\/2024\/07\/facial-laser-300x300.png 300w, https:\/\/mclinicmorocco.com\/wp-content\/uploads\/2024\/07\/facial-laser-150x150.png 150w\" sizes=\"(max-width: 512px) 100vw, 512px\" \/>\t\t\t\t\t\t\t\t\t\t\t\t\t\t\t<\/div>\n\t\t\t\t<\/div>\n\t\t\t\t<div class=\"elementor-element elementor-element-e4735ac elementor-widget elementor-widget-heading\" data-id=\"e4735ac\" data-element_type=\"widget\" data-e-type=\"widget\" data-widget_type=\"heading.default\">\n\t\t\t\t<div class=\"elementor-widget-container\">\n\t\t\t\t\t<h2 class=\"elementor-heading-title elementor-size-default\">TRAITEMENT DE RIDES<\/h2>\t\t\t\t<\/div>\n\t\t\t\t<\/div>\n\t\t\t\t<div class=\"elementor-element elementor-element-b2a0ac1 elementor-align-center elementor-widget elementor-widget-button\" data-id=\"b2a0ac1\" data-element_type=\"widget\" data-e-type=\"widget\" data-widget_type=\"button.default\">\n\t\t\t\t<div class=\"elementor-widget-container\">\n\t\t\t\t\t\t\t\t\t<div class=\"elementor-button-wrapper\">\n\t\t\t\t\t<a class=\"elementor-button elementor-button-link elementor-size-sm\" href=\"https:\/\/mclinicmorocco.com\/ar\/traitement-de-rides\/\">\n\t\t\t\t\t\t<span class=\"elementor-button-content-wrapper\">\n\t\t\t\t\t\t\t\t\t<span class=\"elementor-button-text\">\u0627\u0644\u0645\u0632\u064a\u062f \u0645\u0646 \u0627\u0644\u0645\u0639\u0644\u0648\u0645\u0627\u062a<\/span>\n\t\t\t\t\t<\/span>\n\t\t\t\t\t<\/a>\n\t\t\t\t<\/div>\n\t\t\t\t\t\t\t\t<\/div>\n\t\t\t\t<\/div>\n\t\t\t\t<\/div>\n\t\t\t\t\t<\/div>\n\t\t\t\t<\/div>\n\t\t<div class=\"has_eae_slider elementor-element elementor-element-a9de368 e-flex e-con-boxed e-con e-parent\" data-eae-slider=\"50165\" data-id=\"a9de368\" data-element_type=\"container\" data-e-type=\"container\">\n\t\t\t\t\t<div class=\"e-con-inner\">\n\t\t\t\t<div class=\"elementor-element elementor-element-159adfc elementor-widget elementor-widget-spacer\" data-id=\"159adfc\" data-element_type=\"widget\" data-e-type=\"widget\" data-widget_type=\"spacer.default\">\n\t\t\t\t<div class=\"elementor-widget-container\">\n\t\t\t\t\t\t\t<div class=\"elementor-spacer\">\n\t\t\t<div class=\"elementor-spacer-inner\"><\/div>\n\t\t<\/div>\n\t\t\t\t\t\t<\/div>\n\t\t\t\t<\/div>\n\t\t\t\t\t<\/div>\n\t\t\t\t<\/div>\n\t\t\t\t<\/div>","protected":false},"excerpt":{"rendered":"<p>Laser \u00c9PILATOIRE DETATOUAGE CICATRICES TRAITEMENT DE RIDES \u00c9PILATOIRE En savoir plus DETATOUAGE En savoir plus CICATRICES En savoir plus TRAITEMENT DE RIDES En savoir plus<\/p>","protected":false},"author":1,"featured_media":0,"parent":0,"menu_order":0,"comment_status":"closed","ping_status":"closed","template":"","meta":{"footnotes":""},"class_list":["post-783","page","type-page","status-publish","hentry"],"yoast_head":"<!-- This site is optimized with the Yoast SEO plugin v27.2 - https:\/\/yoast.com\/product\/yoast-seo-wordpress\/ -->\n<title>LASER - M Clinic<\/title>\n<meta name=\"robots\" content=\"index, follow, max-snippet:-1, max-image-preview:large, max-video-preview:-1\" \/>\n<link rel=\"canonical\" href=\"https:\/\/mclinicmorocco.com\/ar\/laser\/\" \/>\n<meta property=\"og:locale\" content=\"ar_AR\" \/>\n<meta property=\"og:type\" content=\"article\" \/>\n<meta property=\"og:title\" content=\"LASER - M Clinic\" \/>\n<meta property=\"og:description\" content=\"Laser \u00c9PILATOIRE DETATOUAGE CICATRICES TRAITEMENT DE RIDES \u00c9PILATOIRE En savoir plus DETATOUAGE En savoir plus CICATRICES En savoir plus TRAITEMENT DE RIDES En savoir plus\" \/>\n<meta property=\"og:url\" content=\"https:\/\/mclinicmorocco.com\/ar\/laser\/\" \/>\n<meta property=\"og:site_name\" content=\"M Clinic\" \/>\n<meta property=\"article:publisher\" content=\"https:\/\/web.facebook.com\/mclinic.morocco\/?_rdc=1&amp;_rdr\" \/>\n<meta property=\"article:modified_time\" content=\"2024-11-11T15:32:16+00:00\" \/>\n<meta property=\"og:image\" content=\"https:\/\/mclinicmorocco.com\/wp-content\/uploads\/2024\/08\/Blanc-Noir-et-Rouge-Illustratif-Affiche-Festival-4.jpg\" \/>\n<meta name=\"twitter:card\" content=\"summary_large_image\" \/>\n<script type=\"application\/ld+json\" class=\"yoast-schema-graph\">{\"@context\":\"https:\/\/schema.org\",\"@graph\":[{\"@type\":\"WebPage\",\"@id\":\"https:\/\/mclinicmorocco.com\/laser\/\",\"url\":\"https:\/\/mclinicmorocco.com\/laser\/\",\"name\":\"LASER - M Clinic\",\"isPartOf\":{\"@id\":\"https:\/\/mclinicmorocco.com\/#website\"},\"primaryImageOfPage\":{\"@id\":\"https:\/\/mclinicmorocco.com\/laser\/#primaryimage\"},\"image\":{\"@id\":\"https:\/\/mclinicmorocco.com\/laser\/#primaryimage\"},\"thumbnailUrl\":\"https:\/\/mclinicmorocco.com\/wp-content\/uploads\/2024\/08\/Blanc-Noir-et-Rouge-Illustratif-Affiche-Festival-4.jpg\",\"datePublished\":\"2024-07-15T10:31:52+00:00\",\"dateModified\":\"2024-11-11T15:32:16+00:00\",\"breadcrumb\":{\"@id\":\"https:\/\/mclinicmorocco.com\/laser\/#breadcrumb\"},\"inLanguage\":\"ar\",\"potentialAction\":[{\"@type\":\"ReadAction\",\"target\":[\"https:\/\/mclinicmorocco.com\/laser\/\"]}]},{\"@type\":\"ImageObject\",\"inLanguage\":\"ar\",\"@id\":\"https:\/\/mclinicmorocco.com\/laser\/#primaryimage\",\"url\":\"https:\/\/mclinicmorocco.com\/wp-content\/uploads\/2024\/08\/Blanc-Noir-et-Rouge-Illustratif-Affiche-Festival-4.jpg\",\"contentUrl\":\"https:\/\/mclinicmorocco.com\/wp-content\/uploads\/2024\/08\/Blanc-Noir-et-Rouge-Illustratif-Affiche-Festival-4.jpg\"},{\"@type\":\"BreadcrumbList\",\"@id\":\"https:\/\/mclinicmorocco.com\/laser\/#breadcrumb\",\"itemListElement\":[{\"@type\":\"ListItem\",\"position\":1,\"name\":\"Home\",\"item\":\"https:\/\/mclinicmorocco.com\/\"},{\"@type\":\"ListItem\",\"position\":2,\"name\":\"LASER\"}]},{\"@type\":\"WebSite\",\"@id\":\"https:\/\/mclinicmorocco.com\/#website\",\"url\":\"https:\/\/mclinicmorocco.com\/\",\"name\":\"MClinic\",\"description\":\"Clinique esth\u00e9tique avec esth\u00e9ticiennes qualifi\u00e9es et chirurgiens experts.\u202f\",\"publisher\":{\"@id\":\"https:\/\/mclinicmorocco.com\/#organization\"},\"potentialAction\":[{\"@type\":\"SearchAction\",\"target\":{\"@type\":\"EntryPoint\",\"urlTemplate\":\"https:\/\/mclinicmorocco.com\/?s={search_term_string}\"},\"query-input\":{\"@type\":\"PropertyValueSpecification\",\"valueRequired\":true,\"valueName\":\"search_term_string\"}}],\"inLanguage\":\"ar\"},{\"@type\":\"Organization\",\"@id\":\"https:\/\/mclinicmorocco.com\/#organization\",\"name\":\"MClinic\",\"url\":\"https:\/\/mclinicmorocco.com\/\",\"logo\":{\"@type\":\"ImageObject\",\"inLanguage\":\"ar\",\"@id\":\"https:\/\/mclinicmorocco.com\/#\/schema\/logo\/image\/\",\"url\":\"https:\/\/mclinicmorocco.com\/wp-content\/uploads\/2024\/07\/logo-mclinic-white-v2.png\",\"contentUrl\":\"https:\/\/mclinicmorocco.com\/wp-content\/uploads\/2024\/07\/logo-mclinic-white-v2.png\",\"width\":769,\"height\":349,\"caption\":\"MClinic\"},\"image\":{\"@id\":\"https:\/\/mclinicmorocco.com\/#\/schema\/logo\/image\/\"},\"sameAs\":[\"https:\/\/web.facebook.com\/mclinic.morocco\/?_rdc=1&_rdr\",\"https:\/\/www.instagram.com\/m.clinic.official\/\"]}]}<\/script>\n<!-- \/ Yoast SEO plugin. -->","yoast_head_json":{"title":"LASER - M Clinic","robots":{"index":"index","follow":"follow","max-snippet":"max-snippet:-1","max-image-preview":"max-image-preview:large","max-video-preview":"max-video-preview:-1"},"canonical":"https:\/\/mclinicmorocco.com\/ar\/laser\/","og_locale":"ar_AR","og_type":"article","og_title":"LASER - M Clinic","og_description":"Laser \u00c9PILATOIRE DETATOUAGE CICATRICES TRAITEMENT DE RIDES \u00c9PILATOIRE En savoir plus DETATOUAGE En savoir plus CICATRICES En savoir plus TRAITEMENT DE RIDES En savoir plus","og_url":"https:\/\/mclinicmorocco.com\/ar\/laser\/","og_site_name":"M Clinic","article_publisher":"https:\/\/web.facebook.com\/mclinic.morocco\/?_rdc=1&_rdr","article_modified_time":"2024-11-11T15:32:16+00:00","og_image":[{"url":"https:\/\/mclinicmorocco.com\/wp-content\/uploads\/2024\/08\/Blanc-Noir-et-Rouge-Illustratif-Affiche-Festival-4.jpg","type":"","width":"","height":""}],"twitter_card":"summary_large_image","schema":{"@context":"https:\/\/schema.org","@graph":[{"@type":"WebPage","@id":"https:\/\/mclinicmorocco.com\/laser\/","url":"https:\/\/mclinicmorocco.com\/laser\/","name":"LASER - M Clinic","isPartOf":{"@id":"https:\/\/mclinicmorocco.com\/#website"},"primaryImageOfPage":{"@id":"https:\/\/mclinicmorocco.com\/laser\/#primaryimage"},"image":{"@id":"https:\/\/mclinicmorocco.com\/laser\/#primaryimage"},"thumbnailUrl":"https:\/\/mclinicmorocco.com\/wp-content\/uploads\/2024\/08\/Blanc-Noir-et-Rouge-Illustratif-Affiche-Festival-4.jpg","datePublished":"2024-07-15T10:31:52+00:00","dateModified":"2024-11-11T15:32:16+00:00","breadcrumb":{"@id":"https:\/\/mclinicmorocco.com\/laser\/#breadcrumb"},"inLanguage":"ar","potentialAction":[{"@type":"ReadAction","target":["https:\/\/mclinicmorocco.com\/laser\/"]}]},{"@type":"ImageObject","inLanguage":"ar","@id":"https:\/\/mclinicmorocco.com\/laser\/#primaryimage","url":"https:\/\/mclinicmorocco.com\/wp-content\/uploads\/2024\/08\/Blanc-Noir-et-Rouge-Illustratif-Affiche-Festival-4.jpg","contentUrl":"https:\/\/mclinicmorocco.com\/wp-content\/uploads\/2024\/08\/Blanc-Noir-et-Rouge-Illustratif-Affiche-Festival-4.jpg"},{"@type":"BreadcrumbList","@id":"https:\/\/mclinicmorocco.com\/laser\/#breadcrumb","itemListElement":[{"@type":"ListItem","position":1,"name":"Home","item":"https:\/\/mclinicmorocco.com\/"},{"@type":"ListItem","position":2,"name":"LASER"}]},{"@type":"WebSite","@id":"https:\/\/mclinicmorocco.com\/#website","url":"https:\/\/mclinicmorocco.com\/","name":"MClinic","description":"Clinique esth\u00e9tique avec esth\u00e9ticiennes qualifi\u00e9es et chirurgiens experts.\u202f","publisher":{"@id":"https:\/\/mclinicmorocco.com\/#organization"},"potentialAction":[{"@type":"SearchAction","target":{"@type":"EntryPoint","urlTemplate":"https:\/\/mclinicmorocco.com\/?s={search_term_string}"},"query-input":{"@type":"PropertyValueSpecification","valueRequired":true,"valueName":"search_term_string"}}],"inLanguage":"ar"},{"@type":"Organization","@id":"https:\/\/mclinicmorocco.com\/#organization","name":"MClinic","url":"https:\/\/mclinicmorocco.com\/","logo":{"@type":"ImageObject","inLanguage":"ar","@id":"https:\/\/mclinicmorocco.com\/#\/schema\/logo\/image\/","url":"https:\/\/mclinicmorocco.com\/wp-content\/uploads\/2024\/07\/logo-mclinic-white-v2.png","contentUrl":"https:\/\/mclinicmorocco.com\/wp-content\/uploads\/2024\/07\/logo-mclinic-white-v2.png","width":769,"height":349,"caption":"MClinic"},"image":{"@id":"https:\/\/mclinicmorocco.com\/#\/schema\/logo\/image\/"},"sameAs":["https:\/\/web.facebook.com\/mclinic.morocco\/?_rdc=1&_rdr","https:\/\/www.instagram.com\/m.clinic.official\/"]}]}},"_links":{"self":[{"href":"https:\/\/mclinicmorocco.com\/ar\/wp-json\/wp\/v2\/pages\/783","targetHints":{"allow":["GET"]}}],"collection":[{"href":"https:\/\/mclinicmorocco.com\/ar\/wp-json\/wp\/v2\/pages"}],"about":[{"href":"https:\/\/mclinicmorocco.com\/ar\/wp-json\/wp\/v2\/types\/page"}],"author":[{"embeddable":true,"href":"https:\/\/mclinicmorocco.com\/ar\/wp-json\/wp\/v2\/users\/1"}],"replies":[{"embeddable":true,"href":"https:\/\/mclinicmorocco.com\/ar\/wp-json\/wp\/v2\/comments?post=783"}],"version-history":[{"count":56,"href":"https:\/\/mclinicmorocco.com\/ar\/wp-json\/wp\/v2\/pages\/783\/revisions"}],"predecessor-version":[{"id":8109,"href":"https:\/\/mclinicmorocco.com\/ar\/wp-json\/wp\/v2\/pages\/783\/revisions\/8109"}],"wp:attachment":[{"href":"https:\/\/mclinicmorocco.com\/ar\/wp-json\/wp\/v2\/media?parent=783"}],"curies":[{"name":"wp","href":"https:\/\/api.w.org\/{rel}","templated":true}]}}