{"id":807,"date":"2024-07-15T10:38:56","date_gmt":"2024-07-15T10:38:56","guid":{"rendered":"https:\/\/mclinicmorocco.com\/?page_id=807"},"modified":"2024-07-18T10:08:43","modified_gmt":"2024-07-18T10:08:43","slug":"couronnes-dentaires","status":"publish","type":"page","link":"https:\/\/mclinicmorocco.com\/ar\/couronnes-dentaires\/","title":{"rendered":"COURONNES DENTAIRES"},"content":{"rendered":"<div data-elementor-type=\"wp-page\" data-elementor-id=\"807\" class=\"elementor elementor-807\" data-elementor-post-type=\"page\">\n\t\t\t\t<div class=\"has_eae_slider elementor-element elementor-element-1276677 e-flex e-con-boxed e-con e-parent\" data-eae-slider=\"46021\" data-id=\"1276677\" data-element_type=\"container\" data-e-type=\"container\" data-settings=\"{&quot;background_background&quot;:&quot;classic&quot;}\">\n\t\t\t\t\t<div class=\"e-con-inner\">\n\t\t\t\t<div class=\"elementor-element elementor-element-f7ce48e elementor-widget elementor-widget-heading\" data-id=\"f7ce48e\" data-element_type=\"widget\" data-e-type=\"widget\" data-widget_type=\"heading.default\">\n\t\t\t\t<div class=\"elementor-widget-container\">\n\t\t\t\t\t<h2 class=\"elementor-heading-title elementor-size-default\">Couronnes dentaires<\/h2>\t\t\t\t<\/div>\n\t\t\t\t<\/div>\n\t\t\t\t\t<\/div>\n\t\t\t\t<\/div>\n\t\t<div class=\"has_eae_slider elementor-element elementor-element-5ec37cf e-flex e-con-boxed e-con e-parent\" data-eae-slider=\"46117\" data-id=\"5ec37cf\" data-element_type=\"container\" data-e-type=\"container\">\n\t\t\t\t\t<div class=\"e-con-inner\">\n\t\t<div class=\"has_eae_slider elementor-element elementor-element-6cc9a55 e-con-full e-flex e-con e-child\" data-eae-slider=\"22586\" data-id=\"6cc9a55\" data-element_type=\"container\" data-e-type=\"container\">\n\t\t\t\t<div class=\"elementor-element elementor-element-25b2ba2 elementor-widget elementor-widget-heading\" data-id=\"25b2ba2\" data-element_type=\"widget\" data-e-type=\"widget\" data-widget_type=\"heading.default\">\n\t\t\t\t<div class=\"elementor-widget-container\">\n\t\t\t\t\t<h2 class=\"elementor-heading-title elementor-size-default\">Qu\u2019est-ce que les Couronnes dentaires ?<\/h2>\t\t\t\t<\/div>\n\t\t\t\t<\/div>\n\t\t\t\t<\/div>\n\t\t<div class=\"has_eae_slider elementor-element elementor-element-6523ca5 e-con-full e-flex e-con e-child\" data-eae-slider=\"75799\" data-id=\"6523ca5\" data-element_type=\"container\" data-e-type=\"container\">\n\t\t\t\t<div class=\"elementor-element elementor-element-b0396be elementor-widget elementor-widget-text-editor\" data-id=\"b0396be\" data-element_type=\"widget\" data-e-type=\"widget\" data-widget_type=\"text-editor.default\">\n\t\t\t\t<div class=\"elementor-widget-container\">\n\t\t\t\t\t\t\t\t\t<p><span class=\"fontstyle0\">Les couronnes dentaires sont <\/span><span class=\"fontstyle2\">une sorte de coiffe <\/span><span class=\"fontstyle0\">que le dentiste place sur une dent <\/span><span class=\"fontstyle0\">pour <\/span><span class=\"fontstyle2\">r\u00e9parer la partie visible de la dent<\/span><span class=\"fontstyle0\">. Cette couronne, qui recouvre alors la dent ab\u00eem\u00e9e, lui redonne <\/span><span class=\"fontstyle2\">sa forme naturelle, sa taille et sa fonction<\/span><span class=\"fontstyle0\">. Elle permet en effet de <\/span><span class=\"fontstyle2\">modifier non seulement la teinte<\/span><span class=\"fontstyle0\">, mais aussi <\/span><span class=\"fontstyle2\">la forme <\/span><span class=\"fontstyle0\">et la <\/span><span class=\"fontstyle2\">position de la dent<\/span><span class=\"fontstyle0\">.<\/span><\/p>\t\t\t\t\t\t\t\t<\/div>\n\t\t\t\t<\/div>\n\t\t\t\t<\/div>\n\t\t\t\t\t<\/div>\n\t\t\t\t<\/div>\n\t\t<div class=\"has_eae_slider elementor-element elementor-element-d353597 e-flex e-con-boxed e-con e-parent\" data-eae-slider=\"16590\" data-id=\"d353597\" data-element_type=\"container\" data-e-type=\"container\">\n\t\t\t\t\t<div class=\"e-con-inner\">\n\t\t<div class=\"has_eae_slider elementor-element elementor-element-abe2334 e-con-full e-flex e-con e-child\" data-eae-slider=\"41975\" data-id=\"abe2334\" data-element_type=\"container\" data-e-type=\"container\">\n\t\t\t\t<div class=\"elementor-element elementor-element-59f3684 elementor-widget elementor-widget-heading\" data-id=\"59f3684\" data-element_type=\"widget\" data-e-type=\"widget\" data-widget_type=\"heading.default\">\n\t\t\t\t<div class=\"elementor-widget-container\">\n\t\t\t\t\t<h2 class=\"elementor-heading-title elementor-size-default\">R\u00e9alisation de l\u2019intervention :<\/h2>\t\t\t\t<\/div>\n\t\t\t\t<\/div>\n\t\t\t\t<\/div>\n\t\t<div class=\"has_eae_slider elementor-element elementor-element-021e73e e-con-full e-flex e-con e-child\" data-eae-slider=\"318\" data-id=\"021e73e\" data-element_type=\"container\" data-e-type=\"container\">\n\t\t\t\t<div class=\"elementor-element elementor-element-22a242f elementor-widget elementor-widget-text-editor\" data-id=\"22a242f\" data-element_type=\"widget\" data-e-type=\"widget\" data-widget_type=\"text-editor.default\">\n\t\t\t\t<div class=\"elementor-widget-container\">\n\t\t\t\t\t\t\t\t\t<p><span class=\"fontstyle0\">Gr\u00e2ce \u00e0 la radiographie, le dentiste pourra d&rsquo;abord d\u00e9terminer si la dent doit \u00eatre <\/span><span class=\"fontstyle0\">d\u00e9vitalis\u00e9e. Ensuite, il la pr\u00e9pare en la sculptant pour faciliter le port de la couronne. Si la dent est tr\u00e8s d\u00e9labr\u00e9e ou d\u00e9vitalis\u00e9e, il devra reconstituer la partie manquante en r\u00e9alisant un inlay-core (proth\u00e8se destin\u00e9e \u00e0 remplacer la couronne naturelle dans son entier.)<\/span><\/p><p><span class=\"fontstyle0\">Puis, une empreinte est r\u00e9alis\u00e9e pour reproduire un mod\u00e8le exact de la dent sur lequel construire la couronne. Le temps que la couronne d\u00e9finitive soit r\u00e9alis\u00e9e, il vous posera une couronne provisoire, pendant environ deux ou trois semaines. Pendant cette p\u00e9riode, il vaut mieux \u00e9viter de manger des aliments collants.<\/span><\/p><p><span class=\"fontstyle0\">Lorsque la couronne d\u00e9finitive est pr\u00eate (r\u00e9alis\u00e9e par un proth\u00e9siste dentaire), le dentiste fait un essayage en bouche.<\/span> <\/p>\t\t\t\t\t\t\t\t<\/div>\n\t\t\t\t<\/div>\n\t\t\t\t<\/div>\n\t\t\t\t\t<\/div>\n\t\t\t\t<\/div>\n\t\t\t\t<\/div>","protected":false},"excerpt":{"rendered":"<p>Couronnes dentaires Qu\u2019est-ce que les Couronnes dentaires ? Les couronnes dentaires sont une sorte de coiffe que le dentiste place sur une dent pour r\u00e9parer la partie visible de la dent. Cette couronne, qui recouvre alors la dent ab\u00eem\u00e9e, lui redonne sa forme naturelle, sa taille et sa fonction. Elle permet en effet de modifier [&hellip;]<\/p>\n","protected":false},"author":1,"featured_media":0,"parent":0,"menu_order":0,"comment_status":"closed","ping_status":"closed","template":"","meta":{"footnotes":""},"class_list":["post-807","page","type-page","status-publish","hentry"],"yoast_head":"<!-- This site is optimized with the Yoast SEO plugin v27.2 - https:\/\/yoast.com\/product\/yoast-seo-wordpress\/ -->\n<title>COURONNES DENTAIRES - M Clinic<\/title>\n<meta name=\"robots\" content=\"index, follow, max-snippet:-1, max-image-preview:large, max-video-preview:-1\" \/>\n<link rel=\"canonical\" href=\"https:\/\/mclinicmorocco.com\/ar\/couronnes-dentaires\/\" \/>\n<meta property=\"og:locale\" content=\"ar_AR\" \/>\n<meta property=\"og:type\" content=\"article\" \/>\n<meta property=\"og:title\" content=\"COURONNES DENTAIRES - M Clinic\" \/>\n<meta property=\"og:description\" content=\"Couronnes dentaires Qu\u2019est-ce que les Couronnes dentaires ? Les couronnes dentaires sont une sorte de coiffe que le dentiste place sur une dent pour r\u00e9parer la partie visible de la dent. Cette couronne, qui recouvre alors la dent ab\u00eem\u00e9e, lui redonne sa forme naturelle, sa taille et sa fonction. Elle permet en effet de modifier [&hellip;]\" \/>\n<meta property=\"og:url\" content=\"https:\/\/mclinicmorocco.com\/ar\/couronnes-dentaires\/\" \/>\n<meta property=\"og:site_name\" content=\"M Clinic\" \/>\n<meta property=\"article:publisher\" content=\"https:\/\/web.facebook.com\/mclinic.morocco\/?_rdc=1&amp;_rdr\" \/>\n<meta property=\"article:modified_time\" content=\"2024-07-18T10:08:43+00:00\" \/>\n<meta name=\"twitter:card\" content=\"summary_large_image\" \/>\n<meta name=\"twitter:label1\" content=\"\u0648\u0642\u062a \u0627\u0644\u0642\u0631\u0627\u0621\u0629 \u0627\u0644\u0645\u064f\u0642\u062f\u0651\u0631\" \/>\n\t<meta name=\"twitter:data1\" content=\"\u062f\u0642\u064a\u0642\u0629 \u0648\u0627\u062d\u062f\u0629\" \/>\n<script type=\"application\/ld+json\" class=\"yoast-schema-graph\">{\"@context\":\"https:\/\/schema.org\",\"@graph\":[{\"@type\":\"WebPage\",\"@id\":\"https:\/\/mclinicmorocco.com\/couronnes-dentaires\/\",\"url\":\"https:\/\/mclinicmorocco.com\/couronnes-dentaires\/\",\"name\":\"COURONNES DENTAIRES - M Clinic\",\"isPartOf\":{\"@id\":\"https:\/\/mclinicmorocco.com\/#website\"},\"datePublished\":\"2024-07-15T10:38:56+00:00\",\"dateModified\":\"2024-07-18T10:08:43+00:00\",\"breadcrumb\":{\"@id\":\"https:\/\/mclinicmorocco.com\/couronnes-dentaires\/#breadcrumb\"},\"inLanguage\":\"ar\",\"potentialAction\":[{\"@type\":\"ReadAction\",\"target\":[\"https:\/\/mclinicmorocco.com\/couronnes-dentaires\/\"]}]},{\"@type\":\"BreadcrumbList\",\"@id\":\"https:\/\/mclinicmorocco.com\/couronnes-dentaires\/#breadcrumb\",\"itemListElement\":[{\"@type\":\"ListItem\",\"position\":1,\"name\":\"Home\",\"item\":\"https:\/\/mclinicmorocco.com\/\"},{\"@type\":\"ListItem\",\"position\":2,\"name\":\"COURONNES DENTAIRES\"}]},{\"@type\":\"WebSite\",\"@id\":\"https:\/\/mclinicmorocco.com\/#website\",\"url\":\"https:\/\/mclinicmorocco.com\/\",\"name\":\"MClinic\",\"description\":\"Clinique esth\u00e9tique avec esth\u00e9ticiennes qualifi\u00e9es et chirurgiens experts.\u202f\",\"publisher\":{\"@id\":\"https:\/\/mclinicmorocco.com\/#organization\"},\"potentialAction\":[{\"@type\":\"SearchAction\",\"target\":{\"@type\":\"EntryPoint\",\"urlTemplate\":\"https:\/\/mclinicmorocco.com\/?s={search_term_string}\"},\"query-input\":{\"@type\":\"PropertyValueSpecification\",\"valueRequired\":true,\"valueName\":\"search_term_string\"}}],\"inLanguage\":\"ar\"},{\"@type\":\"Organization\",\"@id\":\"https:\/\/mclinicmorocco.com\/#organization\",\"name\":\"MClinic\",\"url\":\"https:\/\/mclinicmorocco.com\/\",\"logo\":{\"@type\":\"ImageObject\",\"inLanguage\":\"ar\",\"@id\":\"https:\/\/mclinicmorocco.com\/#\/schema\/logo\/image\/\",\"url\":\"https:\/\/mclinicmorocco.com\/wp-content\/uploads\/2024\/07\/logo-mclinic-white-v2.png\",\"contentUrl\":\"https:\/\/mclinicmorocco.com\/wp-content\/uploads\/2024\/07\/logo-mclinic-white-v2.png\",\"width\":769,\"height\":349,\"caption\":\"MClinic\"},\"image\":{\"@id\":\"https:\/\/mclinicmorocco.com\/#\/schema\/logo\/image\/\"},\"sameAs\":[\"https:\/\/web.facebook.com\/mclinic.morocco\/?_rdc=1&_rdr\",\"https:\/\/www.instagram.com\/m.clinic.official\/\"]}]}<\/script>\n<!-- \/ Yoast SEO plugin. -->","yoast_head_json":{"title":"COURONNES DENTAIRES - M Clinic","robots":{"index":"index","follow":"follow","max-snippet":"max-snippet:-1","max-image-preview":"max-image-preview:large","max-video-preview":"max-video-preview:-1"},"canonical":"https:\/\/mclinicmorocco.com\/ar\/couronnes-dentaires\/","og_locale":"ar_AR","og_type":"article","og_title":"COURONNES DENTAIRES - M Clinic","og_description":"Couronnes dentaires Qu\u2019est-ce que les Couronnes dentaires ? Les couronnes dentaires sont une sorte de coiffe que le dentiste place sur une dent pour r\u00e9parer la partie visible de la dent. Cette couronne, qui recouvre alors la dent ab\u00eem\u00e9e, lui redonne sa forme naturelle, sa taille et sa fonction. Elle permet en effet de modifier [&hellip;]","og_url":"https:\/\/mclinicmorocco.com\/ar\/couronnes-dentaires\/","og_site_name":"M Clinic","article_publisher":"https:\/\/web.facebook.com\/mclinic.morocco\/?_rdc=1&_rdr","article_modified_time":"2024-07-18T10:08:43+00:00","twitter_card":"summary_large_image","twitter_misc":{"\u0648\u0642\u062a \u0627\u0644\u0642\u0631\u0627\u0621\u0629 \u0627\u0644\u0645\u064f\u0642\u062f\u0651\u0631":"\u062f\u0642\u064a\u0642\u0629 \u0648\u0627\u062d\u062f\u0629"},"schema":{"@context":"https:\/\/schema.org","@graph":[{"@type":"WebPage","@id":"https:\/\/mclinicmorocco.com\/couronnes-dentaires\/","url":"https:\/\/mclinicmorocco.com\/couronnes-dentaires\/","name":"COURONNES DENTAIRES - M Clinic","isPartOf":{"@id":"https:\/\/mclinicmorocco.com\/#website"},"datePublished":"2024-07-15T10:38:56+00:00","dateModified":"2024-07-18T10:08:43+00:00","breadcrumb":{"@id":"https:\/\/mclinicmorocco.com\/couronnes-dentaires\/#breadcrumb"},"inLanguage":"ar","potentialAction":[{"@type":"ReadAction","target":["https:\/\/mclinicmorocco.com\/couronnes-dentaires\/"]}]},{"@type":"BreadcrumbList","@id":"https:\/\/mclinicmorocco.com\/couronnes-dentaires\/#breadcrumb","itemListElement":[{"@type":"ListItem","position":1,"name":"Home","item":"https:\/\/mclinicmorocco.com\/"},{"@type":"ListItem","position":2,"name":"COURONNES DENTAIRES"}]},{"@type":"WebSite","@id":"https:\/\/mclinicmorocco.com\/#website","url":"https:\/\/mclinicmorocco.com\/","name":"MClinic","description":"Clinique esth\u00e9tique avec esth\u00e9ticiennes qualifi\u00e9es et chirurgiens experts.\u202f","publisher":{"@id":"https:\/\/mclinicmorocco.com\/#organization"},"potentialAction":[{"@type":"SearchAction","target":{"@type":"EntryPoint","urlTemplate":"https:\/\/mclinicmorocco.com\/?s={search_term_string}"},"query-input":{"@type":"PropertyValueSpecification","valueRequired":true,"valueName":"search_term_string"}}],"inLanguage":"ar"},{"@type":"Organization","@id":"https:\/\/mclinicmorocco.com\/#organization","name":"MClinic","url":"https:\/\/mclinicmorocco.com\/","logo":{"@type":"ImageObject","inLanguage":"ar","@id":"https:\/\/mclinicmorocco.com\/#\/schema\/logo\/image\/","url":"https:\/\/mclinicmorocco.com\/wp-content\/uploads\/2024\/07\/logo-mclinic-white-v2.png","contentUrl":"https:\/\/mclinicmorocco.com\/wp-content\/uploads\/2024\/07\/logo-mclinic-white-v2.png","width":769,"height":349,"caption":"MClinic"},"image":{"@id":"https:\/\/mclinicmorocco.com\/#\/schema\/logo\/image\/"},"sameAs":["https:\/\/web.facebook.com\/mclinic.morocco\/?_rdc=1&_rdr","https:\/\/www.instagram.com\/m.clinic.official\/"]}]}},"_links":{"self":[{"href":"https:\/\/mclinicmorocco.com\/ar\/wp-json\/wp\/v2\/pages\/807","targetHints":{"allow":["GET"]}}],"collection":[{"href":"https:\/\/mclinicmorocco.com\/ar\/wp-json\/wp\/v2\/pages"}],"about":[{"href":"https:\/\/mclinicmorocco.com\/ar\/wp-json\/wp\/v2\/types\/page"}],"author":[{"embeddable":true,"href":"https:\/\/mclinicmorocco.com\/ar\/wp-json\/wp\/v2\/users\/1"}],"replies":[{"embeddable":true,"href":"https:\/\/mclinicmorocco.com\/ar\/wp-json\/wp\/v2\/comments?post=807"}],"version-history":[{"count":7,"href":"https:\/\/mclinicmorocco.com\/ar\/wp-json\/wp\/v2\/pages\/807\/revisions"}],"predecessor-version":[{"id":1151,"href":"https:\/\/mclinicmorocco.com\/ar\/wp-json\/wp\/v2\/pages\/807\/revisions\/1151"}],"wp:attachment":[{"href":"https:\/\/mclinicmorocco.com\/ar\/wp-json\/wp\/v2\/media?parent=807"}],"curies":[{"name":"wp","href":"https:\/\/api.w.org\/{rel}","templated":true}]}}