{"id":1119,"date":"2026-01-01T22:53:29","date_gmt":"2026-01-01T22:53:29","guid":{"rendered":"https:\/\/mclinicmorocco.com\/?page_id=1119"},"modified":"2026-01-23T14:07:49","modified_gmt":"2026-01-23T14:07:49","slug":"contactez-nous","status":"publish","type":"page","link":"https:\/\/mclinicmorocco.com\/en\/contactez-nous\/","title":{"rendered":"Contact us"},"content":{"rendered":"\t\t<div data-elementor-type=\"wp-page\" data-elementor-id=\"1119\" class=\"elementor elementor-1119\" data-elementor-post-type=\"page\">\n\t\t\t\t<div class=\"has_eae_slider elementor-element elementor-element-767699b e-con-full e-flex e-con e-parent\" data-eae-slider=\"35944\" data-id=\"767699b\" data-element_type=\"container\" data-e-type=\"container\">\n\t\t\t\t<div class=\"elementor-element elementor-element-9408468 elementor-widget elementor-widget-html\" data-id=\"9408468\" data-element_type=\"widget\" data-e-type=\"widget\" data-widget_type=\"html.default\">\n\t\t\t\t<div class=\"elementor-widget-container\">\n\t\t\t\t\t<!DOCTYPE html>\r\n<html lang=\"fr\">\r\n<head>\r\n    <meta charset=\"UTF-8\">\r\n    <meta name=\"viewport\" content=\"width=device-width, initial-scale=1.0\">\r\n    <title>M Clinic Contact<\/title>\r\n    <!-- Fonts & Tailwind -->\r\n    <link href=\"https:\/\/fonts.googleapis.com\/css2?family=Montserrat:wght@300;400;500;600;700&family=Playfair+Display:ital,wght@0,400;0,600;1,400&display=swap\" rel=\"stylesheet\">\r\n    <script src=\"https:\/\/cdn.tailwindcss.com\"><\/script>\r\n    <script>\r\n        tailwind.config = {\r\n            important: true, \r\n            theme: {\r\n                extend: {\r\n                    fontFamily: {\r\n                        serif: ['\"Playfair Display\"', 'serif'],\r\n                        sans: ['\"Montserrat\"', 'sans-serif'],\r\n                    },\r\n                    colors: {\r\n                        gold: '#D4AF37',\r\n                        dark: '#111111',\r\n                    }\r\n                }\r\n            }\r\n        }\r\n    <\/script>\r\n    \r\n    <!-- IMPORTANT: COPY THIS CSS TO WORDPRESS CUSTOMIZER OR ELEMENTOR CUSTOM CSS -->\r\n    <style>\r\n        \/* --- LUXURY FORM OVERRIDES FOR ELEMENTOR --- *\/\r\n        \r\n        .elementor-luxury-override .elementor-field-group {\r\n            margin-bottom: 3.5rem !important; \/* SIGNIFICANTLY INCREASED SPACING *\/\r\n        }\r\n\r\n        \/* 1. INPUTS & SELECTS (The Underline Look) *\/\r\n        .elementor-luxury-override .elementor-field-textual {\r\n            background-color: transparent !important;\r\n            border-width: 0 0 1px 0 !important; \/* Bottom border only *\/\r\n            border-color: #E5E7EB !important;   \/* Light Gray *\/\r\n            border-radius: 0 !important;\r\n            color: #111111 !important;\r\n            font-family: 'Montserrat', sans-serif !important;\r\n            font-weight: 500 !important;\r\n            font-size: 16px !important; \/* Slightly larger text *\/\r\n            padding: 18px 0 !important; \/* Increased padding inside input *\/\r\n            box-shadow: none !important;\r\n            transition: border-color 0.3s ease !important;\r\n        }\r\n\r\n        \/* Focus State (Gold Line) *\/\r\n        .elementor-luxury-override .elementor-field-textual:focus {\r\n            border-color: #D4AF37 !important;\r\n        }\r\n\r\n        \/* 2. LABELS (Clean & Light) *\/\r\n        .elementor-luxury-override .elementor-field-label {\r\n            color: #9CA3AF !important; \/* Gray-400 *\/\r\n            font-family: 'Montserrat', sans-serif !important;\r\n            font-weight: 300 !important;\r\n            font-size: 14px !important;\r\n            text-transform: uppercase !important;\r\n            letter-spacing: 0.1em !important;\r\n            margin-bottom: 12px !important; \/* More space between label and input *\/\r\n        }\r\n\r\n        \/* 3. SUBMIT BUTTON (Luxury Black & Gold) *\/\r\n        .elementor-luxury-override .elementor-button {\r\n            width: 100% !important;\r\n            background-color: #111111 !important;\r\n            color: #FFFFFF !important;\r\n            font-family: 'Montserrat', sans-serif !important;\r\n            font-weight: 700 !important;\r\n            font-size: 12px !important; \/* Slightly smaller to fit text *\/\r\n            text-transform: uppercase !important;\r\n            letter-spacing: 0.1em !important; \/* Reduced spacing to prevent wrap *\/\r\n            padding: 24px 30px !important; \/* Generous padding *\/\r\n            border-radius: 0 !important; \/* Sharp corners *\/\r\n            border: none !important;\r\n            transition: all 0.4s ease !important;\r\n            box-shadow: 0 10px 30px -10px rgba(0,0,0,0.3) !important;\r\n            white-space: nowrap !important; \/* FORCE SINGLE LINE - CRITICAL *\/\r\n            margin-top: 1rem !important; \/* Extra space above button *\/\r\n        }\r\n\r\n        \/* Button Hover *\/\r\n        .elementor-luxury-override .elementor-button:hover {\r\n            background-color: #D4AF37 !important; \/* Gold *\/\r\n            color: #111111 !important; \/* Black Text *\/\r\n            transform: translateY(-2px) !important;\r\n        }\r\n    <\/style>\r\n<\/head>\r\n<body>\r\n\r\n<!-- CONTACT \/ APPOINTMENT SECTION -->\r\n<section class=\"py-20 lg:py-28 bg-[#FAFAFA]\" id=\"rdv-1\">\r\n    <div class=\"max-w-7xl mx-auto px-5 sm:px-6 lg:px-8\">\r\n        \r\n        <div class=\"flex flex-col lg:flex-row shadow-2xl rounded-sm overflow-hidden bg-white\">\r\n            \r\n            <!-- LEFT: Reassurance & Context (Visual) -->\r\n            <div class=\"w-full lg:w-5\/12 bg-[#111111] text-white p-10 lg:p-16 flex flex-col justify-center relative overflow-hidden\">\r\n                <!-- Decorative Circle -->\r\n                <div class=\"absolute -top-24 -left-24 w-64 h-64 border border-[#D4AF37]\/20 rounded-full\"><\/div>\r\n                <div class=\"absolute bottom-10 right-10 w-32 h-32 bg-[#D4AF37]\/10 rounded-full blur-3xl\"><\/div>\r\n\r\n                <h3 class=\"text-3xl lg:text-4xl font-serif mb-6 relative z-10\">\r\n                    Commencez votre <br> \r\n                    <span class=\"text-[#D4AF37] italic\">Transformation<\/span>.\r\n                <\/h3>\r\n                \r\n                <p class=\"text-gray-400 font-light text-sm leading-relaxed mb-8 relative z-10\">\r\n                    Laissez-nous vos coordonn\u00e9es. Nos conseillers cliniques vous rappelleront en toute confidentialit\u00e9 pour r\u00e9pondre \u00e0 vos questions et organiser votre consultation.\r\n                <\/p>\r\n\r\n                <!-- Mini Contact Info -->\r\n                <div class=\"space-y-4 relative z-10 mt-auto\">\r\n                    <div class=\"flex items-center space-x-4\">\r\n                        <div class=\"w-10 h-10 rounded-full border border-[#D4AF37]\/30 flex items-center justify-center text-[#D4AF37]\">\r\n                            <svg class=\"w-4 h-4\" fill=\"none\" stroke=\"currentColor\" viewBox=\"0 0 24 24\"><path stroke-linecap=\"round\" stroke-linejoin=\"round\" stroke-width=\"1.5\" d=\"M3 5a2 2 0 012-2h3.28a1 1 0 01.948.684l1.498 4.493a1 1 0 01-.502 1.21l-2.257 1.13a11.042 11.042 0 005.516 5.516l1.13-2.257a1 1 0 011.21-.502l4.493 1.498a1 1 0 01.684.949V19a2 2 0 01-2 2h-1C9.716 21 3 14.284 3 6V5z\"><\/path><\/svg>\r\n                        <\/div>\r\n                        <div>\r\n                            <span class=\"block text-xs uppercase tracking-wider text-gray-500\">Urgence \/ WhatsApp<\/span>\r\n                            <a href=\"https:\/\/wa.me\/212728844862\" target=\"_blank\" class=\"text-white text-sm font-medium hover:text-[#D4AF37] transition-colors\">+212 728-844862<\/a>\r\n                        <\/div>\r\n                    <\/div>\r\n                <\/div>\r\n            <\/div>\r\n\r\n            <!-- RIGHT: The Elementor Form -->\r\n            <div class=\"w-full lg:w-7\/12 p-10 lg:p-16 bg-white flex flex-col justify-center\">\r\n                \r\n                <!-- New Title Above Form -->\r\n                <div class=\"mb-12 text-center lg:text-left\"> <!-- Increased margin bottom -->\r\n                    <span class=\"text-[#D4AF37] font-bold text-xs uppercase tracking-[0.2em] mb-3 block\">Contact & Information<\/span>\r\n                    <h2 class=\"text-3xl lg:text-4xl font-serif text-[#111111]\">Prendre Rendez-vous<\/h2>\r\n                <\/div>\r\n\r\n                <!-- Wrapper Class for Luxury Styling -->\r\n                <div class=\"elementor-luxury-override w-full\">\r\n                    \t\t<div data-elementor-type=\"container\" data-elementor-id=\"9774\" class=\"elementor elementor-9774\" data-elementor-post-type=\"elementor_library\">\n\t\t\t\t<div class=\"has_eae_slider elementor-element elementor-element-484cbd2 e-con-full e-flex e-con e-parent\" data-eae-slider=\"10576\" data-id=\"484cbd2\" data-element_type=\"container\" data-e-type=\"container\">\n\t\t\t\t<div class=\"elementor-element elementor-element-35a18e2 elementor-button-align-stretch elementor-widget elementor-widget-form\" data-id=\"35a18e2\" data-element_type=\"widget\" data-e-type=\"widget\" data-settings=\"{&quot;step_next_label&quot;:&quot;Next&quot;,&quot;step_previous_label&quot;:&quot;Previous&quot;,&quot;button_width&quot;:&quot;100&quot;,&quot;step_type&quot;:&quot;number_text&quot;,&quot;step_icon_shape&quot;:&quot;circle&quot;}\" data-widget_type=\"form.default\">\n\t\t\t\t<div class=\"elementor-widget-container\">\n\t\t\t\t\t\t\t<form class=\"elementor-form\" method=\"post\" name=\"New Form\" aria-label=\"New Form\">\n\t\t\t<input type=\"hidden\" name=\"post_id\" value=\"9774\"\/>\n\t\t\t<input type=\"hidden\" name=\"form_id\" value=\"35a18e2\"\/>\n\t\t\t<input type=\"hidden\" name=\"referer_title\" value=\"Clinique Esth\u00e9tique Marrakech | Chirurgie &amp; M\u00e9decine | M Clinic\" \/>\n\n\t\t\t\t\t\t\t<input type=\"hidden\" name=\"queried_id\" value=\"58\"\/>\n\t\t\t\n\t\t\t<div class=\"elementor-form-fields-wrapper elementor-labels-above\">\n\t\t\t\t\t\t\t\t<div class=\"elementor-field-type-text elementor-field-group elementor-column elementor-field-group-name elementor-col-50 elementor-field-required\">\n\t\t\t\t\t\t\t\t\t\t\t\t\t<input size=\"1\" type=\"text\" name=\"form_fields[name]\" id=\"form-field-name\" class=\"elementor-field elementor-size-md  elementor-field-textual\" placeholder=\"Nom Complet\" required=\"required\">\n\t\t\t\t\t\t\t\t\t\t\t<\/div>\n\t\t\t\t\t\t\t\t<div class=\"elementor-field-type-tel elementor-field-group elementor-column elementor-field-group-field_e482317 elementor-col-50 elementor-field-required\">\n\t\t\t\t\t\t\t<input size=\"1\" type=\"tel\" name=\"form_fields[field_e482317]\" id=\"form-field-field_e482317\" class=\"elementor-field elementor-size-md  elementor-field-textual\" placeholder=\"Num\u00e9ro de T\u00e9l\u00e9phone (WhatsApp)\" required=\"required\" pattern=\"[0-9()#&amp;+*-=.]+\" title=\"Only numbers and phone characters (#, -, *, etc) are accepted.\">\n\n\t\t\t\t\t\t<\/div>\n\t\t\t\t\t\t\t\t<div class=\"elementor-field-type-select elementor-field-group elementor-column elementor-field-group-field_81e7b8c elementor-col-100 elementor-field-required\">\n\t\t\t\t\t\t\t\t\t\t\t\t<label for=\"form-field-field_81e7b8c\" class=\"elementor-field-label\">\n\t\t\t\t\t\t\t\tJe suis int\u00e9ress\u00e9(e) par\t\t\t\t\t\t\t<\/label>\n\t\t\t\t\t\t\t\t<div class=\"elementor-field elementor-select-wrapper remove-before \">\n\t\t\t<div class=\"select-caret-down-wrapper\">\n\t\t\t\t<svg aria-hidden=\"true\" class=\"e-font-icon-svg e-eicon-caret-down\" viewBox=\"0 0 571.4 571.4\" xmlns=\"http:\/\/www.w3.org\/2000\/svg\"><path d=\"M571 393Q571 407 561 418L311 668Q300 679 286 679T261 668L11 418Q0 407 0 393T11 368 36 357H536Q550 357 561 368T571 393Z\"><\/path><\/svg>\t\t\t<\/div>\n\t\t\t<select name=\"form_fields[field_81e7b8c]\" id=\"form-field-field_81e7b8c\" class=\"elementor-field-textual elementor-size-md\" required=\"required\">\n\t\t\t\t\t\t\t\t\t<option value=\"S\u00e9lectionnez un domaine\">S\u00e9lectionnez un domaine<\/option>\n\t\t\t\t\t\t\t\t\t<option value=\"Chirurgie Esth\u00e9tique\">Chirurgie Esth\u00e9tique<\/option>\n\t\t\t\t\t\t\t\t\t<option value=\"M\u00e9decine Esth\u00e9tique (Botox\/Fillers)\">M\u00e9decine Esth\u00e9tique (Botox\/Fillers)<\/option>\n\t\t\t\t\t\t\t\t\t<option value=\"Greffe de Cheveux\">Greffe de Cheveux<\/option>\n\t\t\t\t\t\t\t\t\t<option value=\"Kin\u00e9sith\u00e9rapie &amp; Amincissement\">Kin\u00e9sith\u00e9rapie &amp; Amincissement<\/option>\n\t\t\t\t\t\t\t\t\t<option value=\"Laser &amp; Peau\">Laser &amp; Peau<\/option>\n\t\t\t\t\t\t\t<\/select>\n\t\t<\/div>\n\t\t\t\t\t\t<\/div>\n\t\t\t\t\t\t\t\t<div class=\"elementor-field-type-textarea elementor-field-group elementor-column elementor-field-group-message elementor-col-100\">\n\t\t\t\t\t<textarea class=\"elementor-field-textual elementor-field  elementor-size-md\" name=\"form_fields[message]\" id=\"form-field-message\" rows=\"4\" placeholder=\"Message (Optionnel)\"><\/textarea>\t\t\t\t<\/div>\n\t\t\t\t\t\t\t\t<div class=\"elementor-field-group elementor-column elementor-field-type-submit elementor-col-100 e-form__buttons\">\n\t\t\t\t\t<button class=\"elementor-button elementor-size-md\" type=\"submit\">\n\t\t\t\t\t\t<span class=\"elementor-button-content-wrapper\">\n\t\t\t\t\t\t\t\t\t\t\t\t\t\t\t<span class=\"elementor-button-icon\">\n\t\t\t\t\t\t\t\t\t<svg aria-hidden=\"true\" class=\"e-font-icon-svg e-fas-long-arrow-alt-right\" viewBox=\"0 0 448 512\" xmlns=\"http:\/\/www.w3.org\/2000\/svg\"><path d=\"M313.941 216H12c-6.627 0-12 5.373-12 12v56c0 6.627 5.373 12 12 12h301.941v46.059c0 21.382 25.851 32.09 40.971 16.971l86.059-86.059c9.373-9.373 9.373-24.569 0-33.941l-86.059-86.059c-15.119-15.119-40.971-4.411-40.971 16.971V216z\"><\/path><\/svg>\t\t\t\t\t\t\t\t\t\t\t\t\t\t\t\t\t<\/span>\n\t\t\t\t\t\t\t\t\t\t\t\t\t\t\t\t\t\t\t\t\t\t<span class=\"elementor-button-text\">\u00catre rappel\u00e9 gratuitement<\/span>\n\t\t\t\t\t\t\t\t\t\t\t\t\t<\/span>\n\t\t\t\t\t<\/button>\n\t\t\t\t<\/div>\n\t\t\t<\/div>\n\t\t<\/form>\n\t\t\t\t\t\t<\/div>\n\t\t\t\t<\/div>\n\t\t\t\t<\/div>\n\t\t\t\t<\/div>\n\t\t\r\n                <\/div>\r\n                \r\n                <p class=\"text-center text-[10px] text-gray-400 mt-10\"> <!-- Increased margin top -->\r\n                    Vos informations sont confidentielles et s\u00e9curis\u00e9es.\r\n                <\/p>\r\n            <\/div>\r\n\r\n        <\/div>\r\n    <\/div>\r\n<\/section>\r\n\r\n<\/body>\r\n<\/html>\t\t\t\t<\/div>\n\t\t\t\t<\/div>\n\t\t\t\t<\/div>\n\t\t\t\t<\/div>\n\t\t","protected":false},"excerpt":{"rendered":"<p>M Clinic Contact Commencez votre Transformation. Laissez-nous vos coordonn\u00e9es. Nos conseillers cliniques vous rappelleront en toute confidentialit\u00e9 pour r\u00e9pondre \u00e0 vos questions et organiser votre consultation. Urgence \/ WhatsApp +212 728-844862 Contact &#038; Information Prendre Rendez-vous Vos informations sont confidentielles et s\u00e9curis\u00e9es.<\/p>","protected":false},"author":2,"featured_media":0,"parent":0,"menu_order":0,"comment_status":"closed","ping_status":"closed","template":"","meta":{"footnotes":""},"class_list":["post-1119","page","type-page","status-publish","hentry"],"yoast_head":"<!-- This site is optimized with the Yoast SEO plugin v27.2 - https:\/\/yoast.com\/product\/yoast-seo-wordpress\/ -->\n<title>Contactez-nous - M Clinic<\/title>\n<meta name=\"robots\" content=\"index, follow, max-snippet:-1, max-image-preview:large, max-video-preview:-1\" \/>\n<link rel=\"canonical\" href=\"https:\/\/mclinicmorocco.com\/en\/contactez-nous\/\" \/>\n<meta property=\"og:locale\" content=\"en_GB\" \/>\n<meta property=\"og:type\" content=\"article\" \/>\n<meta property=\"og:title\" content=\"Contactez-nous - M Clinic\" \/>\n<meta property=\"og:description\" content=\"M Clinic Contact Commencez votre Transformation. Laissez-nous vos coordonn\u00e9es. Nos conseillers cliniques vous rappelleront en toute confidentialit\u00e9 pour r\u00e9pondre \u00e0 vos questions et organiser votre consultation. Urgence \/ WhatsApp +212 728-844862 Contact &#038; Information Prendre Rendez-vous Vos informations sont confidentielles et s\u00e9curis\u00e9es.\" \/>\n<meta property=\"og:url\" content=\"https:\/\/mclinicmorocco.com\/en\/contactez-nous\/\" \/>\n<meta property=\"og:site_name\" content=\"M Clinic\" \/>\n<meta property=\"article:publisher\" content=\"https:\/\/web.facebook.com\/mclinic.morocco\/?_rdc=1&amp;_rdr\" \/>\n<meta property=\"article:modified_time\" content=\"2026-01-23T14:07:49+00:00\" \/>\n<meta name=\"twitter:card\" content=\"summary_large_image\" \/>\n<meta name=\"twitter:label1\" content=\"Estimated reading time\" \/>\n\t<meta name=\"twitter:data1\" content=\"1 minute\" \/>\n<script type=\"application\/ld+json\" class=\"yoast-schema-graph\">{\"@context\":\"https:\/\/schema.org\",\"@graph\":[{\"@type\":\"WebPage\",\"@id\":\"https:\/\/mclinicmorocco.com\/contactez-nous\/\",\"url\":\"https:\/\/mclinicmorocco.com\/contactez-nous\/\",\"name\":\"Contactez-nous - M Clinic\",\"isPartOf\":{\"@id\":\"https:\/\/mclinicmorocco.com\/#website\"},\"datePublished\":\"2026-01-01T22:53:29+00:00\",\"dateModified\":\"2026-01-23T14:07:49+00:00\",\"breadcrumb\":{\"@id\":\"https:\/\/mclinicmorocco.com\/contactez-nous\/#breadcrumb\"},\"inLanguage\":\"en-GB\",\"potentialAction\":[{\"@type\":\"ReadAction\",\"target\":[\"https:\/\/mclinicmorocco.com\/contactez-nous\/\"]}]},{\"@type\":\"BreadcrumbList\",\"@id\":\"https:\/\/mclinicmorocco.com\/contactez-nous\/#breadcrumb\",\"itemListElement\":[{\"@type\":\"ListItem\",\"position\":1,\"name\":\"Home\",\"item\":\"https:\/\/mclinicmorocco.com\/\"},{\"@type\":\"ListItem\",\"position\":2,\"name\":\"Contactez-nous\"}]},{\"@type\":\"WebSite\",\"@id\":\"https:\/\/mclinicmorocco.com\/#website\",\"url\":\"https:\/\/mclinicmorocco.com\/\",\"name\":\"MClinic\",\"description\":\"Clinique esth\u00e9tique avec esth\u00e9ticiennes qualifi\u00e9es et chirurgiens experts.\u202f\",\"publisher\":{\"@id\":\"https:\/\/mclinicmorocco.com\/#organization\"},\"potentialAction\":[{\"@type\":\"SearchAction\",\"target\":{\"@type\":\"EntryPoint\",\"urlTemplate\":\"https:\/\/mclinicmorocco.com\/?s={search_term_string}\"},\"query-input\":{\"@type\":\"PropertyValueSpecification\",\"valueRequired\":true,\"valueName\":\"search_term_string\"}}],\"inLanguage\":\"en-GB\"},{\"@type\":\"Organization\",\"@id\":\"https:\/\/mclinicmorocco.com\/#organization\",\"name\":\"MClinic\",\"url\":\"https:\/\/mclinicmorocco.com\/\",\"logo\":{\"@type\":\"ImageObject\",\"inLanguage\":\"en-GB\",\"@id\":\"https:\/\/mclinicmorocco.com\/#\/schema\/logo\/image\/\",\"url\":\"https:\/\/mclinicmorocco.com\/wp-content\/uploads\/2024\/07\/logo-mclinic-white-v2.png\",\"contentUrl\":\"https:\/\/mclinicmorocco.com\/wp-content\/uploads\/2024\/07\/logo-mclinic-white-v2.png\",\"width\":769,\"height\":349,\"caption\":\"MClinic\"},\"image\":{\"@id\":\"https:\/\/mclinicmorocco.com\/#\/schema\/logo\/image\/\"},\"sameAs\":[\"https:\/\/web.facebook.com\/mclinic.morocco\/?_rdc=1&_rdr\",\"https:\/\/www.instagram.com\/m.clinic.official\/\"]}]}<\/script>\n<!-- \/ Yoast SEO plugin. -->","yoast_head_json":{"title":"Contactez-nous - M Clinic","robots":{"index":"index","follow":"follow","max-snippet":"max-snippet:-1","max-image-preview":"max-image-preview:large","max-video-preview":"max-video-preview:-1"},"canonical":"https:\/\/mclinicmorocco.com\/en\/contactez-nous\/","og_locale":"en_GB","og_type":"article","og_title":"Contactez-nous - M Clinic","og_description":"M Clinic Contact Commencez votre Transformation. Laissez-nous vos coordonn\u00e9es. Nos conseillers cliniques vous rappelleront en toute confidentialit\u00e9 pour r\u00e9pondre \u00e0 vos questions et organiser votre consultation. Urgence \/ WhatsApp +212 728-844862 Contact &#038; Information Prendre Rendez-vous Vos informations sont confidentielles et s\u00e9curis\u00e9es.","og_url":"https:\/\/mclinicmorocco.com\/en\/contactez-nous\/","og_site_name":"M Clinic","article_publisher":"https:\/\/web.facebook.com\/mclinic.morocco\/?_rdc=1&_rdr","article_modified_time":"2026-01-23T14:07:49+00:00","twitter_card":"summary_large_image","twitter_misc":{"Estimated reading time":"1 minute"},"schema":{"@context":"https:\/\/schema.org","@graph":[{"@type":"WebPage","@id":"https:\/\/mclinicmorocco.com\/contactez-nous\/","url":"https:\/\/mclinicmorocco.com\/contactez-nous\/","name":"Contactez-nous - M Clinic","isPartOf":{"@id":"https:\/\/mclinicmorocco.com\/#website"},"datePublished":"2026-01-01T22:53:29+00:00","dateModified":"2026-01-23T14:07:49+00:00","breadcrumb":{"@id":"https:\/\/mclinicmorocco.com\/contactez-nous\/#breadcrumb"},"inLanguage":"en-GB","potentialAction":[{"@type":"ReadAction","target":["https:\/\/mclinicmorocco.com\/contactez-nous\/"]}]},{"@type":"BreadcrumbList","@id":"https:\/\/mclinicmorocco.com\/contactez-nous\/#breadcrumb","itemListElement":[{"@type":"ListItem","position":1,"name":"Home","item":"https:\/\/mclinicmorocco.com\/"},{"@type":"ListItem","position":2,"name":"Contactez-nous"}]},{"@type":"WebSite","@id":"https:\/\/mclinicmorocco.com\/#website","url":"https:\/\/mclinicmorocco.com\/","name":"MClinic","description":"Clinique esth\u00e9tique avec esth\u00e9ticiennes qualifi\u00e9es et chirurgiens experts.\u202f","publisher":{"@id":"https:\/\/mclinicmorocco.com\/#organization"},"potentialAction":[{"@type":"SearchAction","target":{"@type":"EntryPoint","urlTemplate":"https:\/\/mclinicmorocco.com\/?s={search_term_string}"},"query-input":{"@type":"PropertyValueSpecification","valueRequired":true,"valueName":"search_term_string"}}],"inLanguage":"en-GB"},{"@type":"Organization","@id":"https:\/\/mclinicmorocco.com\/#organization","name":"MClinic","url":"https:\/\/mclinicmorocco.com\/","logo":{"@type":"ImageObject","inLanguage":"en-GB","@id":"https:\/\/mclinicmorocco.com\/#\/schema\/logo\/image\/","url":"https:\/\/mclinicmorocco.com\/wp-content\/uploads\/2024\/07\/logo-mclinic-white-v2.png","contentUrl":"https:\/\/mclinicmorocco.com\/wp-content\/uploads\/2024\/07\/logo-mclinic-white-v2.png","width":769,"height":349,"caption":"MClinic"},"image":{"@id":"https:\/\/mclinicmorocco.com\/#\/schema\/logo\/image\/"},"sameAs":["https:\/\/web.facebook.com\/mclinic.morocco\/?_rdc=1&_rdr","https:\/\/www.instagram.com\/m.clinic.official\/"]}]}},"_links":{"self":[{"href":"https:\/\/mclinicmorocco.com\/en\/wp-json\/wp\/v2\/pages\/1119","targetHints":{"allow":["GET"]}}],"collection":[{"href":"https:\/\/mclinicmorocco.com\/en\/wp-json\/wp\/v2\/pages"}],"about":[{"href":"https:\/\/mclinicmorocco.com\/en\/wp-json\/wp\/v2\/types\/page"}],"author":[{"embeddable":true,"href":"https:\/\/mclinicmorocco.com\/en\/wp-json\/wp\/v2\/users\/2"}],"replies":[{"embeddable":true,"href":"https:\/\/mclinicmorocco.com\/en\/wp-json\/wp\/v2\/comments?post=1119"}],"version-history":[{"count":50,"href":"https:\/\/mclinicmorocco.com\/en\/wp-json\/wp\/v2\/pages\/1119\/revisions"}],"predecessor-version":[{"id":9989,"href":"https:\/\/mclinicmorocco.com\/en\/wp-json\/wp\/v2\/pages\/1119\/revisions\/9989"}],"wp:attachment":[{"href":"https:\/\/mclinicmorocco.com\/en\/wp-json\/wp\/v2\/media?parent=1119"}],"curies":[{"name":"wp","href":"https:\/\/api.w.org\/{rel}","templated":true}]}}