{"id":15,"date":"2024-07-05T14:47:50","date_gmt":"2024-07-05T14:47:50","guid":{"rendered":"https:\/\/mclinicmorocco.com\/?page_id=15"},"modified":"2026-01-21T10:34:25","modified_gmt":"2026-01-21T10:34:25","slug":"a-propos-de-nous","status":"publish","type":"page","link":"https:\/\/mclinicmorocco.com\/en\/a-propos-de-nous\/","title":{"rendered":"A PROPOS DE NOUS"},"content":{"rendered":"<div data-elementor-type=\"wp-page\" data-elementor-id=\"15\" class=\"elementor elementor-15\" data-elementor-post-type=\"page\">\n\t\t\t\t<div class=\"has_eae_slider elementor-element elementor-element-1567634 e-flex e-con-boxed e-con e-parent\" data-eae-slider=\"55479\" data-id=\"1567634\" data-element_type=\"container\" data-e-type=\"container\" data-settings=\"{&quot;background_background&quot;:&quot;classic&quot;}\">\n\t\t\t\t\t<div class=\"e-con-inner\">\n\t\t<div class=\"has_eae_slider elementor-element elementor-element-865fa52 e-flex e-con-boxed e-con e-child\" data-eae-slider=\"93073\" data-id=\"865fa52\" data-element_type=\"container\" data-e-type=\"container\">\n\t\t\t\t\t<div class=\"e-con-inner\">\n\t\t\t\t<div class=\"elementor-element elementor-element-87be8e2 animated-slow elementor-invisible elementor-widget elementor-widget-heading\" data-id=\"87be8e2\" data-element_type=\"widget\" data-e-type=\"widget\" data-settings=\"{&quot;_animation&quot;:&quot;slideInUp&quot;}\" data-widget_type=\"heading.default\">\n\t\t\t\t<div class=\"elementor-widget-container\">\n\t\t\t\t\t<h2 class=\"elementor-heading-title elementor-size-default\">A PROPOS DE NOUS<\/h2>\t\t\t\t<\/div>\n\t\t\t\t<\/div>\n\t\t\t\t\t<\/div>\n\t\t\t\t<\/div>\n\t\t\t\t\t<\/div>\n\t\t\t\t<\/div>\n\t\t<div class=\"has_eae_slider elementor-element elementor-element-11887e4 e-flex e-con-boxed e-con e-parent\" data-eae-slider=\"25717\" data-id=\"11887e4\" data-element_type=\"container\" data-e-type=\"container\">\n\t\t\t\t\t<div class=\"e-con-inner\">\n\t\t\t\t<div class=\"elementor-element elementor-element-2da4a94 elementor-widget elementor-widget-heading\" data-id=\"2da4a94\" data-element_type=\"widget\" data-e-type=\"widget\" data-widget_type=\"heading.default\">\n\t\t\t\t<div class=\"elementor-widget-container\">\n\t\t\t\t\t<h2 class=\"elementor-heading-title elementor-size-default\">Un visage rajeuni, une silhouette redessin\u00e9e, un sourire \u00e9clatant de blancheur : un r\u00eave qui devient r\u00e9alit\u00e9 gr\u00e2ce \u00e0 MClinic.<\/h2>\t\t\t\t<\/div>\n\t\t\t\t<\/div>\n\t\t\t\t<div class=\"elementor-element elementor-element-4167b16 elementor-widget elementor-widget-text-editor\" data-id=\"4167b16\" data-element_type=\"widget\" data-e-type=\"widget\" data-widget_type=\"text-editor.default\">\n\t\t\t\t<div class=\"elementor-widget-container\">\n\t\t\t\t\t\t\t\t\t<p>MClinic est un \u00e9tablissement ultra moderne et luxueux, r\u00e9pondant aux normes internationales les plus exigeantes. Des chirurgiens de grande renomm\u00e9e y pratiquent des op\u00e9rations esth\u00e9tiques qui concernent toutes les r\u00e9gions du corps.<\/p><p>MClinic est dot\u00e9e d\u2019\u00e9quipements et de mat\u00e9riels derni\u00e8re g\u00e9n\u00e9ration, pour le confort des chirurgiens, des \u00e9quipes soignantes, et bien s\u00fbr en premier lieu des patients.<\/p><p>Nos plateformes parfaitement \u00e9quip\u00e9es, que ce soit en machines diverses, en lumi\u00e8res laser, en Led ou en radiofr\u00e9quence\u00a0: des techniques de pointe sont donc mises \u00e0 la disposition de l\u2019\u00e9quipe m\u00e9dicale pour traiter des indications aussi diverses que le rajeunissement de la peau ou l\u2019am\u00e9lioration du contour des l\u00e8vres.<\/p><p>Du c\u00f4t\u00e9 des hommes, la greffe des cheveux est une intervention phare, sous anesth\u00e9sie locale, sans douleur aucune, sans cicatrice, selon la technique DHI (Direct Hair Implantation) qui donne de bien meilleurs r\u00e9sultats que d\u2019autres techniques plus anciennes.\u00a0 La greffe des cheveux s\u2019adresse \u00e9galement aux femmes qui en ont besoin.<\/p><p>Par ailleurs, les patients peuvent profiter de soins dentaires assur\u00e9s par une \u00e9quipe exp\u00e9riment\u00e9e de chirurgiens-dentistes et retrouver ainsi un sourire parfait.<\/p><p>Enfin notre p\u00f4le d\u00e9di\u00e9 \u00e0 la kin\u00e9sith\u00e9rapie, avec un \u00e9quipement des plus modernes g\u00e9r\u00e9 par une \u00e9quipe sp\u00e9cialis\u00e9e en esth\u00e9tique permettra une prise en charge pr\u00e9 et post interventionnelle.<\/p><p>Sans oublier la prise en charge nutritionnelle pr\u00e9 et post op\u00e9ratoire, assur\u00e9e par notre p\u00f4le di\u00e9t\u00e9tique.<\/p>\t\t\t\t\t\t\t\t<\/div>\n\t\t\t\t<\/div>\n\t\t\t\t\t<\/div>\n\t\t\t\t<\/div>\n\t\t<div class=\"has_eae_slider elementor-element elementor-element-07d2fa9 e-con-full e-flex e-con e-parent\" data-eae-slider=\"5941\" data-id=\"07d2fa9\" data-element_type=\"container\" data-e-type=\"container\">\n\t\t\t\t<div class=\"elementor-element elementor-element-ff435bd elementor-widget__width-inherit elementor-invisible elementor-widget elementor-widget-heading\" data-id=\"ff435bd\" data-element_type=\"widget\" data-e-type=\"widget\" data-settings=\"{&quot;_animation&quot;:&quot;fadeInUp&quot;}\" data-widget_type=\"heading.default\">\n\t\t\t\t<div class=\"elementor-widget-container\">\n\t\t\t\t\t<h2 class=\"elementor-heading-title elementor-size-default\">visite virtuelle  M CLINIC<\/h2>\t\t\t\t<\/div>\n\t\t\t\t<\/div>\n\t\t<div class=\"has_eae_slider elementor-element elementor-element-5868434 e-con-full e-flex elementor-invisible e-con e-child\" data-eae-slider=\"49454\" data-id=\"5868434\" data-element_type=\"container\" data-e-type=\"container\" data-settings=\"{&quot;background_background&quot;:&quot;video&quot;,&quot;animation&quot;:&quot;fadeInUp&quot;}\">\n\t\t\t\t<div class=\"elementor-element elementor-element-fc8abf5 elementor-widget elementor-widget-video\" data-id=\"fc8abf5\" data-element_type=\"widget\" data-e-type=\"widget\" data-settings=\"{&quot;video_type&quot;:&quot;hosted&quot;,&quot;loop&quot;:&quot;yes&quot;,&quot;controls&quot;:&quot;yes&quot;}\" data-widget_type=\"video.default\">\n\t\t\t\t<div class=\"elementor-widget-container\">\n\t\t\t\t\t\t\t<div class=\"e-hosted-video elementor-wrapper elementor-open-inline\">\n\t\t\t\t\t<video class=\"elementor-video\" src=\"https:\/\/mclinicmorocco.com\/wp-content\/uploads\/2024\/08\/M-Clinic-Video-Final-Ii-Com.mp4\" loop=\"\" controls=\"\" preload=\"metadata\" controlslist=\"nodownload\"><\/video>\n\t\t\t\t<\/div>\n\t\t\t\t\t\t<\/div>\n\t\t\t\t<\/div>\n\t\t\t\t<\/div>\n\t\t\t\t<\/div>\n\t\t<div class=\"has_eae_slider elementor-element elementor-element-67ca14a e-flex e-con-boxed e-con e-parent\" data-eae-slider=\"14048\" data-id=\"67ca14a\" data-element_type=\"container\" data-e-type=\"container\">\n\t\t\t\t\t<div class=\"e-con-inner\">\n\t\t\t\t<div class=\"elementor-element elementor-element-a66b47c elementor-widget elementor-widget-google_maps\" data-id=\"a66b47c\" data-element_type=\"widget\" data-e-type=\"widget\" data-widget_type=\"google_maps.default\">\n\t\t\t\t<div class=\"elementor-widget-container\">\n\t\t\t\t\t\t\t<div class=\"elementor-custom-embed\">\n\t\t\t<iframe loading=\"lazy\"\n\t\t\t\t\tsrc=\"https:\/\/maps.google.com\/maps?q=M%20Clinic%20-%20Chirurgie%20esth%C3%A9tique%20et%20plastique%20%26%20Greffe%20de%20cheveux&#038;t=m&#038;z=19&#038;output=embed&#038;iwloc=near\"\n\t\t\t\t\ttitle=\"M Clinic - Chirurgie esth\u00e9tique et plastique &amp; Greffe de cheveux\"\n\t\t\t\t\taria-label=\"M Clinic - Chirurgie esth\u00e9tique et plastique &amp; Greffe de cheveux\"\n\t\t\t><\/iframe>\n\t\t<\/div>\n\t\t\t\t\t\t<\/div>\n\t\t\t\t<\/div>\n\t\t\t\t\t<\/div>\n\t\t\t\t<\/div>\n\t\t\t\t<\/div>","protected":false},"excerpt":{"rendered":"<p>A PROPOS DE NOUS Un visage rajeuni, une silhouette redessin\u00e9e, un sourire \u00e9clatant de blancheur : un r\u00eave qui devient r\u00e9alit\u00e9 gr\u00e2ce \u00e0 MClinic. MClinic est un \u00e9tablissement ultra moderne et luxueux, r\u00e9pondant aux normes internationales les plus exigeantes. Des chirurgiens de grande renomm\u00e9e y pratiquent des op\u00e9rations esth\u00e9tiques qui concernent toutes les r\u00e9gions du [&hellip;]<\/p>\n","protected":false},"author":1,"featured_media":0,"parent":0,"menu_order":0,"comment_status":"closed","ping_status":"closed","template":"","meta":{"footnotes":""},"class_list":["post-15","page","type-page","status-publish","hentry"],"yoast_head":"<!-- This site is optimized with the Yoast SEO plugin v27.2 - https:\/\/yoast.com\/product\/yoast-seo-wordpress\/ -->\n<title>A PROPOS DE NOUS - M Clinic<\/title>\n<meta name=\"robots\" content=\"index, follow, max-snippet:-1, max-image-preview:large, max-video-preview:-1\" \/>\n<link rel=\"canonical\" href=\"https:\/\/mclinicmorocco.com\/en\/a-propos-de-nous\/\" \/>\n<meta property=\"og:locale\" content=\"en_GB\" \/>\n<meta property=\"og:type\" content=\"article\" \/>\n<meta property=\"og:title\" content=\"A PROPOS DE NOUS - M Clinic\" \/>\n<meta property=\"og:description\" content=\"A PROPOS DE NOUS Un visage rajeuni, une silhouette redessin\u00e9e, un sourire \u00e9clatant de blancheur : un r\u00eave qui devient r\u00e9alit\u00e9 gr\u00e2ce \u00e0 MClinic. MClinic est un \u00e9tablissement ultra moderne et luxueux, r\u00e9pondant aux normes internationales les plus exigeantes. Des chirurgiens de grande renomm\u00e9e y pratiquent des op\u00e9rations esth\u00e9tiques qui concernent toutes les r\u00e9gions du [&hellip;]\" \/>\n<meta property=\"og:url\" content=\"https:\/\/mclinicmorocco.com\/en\/a-propos-de-nous\/\" \/>\n<meta property=\"og:site_name\" content=\"M Clinic\" \/>\n<meta property=\"article:publisher\" content=\"https:\/\/web.facebook.com\/mclinic.morocco\/?_rdc=1&amp;_rdr\" \/>\n<meta property=\"article:modified_time\" content=\"2026-01-21T10:34:25+00:00\" \/>\n<meta name=\"twitter:card\" content=\"summary_large_image\" \/>\n<meta name=\"twitter:label1\" content=\"Estimated reading time\" \/>\n\t<meta name=\"twitter:data1\" content=\"2 minutes\" \/>\n<script type=\"application\/ld+json\" class=\"yoast-schema-graph\">{\"@context\":\"https:\/\/schema.org\",\"@graph\":[{\"@type\":\"WebPage\",\"@id\":\"https:\/\/mclinicmorocco.com\/a-propos-de-nous\/\",\"url\":\"https:\/\/mclinicmorocco.com\/a-propos-de-nous\/\",\"name\":\"A PROPOS DE NOUS - M Clinic\",\"isPartOf\":{\"@id\":\"https:\/\/mclinicmorocco.com\/#website\"},\"datePublished\":\"2024-07-05T14:47:50+00:00\",\"dateModified\":\"2026-01-21T10:34:25+00:00\",\"breadcrumb\":{\"@id\":\"https:\/\/mclinicmorocco.com\/a-propos-de-nous\/#breadcrumb\"},\"inLanguage\":\"en-GB\",\"potentialAction\":[{\"@type\":\"ReadAction\",\"target\":[\"https:\/\/mclinicmorocco.com\/a-propos-de-nous\/\"]}]},{\"@type\":\"BreadcrumbList\",\"@id\":\"https:\/\/mclinicmorocco.com\/a-propos-de-nous\/#breadcrumb\",\"itemListElement\":[{\"@type\":\"ListItem\",\"position\":1,\"name\":\"Home\",\"item\":\"https:\/\/mclinicmorocco.com\/\"},{\"@type\":\"ListItem\",\"position\":2,\"name\":\"A PROPOS DE NOUS\"}]},{\"@type\":\"WebSite\",\"@id\":\"https:\/\/mclinicmorocco.com\/#website\",\"url\":\"https:\/\/mclinicmorocco.com\/\",\"name\":\"MClinic\",\"description\":\"Clinique esth\u00e9tique avec esth\u00e9ticiennes qualifi\u00e9es et chirurgiens experts.\u202f\",\"publisher\":{\"@id\":\"https:\/\/mclinicmorocco.com\/#organization\"},\"potentialAction\":[{\"@type\":\"SearchAction\",\"target\":{\"@type\":\"EntryPoint\",\"urlTemplate\":\"https:\/\/mclinicmorocco.com\/?s={search_term_string}\"},\"query-input\":{\"@type\":\"PropertyValueSpecification\",\"valueRequired\":true,\"valueName\":\"search_term_string\"}}],\"inLanguage\":\"en-GB\"},{\"@type\":\"Organization\",\"@id\":\"https:\/\/mclinicmorocco.com\/#organization\",\"name\":\"MClinic\",\"url\":\"https:\/\/mclinicmorocco.com\/\",\"logo\":{\"@type\":\"ImageObject\",\"inLanguage\":\"en-GB\",\"@id\":\"https:\/\/mclinicmorocco.com\/#\/schema\/logo\/image\/\",\"url\":\"https:\/\/mclinicmorocco.com\/wp-content\/uploads\/2024\/07\/logo-mclinic-white-v2.png\",\"contentUrl\":\"https:\/\/mclinicmorocco.com\/wp-content\/uploads\/2024\/07\/logo-mclinic-white-v2.png\",\"width\":769,\"height\":349,\"caption\":\"MClinic\"},\"image\":{\"@id\":\"https:\/\/mclinicmorocco.com\/#\/schema\/logo\/image\/\"},\"sameAs\":[\"https:\/\/web.facebook.com\/mclinic.morocco\/?_rdc=1&_rdr\",\"https:\/\/www.instagram.com\/m.clinic.official\/\"]}]}<\/script>\n<!-- \/ Yoast SEO plugin. -->","yoast_head_json":{"title":"A PROPOS DE NOUS - M Clinic","robots":{"index":"index","follow":"follow","max-snippet":"max-snippet:-1","max-image-preview":"max-image-preview:large","max-video-preview":"max-video-preview:-1"},"canonical":"https:\/\/mclinicmorocco.com\/en\/a-propos-de-nous\/","og_locale":"en_GB","og_type":"article","og_title":"A PROPOS DE NOUS - M Clinic","og_description":"A PROPOS DE NOUS Un visage rajeuni, une silhouette redessin\u00e9e, un sourire \u00e9clatant de blancheur : un r\u00eave qui devient r\u00e9alit\u00e9 gr\u00e2ce \u00e0 MClinic. MClinic est un \u00e9tablissement ultra moderne et luxueux, r\u00e9pondant aux normes internationales les plus exigeantes. Des chirurgiens de grande renomm\u00e9e y pratiquent des op\u00e9rations esth\u00e9tiques qui concernent toutes les r\u00e9gions du [&hellip;]","og_url":"https:\/\/mclinicmorocco.com\/en\/a-propos-de-nous\/","og_site_name":"M Clinic","article_publisher":"https:\/\/web.facebook.com\/mclinic.morocco\/?_rdc=1&_rdr","article_modified_time":"2026-01-21T10:34:25+00:00","twitter_card":"summary_large_image","twitter_misc":{"Estimated reading time":"2 minutes"},"schema":{"@context":"https:\/\/schema.org","@graph":[{"@type":"WebPage","@id":"https:\/\/mclinicmorocco.com\/a-propos-de-nous\/","url":"https:\/\/mclinicmorocco.com\/a-propos-de-nous\/","name":"A PROPOS DE NOUS - M Clinic","isPartOf":{"@id":"https:\/\/mclinicmorocco.com\/#website"},"datePublished":"2024-07-05T14:47:50+00:00","dateModified":"2026-01-21T10:34:25+00:00","breadcrumb":{"@id":"https:\/\/mclinicmorocco.com\/a-propos-de-nous\/#breadcrumb"},"inLanguage":"en-GB","potentialAction":[{"@type":"ReadAction","target":["https:\/\/mclinicmorocco.com\/a-propos-de-nous\/"]}]},{"@type":"BreadcrumbList","@id":"https:\/\/mclinicmorocco.com\/a-propos-de-nous\/#breadcrumb","itemListElement":[{"@type":"ListItem","position":1,"name":"Home","item":"https:\/\/mclinicmorocco.com\/"},{"@type":"ListItem","position":2,"name":"A PROPOS DE NOUS"}]},{"@type":"WebSite","@id":"https:\/\/mclinicmorocco.com\/#website","url":"https:\/\/mclinicmorocco.com\/","name":"MClinic","description":"Clinique esth\u00e9tique avec esth\u00e9ticiennes qualifi\u00e9es et chirurgiens experts.\u202f","publisher":{"@id":"https:\/\/mclinicmorocco.com\/#organization"},"potentialAction":[{"@type":"SearchAction","target":{"@type":"EntryPoint","urlTemplate":"https:\/\/mclinicmorocco.com\/?s={search_term_string}"},"query-input":{"@type":"PropertyValueSpecification","valueRequired":true,"valueName":"search_term_string"}}],"inLanguage":"en-GB"},{"@type":"Organization","@id":"https:\/\/mclinicmorocco.com\/#organization","name":"MClinic","url":"https:\/\/mclinicmorocco.com\/","logo":{"@type":"ImageObject","inLanguage":"en-GB","@id":"https:\/\/mclinicmorocco.com\/#\/schema\/logo\/image\/","url":"https:\/\/mclinicmorocco.com\/wp-content\/uploads\/2024\/07\/logo-mclinic-white-v2.png","contentUrl":"https:\/\/mclinicmorocco.com\/wp-content\/uploads\/2024\/07\/logo-mclinic-white-v2.png","width":769,"height":349,"caption":"MClinic"},"image":{"@id":"https:\/\/mclinicmorocco.com\/#\/schema\/logo\/image\/"},"sameAs":["https:\/\/web.facebook.com\/mclinic.morocco\/?_rdc=1&_rdr","https:\/\/www.instagram.com\/m.clinic.official\/"]}]}},"_links":{"self":[{"href":"https:\/\/mclinicmorocco.com\/en\/wp-json\/wp\/v2\/pages\/15","targetHints":{"allow":["GET"]}}],"collection":[{"href":"https:\/\/mclinicmorocco.com\/en\/wp-json\/wp\/v2\/pages"}],"about":[{"href":"https:\/\/mclinicmorocco.com\/en\/wp-json\/wp\/v2\/types\/page"}],"author":[{"embeddable":true,"href":"https:\/\/mclinicmorocco.com\/en\/wp-json\/wp\/v2\/users\/1"}],"replies":[{"embeddable":true,"href":"https:\/\/mclinicmorocco.com\/en\/wp-json\/wp\/v2\/comments?post=15"}],"version-history":[{"count":41,"href":"https:\/\/mclinicmorocco.com\/en\/wp-json\/wp\/v2\/pages\/15\/revisions"}],"predecessor-version":[{"id":9741,"href":"https:\/\/mclinicmorocco.com\/en\/wp-json\/wp\/v2\/pages\/15\/revisions\/9741"}],"wp:attachment":[{"href":"https:\/\/mclinicmorocco.com\/en\/wp-json\/wp\/v2\/media?parent=15"}],"curies":[{"name":"wp","href":"https:\/\/api.w.org\/{rel}","templated":true}]}}