{"id":6981,"date":"2024-10-15T10:32:44","date_gmt":"2024-10-15T10:32:44","guid":{"rendered":"https:\/\/mclinicmorocco.com\/?page_id=6981"},"modified":"2025-02-14T15:48:28","modified_gmt":"2025-02-14T15:48:28","slug":"nymphoplastie","status":"publish","type":"page","link":"https:\/\/mclinicmorocco.com\/en\/nymphoplastie\/","title":{"rendered":"Nymphoplastie"},"content":{"rendered":"<div data-elementor-type=\"wp-page\" data-elementor-id=\"6981\" class=\"elementor elementor-6981\" data-elementor-post-type=\"page\">\n\t\t\t\t<div class=\"has_eae_slider elementor-element elementor-element-d894f47 e-con-full e-flex e-con e-parent\" data-eae-slider=\"28319\" data-id=\"d894f47\" data-element_type=\"container\" data-e-type=\"container\" data-settings=\"{&quot;background_background&quot;:&quot;classic&quot;}\">\n\t\t\t\t<div class=\"elementor-element elementor-element-b8f6bc7 elementor-widget elementor-widget-heading\" data-id=\"b8f6bc7\" data-element_type=\"widget\" data-e-type=\"widget\" data-widget_type=\"heading.default\">\n\t\t\t\t<div class=\"elementor-widget-container\">\n\t\t\t\t\t<h2 class=\"elementor-heading-title elementor-size-default\">Nymphoplastie<\/h2>\t\t\t\t<\/div>\n\t\t\t\t<\/div>\n\t\t\t\t<\/div>\n\t\t<div class=\"has_eae_slider elementor-element elementor-element-8bba1f7 e-flex e-con-boxed e-con e-parent\" data-eae-slider=\"40828\" data-id=\"8bba1f7\" data-element_type=\"container\" data-e-type=\"container\">\n\t\t\t\t\t<div class=\"e-con-inner\">\n\t\t<div class=\"has_eae_slider elementor-element elementor-element-fab3cf7 e-con-full e-flex e-con e-child\" data-eae-slider=\"62946\" data-id=\"fab3cf7\" data-element_type=\"container\" data-e-type=\"container\">\n\t\t\t\t<div class=\"elementor-element elementor-element-ffbbd71 elementor-widget elementor-widget-heading\" data-id=\"ffbbd71\" data-element_type=\"widget\" data-e-type=\"widget\" data-widget_type=\"heading.default\">\n\t\t\t\t<div class=\"elementor-widget-container\">\n\t\t\t\t\t<h2 class=\"elementor-heading-title elementor-size-default\">La labioplastie ou Nymphoplastie<\/h2>\t\t\t\t<\/div>\n\t\t\t\t<\/div>\n\t\t\t\t<div class=\"elementor-element elementor-element-2c731a5 elementor-widget elementor-widget-text-editor\" data-id=\"2c731a5\" data-element_type=\"widget\" data-e-type=\"widget\" data-widget_type=\"text-editor.default\">\n\t\t\t\t<div class=\"elementor-widget-container\">\n\t\t\t\t\t\t\t\t\t<p><span style=\"font-weight: 400;\">permet de r\u00e9duire des petites l\u00e8vres augment\u00e9es de volume, que ce soit pour des crit\u00e8res purement esth\u00e9tiques ou fonctionnels.<\/span> <span style=\"font-weight: 400;\">L\u2019intervention chirurgicale consiste \u00e0 retirer l\u2019exc\u00e8s de peau et de muqueuse et de redonner aux petites l\u00e8vres un aspect plus sym\u00e9trique.<\/span><\/p>\t\t\t\t\t\t\t\t<\/div>\n\t\t\t\t<\/div>\n\t\t\t\t<div class=\"elementor-element elementor-element-ad8e90f elementor-widget elementor-widget-button\" data-id=\"ad8e90f\" data-element_type=\"widget\" data-e-type=\"widget\" data-widget_type=\"button.default\">\n\t\t\t\t<div class=\"elementor-widget-container\">\n\t\t\t\t\t\t\t\t\t<div class=\"elementor-button-wrapper\">\n\t\t\t\t\t<a class=\"elementor-button elementor-button-link elementor-size-sm elementor-animation-pulse\" href=\"#elementor-action%3Aaction%3Dpopup%3Aopen%26settings%3DeyJpZCI6IjUzMzEiLCJ0b2dnbGUiOmZhbHNlfQ%3D%3D\">\n\t\t\t\t\t\t<span class=\"elementor-button-content-wrapper\">\n\t\t\t\t\t\t\t\t\t<span class=\"elementor-button-text\">Prendre rdv<\/span>\n\t\t\t\t\t<\/span>\n\t\t\t\t\t<\/a>\n\t\t\t\t<\/div>\n\t\t\t\t\t\t\t\t<\/div>\n\t\t\t\t<\/div>\n\t\t\t\t<\/div>\n\t\t\t\t\t<\/div>\n\t\t\t\t<\/div>\n\t\t<div class=\"has_eae_slider elementor-element elementor-element-cff5721 e-flex e-con-boxed e-con e-parent\" data-eae-slider=\"84943\" data-id=\"cff5721\" data-element_type=\"container\" data-e-type=\"container\">\n\t\t\t\t\t<div class=\"e-con-inner\">\n\t\t<div class=\"has_eae_slider elementor-element elementor-element-2c3a7ff e-con-full e-flex e-con e-child\" data-eae-slider=\"12315\" data-id=\"2c3a7ff\" data-element_type=\"container\" data-e-type=\"container\">\n\t\t\t\t<div class=\"elementor-element elementor-element-4cfdf35 elementor-widget elementor-widget-heading\" data-id=\"4cfdf35\" data-element_type=\"widget\" data-e-type=\"widget\" data-widget_type=\"heading.default\">\n\t\t\t\t<div class=\"elementor-widget-container\">\n\t\t\t\t\t<h2 class=\"elementor-heading-title elementor-size-default\">Une chirurgie intime simple, rapide et en toute s\u00e9r\u00e9nit\u00e9<\/h2>\t\t\t\t<\/div>\n\t\t\t\t<\/div>\n\t\t\t\t<div class=\"elementor-element elementor-element-c5ca034 elementor-widget elementor-widget-text-editor\" data-id=\"c5ca034\" data-element_type=\"widget\" data-e-type=\"widget\" data-widget_type=\"text-editor.default\">\n\t\t\t\t<div class=\"elementor-widget-container\">\n\t\t\t\t\t\t\t\t\t<p><span style=\"font-weight: 400;\">La chirurgie dure entre 45\u00a0minutes et une heure environ. Elle est parfois pratiqu\u00e9e sous anesth\u00e9sie locale, en position gyn\u00e9cologique. Cependant, comme il s\u2019agit d\u2019une zone sensible, beaucoup de patientes choisissent de r\u00e9aliser l\u2019intervention sous anesth\u00e9sie g\u00e9n\u00e9rale. Quelle que soit l\u2019anesth\u00e9sie choisie, il faudra r\u00e9aliser une consultation aupr\u00e8s d\u2019un anesth\u00e9siste au maximum\u00a048h avant la labioplastie.<\/span><\/p><p><span style=\"font-weight: 400;\">La nymphoplastie est pratiqu\u00e9e en ambulatoire\u00a0: les patientes entrent dans le service le matin et repartent \u00e0 domicile le soir m\u00eame. Sauf cas exceptionnel, cette op\u00e9ration ne n\u00e9cessite pas de passer une nuit en hospitalisation. La nymphoplastie est une chirurgie plut\u00f4t simple qui ne laisse pas de cicatrices visibles.<\/span><\/p>\t\t\t\t\t\t\t\t<\/div>\n\t\t\t\t<\/div>\n\t\t\t\t<\/div>\n\t\t<div class=\"has_eae_slider elementor-element elementor-element-5d50eba e-con-full e-flex e-con e-child\" data-eae-slider=\"46080\" data-id=\"5d50eba\" data-element_type=\"container\" data-e-type=\"container\">\n\t\t\t\t<div class=\"elementor-element elementor-element-22fcb77 elementor-widget elementor-widget-image\" data-id=\"22fcb77\" data-element_type=\"widget\" data-e-type=\"widget\" data-widget_type=\"image.default\">\n\t\t\t\t<div class=\"elementor-widget-container\">\n\t\t\t\t\t\t\t\t\t\t\t\t\t\t\t<img fetchpriority=\"high\" decoding=\"async\" width=\"800\" height=\"800\" src=\"https:\/\/mclinicmorocco.com\/wp-content\/uploads\/2024\/09\/Design-sans-titre-70-1024x1024.jpg\" class=\"attachment-large size-large wp-image-5019\" alt=\"\" srcset=\"https:\/\/mclinicmorocco.com\/wp-content\/uploads\/2024\/09\/Design-sans-titre-70-1024x1024.jpg 1024w, https:\/\/mclinicmorocco.com\/wp-content\/uploads\/2024\/09\/Design-sans-titre-70-300x300.jpg 300w, https:\/\/mclinicmorocco.com\/wp-content\/uploads\/2024\/09\/Design-sans-titre-70-150x150.jpg 150w, https:\/\/mclinicmorocco.com\/wp-content\/uploads\/2024\/09\/Design-sans-titre-70-768x768.jpg 768w, https:\/\/mclinicmorocco.com\/wp-content\/uploads\/2024\/09\/Design-sans-titre-70.jpg 1080w\" sizes=\"(max-width: 800px) 100vw, 800px\" \/>\t\t\t\t\t\t\t\t\t\t\t\t\t\t\t<\/div>\n\t\t\t\t<\/div>\n\t\t\t\t<\/div>\n\t\t\t\t\t<\/div>\n\t\t\t\t<\/div>\n\t\t<div class=\"has_eae_slider elementor-element elementor-element-520179a e-flex e-con-boxed e-con e-parent\" data-eae-slider=\"61398\" data-id=\"520179a\" data-element_type=\"container\" data-e-type=\"container\">\n\t\t\t\t\t<div class=\"e-con-inner\">\n\t\t\t\t<div class=\"elementor-element elementor-element-4b11f8f elementor-widget elementor-widget-spacer\" data-id=\"4b11f8f\" data-element_type=\"widget\" data-e-type=\"widget\" data-widget_type=\"spacer.default\">\n\t\t\t\t<div class=\"elementor-widget-container\">\n\t\t\t\t\t\t\t<div class=\"elementor-spacer\">\n\t\t\t<div class=\"elementor-spacer-inner\"><\/div>\n\t\t<\/div>\n\t\t\t\t\t\t<\/div>\n\t\t\t\t<\/div>\n\t\t\t\t\t<\/div>\n\t\t\t\t<\/div>\n\t\t\t\t<\/div>","protected":false},"excerpt":{"rendered":"<p>Nymphoplastie La labioplastie ou Nymphoplastie permet de r\u00e9duire des petites l\u00e8vres augment\u00e9es de volume, que ce soit pour des crit\u00e8res purement esth\u00e9tiques ou fonctionnels. L\u2019intervention chirurgicale consiste \u00e0 retirer l\u2019exc\u00e8s de peau et de muqueuse et de redonner aux petites l\u00e8vres un aspect plus sym\u00e9trique. Prendre rdv Une chirurgie intime simple, rapide et en toute [&hellip;]<\/p>\n","protected":false},"author":1,"featured_media":0,"parent":0,"menu_order":0,"comment_status":"closed","ping_status":"closed","template":"","meta":{"footnotes":""},"class_list":["post-6981","page","type-page","status-publish","hentry"],"yoast_head":"<!-- This site is optimized with the Yoast SEO plugin v27.2 - https:\/\/yoast.com\/product\/yoast-seo-wordpress\/ -->\n<title>Nymphoplastie - M Clinic<\/title>\n<meta name=\"robots\" content=\"index, follow, max-snippet:-1, max-image-preview:large, max-video-preview:-1\" \/>\n<link rel=\"canonical\" href=\"https:\/\/mclinicmorocco.com\/en\/nymphoplastie\/\" \/>\n<meta property=\"og:locale\" content=\"en_GB\" \/>\n<meta property=\"og:type\" content=\"article\" \/>\n<meta property=\"og:title\" content=\"Nymphoplastie - M Clinic\" \/>\n<meta property=\"og:description\" content=\"Nymphoplastie La labioplastie ou Nymphoplastie permet de r\u00e9duire des petites l\u00e8vres augment\u00e9es de volume, que ce soit pour des crit\u00e8res purement esth\u00e9tiques ou fonctionnels. L\u2019intervention chirurgicale consiste \u00e0 retirer l\u2019exc\u00e8s de peau et de muqueuse et de redonner aux petites l\u00e8vres un aspect plus sym\u00e9trique. Prendre rdv Une chirurgie intime simple, rapide et en toute [&hellip;]\" \/>\n<meta property=\"og:url\" content=\"https:\/\/mclinicmorocco.com\/en\/nymphoplastie\/\" \/>\n<meta property=\"og:site_name\" content=\"M Clinic\" \/>\n<meta property=\"article:publisher\" content=\"https:\/\/web.facebook.com\/mclinic.morocco\/?_rdc=1&amp;_rdr\" \/>\n<meta property=\"article:modified_time\" content=\"2025-02-14T15:48:28+00:00\" \/>\n<meta property=\"og:image\" content=\"https:\/\/mclinicmorocco.com\/wp-content\/uploads\/2024\/09\/Design-sans-titre-70.jpg\" \/>\n\t<meta property=\"og:image:width\" content=\"1080\" \/>\n\t<meta property=\"og:image:height\" content=\"1080\" \/>\n\t<meta property=\"og:image:type\" content=\"image\/jpeg\" \/>\n<meta name=\"twitter:card\" content=\"summary_large_image\" \/>\n<meta name=\"twitter:label1\" content=\"Estimated reading time\" \/>\n\t<meta name=\"twitter:data1\" content=\"1 minute\" \/>\n<script type=\"application\/ld+json\" class=\"yoast-schema-graph\">{\"@context\":\"https:\/\/schema.org\",\"@graph\":[{\"@type\":\"WebPage\",\"@id\":\"https:\/\/mclinicmorocco.com\/nymphoplastie\/\",\"url\":\"https:\/\/mclinicmorocco.com\/nymphoplastie\/\",\"name\":\"Nymphoplastie - M Clinic\",\"isPartOf\":{\"@id\":\"https:\/\/mclinicmorocco.com\/#website\"},\"primaryImageOfPage\":{\"@id\":\"https:\/\/mclinicmorocco.com\/nymphoplastie\/#primaryimage\"},\"image\":{\"@id\":\"https:\/\/mclinicmorocco.com\/nymphoplastie\/#primaryimage\"},\"thumbnailUrl\":\"https:\/\/mclinicmorocco.com\/wp-content\/uploads\/2024\/09\/Design-sans-titre-70-1024x1024.jpg\",\"datePublished\":\"2024-10-15T10:32:44+00:00\",\"dateModified\":\"2025-02-14T15:48:28+00:00\",\"breadcrumb\":{\"@id\":\"https:\/\/mclinicmorocco.com\/nymphoplastie\/#breadcrumb\"},\"inLanguage\":\"en-GB\",\"potentialAction\":[{\"@type\":\"ReadAction\",\"target\":[\"https:\/\/mclinicmorocco.com\/nymphoplastie\/\"]}]},{\"@type\":\"ImageObject\",\"inLanguage\":\"en-GB\",\"@id\":\"https:\/\/mclinicmorocco.com\/nymphoplastie\/#primaryimage\",\"url\":\"https:\/\/mclinicmorocco.com\/wp-content\/uploads\/2024\/09\/Design-sans-titre-70-1024x1024.jpg\",\"contentUrl\":\"https:\/\/mclinicmorocco.com\/wp-content\/uploads\/2024\/09\/Design-sans-titre-70-1024x1024.jpg\"},{\"@type\":\"BreadcrumbList\",\"@id\":\"https:\/\/mclinicmorocco.com\/nymphoplastie\/#breadcrumb\",\"itemListElement\":[{\"@type\":\"ListItem\",\"position\":1,\"name\":\"Home\",\"item\":\"https:\/\/mclinicmorocco.com\/\"},{\"@type\":\"ListItem\",\"position\":2,\"name\":\"Nymphoplastie\"}]},{\"@type\":\"WebSite\",\"@id\":\"https:\/\/mclinicmorocco.com\/#website\",\"url\":\"https:\/\/mclinicmorocco.com\/\",\"name\":\"MClinic\",\"description\":\"Clinique esth\u00e9tique avec esth\u00e9ticiennes qualifi\u00e9es et chirurgiens experts.\u202f\",\"publisher\":{\"@id\":\"https:\/\/mclinicmorocco.com\/#organization\"},\"potentialAction\":[{\"@type\":\"SearchAction\",\"target\":{\"@type\":\"EntryPoint\",\"urlTemplate\":\"https:\/\/mclinicmorocco.com\/?s={search_term_string}\"},\"query-input\":{\"@type\":\"PropertyValueSpecification\",\"valueRequired\":true,\"valueName\":\"search_term_string\"}}],\"inLanguage\":\"en-GB\"},{\"@type\":\"Organization\",\"@id\":\"https:\/\/mclinicmorocco.com\/#organization\",\"name\":\"MClinic\",\"url\":\"https:\/\/mclinicmorocco.com\/\",\"logo\":{\"@type\":\"ImageObject\",\"inLanguage\":\"en-GB\",\"@id\":\"https:\/\/mclinicmorocco.com\/#\/schema\/logo\/image\/\",\"url\":\"https:\/\/mclinicmorocco.com\/wp-content\/uploads\/2024\/07\/logo-mclinic-white-v2.png\",\"contentUrl\":\"https:\/\/mclinicmorocco.com\/wp-content\/uploads\/2024\/07\/logo-mclinic-white-v2.png\",\"width\":769,\"height\":349,\"caption\":\"MClinic\"},\"image\":{\"@id\":\"https:\/\/mclinicmorocco.com\/#\/schema\/logo\/image\/\"},\"sameAs\":[\"https:\/\/web.facebook.com\/mclinic.morocco\/?_rdc=1&_rdr\",\"https:\/\/www.instagram.com\/m.clinic.official\/\"]}]}<\/script>\n<!-- \/ Yoast SEO plugin. -->","yoast_head_json":{"title":"Nymphoplastie - M Clinic","robots":{"index":"index","follow":"follow","max-snippet":"max-snippet:-1","max-image-preview":"max-image-preview:large","max-video-preview":"max-video-preview:-1"},"canonical":"https:\/\/mclinicmorocco.com\/en\/nymphoplastie\/","og_locale":"en_GB","og_type":"article","og_title":"Nymphoplastie - M Clinic","og_description":"Nymphoplastie La labioplastie ou Nymphoplastie permet de r\u00e9duire des petites l\u00e8vres augment\u00e9es de volume, que ce soit pour des crit\u00e8res purement esth\u00e9tiques ou fonctionnels. L\u2019intervention chirurgicale consiste \u00e0 retirer l\u2019exc\u00e8s de peau et de muqueuse et de redonner aux petites l\u00e8vres un aspect plus sym\u00e9trique. Prendre rdv Une chirurgie intime simple, rapide et en toute [&hellip;]","og_url":"https:\/\/mclinicmorocco.com\/en\/nymphoplastie\/","og_site_name":"M Clinic","article_publisher":"https:\/\/web.facebook.com\/mclinic.morocco\/?_rdc=1&_rdr","article_modified_time":"2025-02-14T15:48:28+00:00","og_image":[{"width":1080,"height":1080,"url":"https:\/\/mclinicmorocco.com\/wp-content\/uploads\/2024\/09\/Design-sans-titre-70.jpg","type":"image\/jpeg"}],"twitter_card":"summary_large_image","twitter_misc":{"Estimated reading time":"1 minute"},"schema":{"@context":"https:\/\/schema.org","@graph":[{"@type":"WebPage","@id":"https:\/\/mclinicmorocco.com\/nymphoplastie\/","url":"https:\/\/mclinicmorocco.com\/nymphoplastie\/","name":"Nymphoplastie - M Clinic","isPartOf":{"@id":"https:\/\/mclinicmorocco.com\/#website"},"primaryImageOfPage":{"@id":"https:\/\/mclinicmorocco.com\/nymphoplastie\/#primaryimage"},"image":{"@id":"https:\/\/mclinicmorocco.com\/nymphoplastie\/#primaryimage"},"thumbnailUrl":"https:\/\/mclinicmorocco.com\/wp-content\/uploads\/2024\/09\/Design-sans-titre-70-1024x1024.jpg","datePublished":"2024-10-15T10:32:44+00:00","dateModified":"2025-02-14T15:48:28+00:00","breadcrumb":{"@id":"https:\/\/mclinicmorocco.com\/nymphoplastie\/#breadcrumb"},"inLanguage":"en-GB","potentialAction":[{"@type":"ReadAction","target":["https:\/\/mclinicmorocco.com\/nymphoplastie\/"]}]},{"@type":"ImageObject","inLanguage":"en-GB","@id":"https:\/\/mclinicmorocco.com\/nymphoplastie\/#primaryimage","url":"https:\/\/mclinicmorocco.com\/wp-content\/uploads\/2024\/09\/Design-sans-titre-70-1024x1024.jpg","contentUrl":"https:\/\/mclinicmorocco.com\/wp-content\/uploads\/2024\/09\/Design-sans-titre-70-1024x1024.jpg"},{"@type":"BreadcrumbList","@id":"https:\/\/mclinicmorocco.com\/nymphoplastie\/#breadcrumb","itemListElement":[{"@type":"ListItem","position":1,"name":"Home","item":"https:\/\/mclinicmorocco.com\/"},{"@type":"ListItem","position":2,"name":"Nymphoplastie"}]},{"@type":"WebSite","@id":"https:\/\/mclinicmorocco.com\/#website","url":"https:\/\/mclinicmorocco.com\/","name":"MClinic","description":"Clinique esth\u00e9tique avec esth\u00e9ticiennes qualifi\u00e9es et chirurgiens experts.\u202f","publisher":{"@id":"https:\/\/mclinicmorocco.com\/#organization"},"potentialAction":[{"@type":"SearchAction","target":{"@type":"EntryPoint","urlTemplate":"https:\/\/mclinicmorocco.com\/?s={search_term_string}"},"query-input":{"@type":"PropertyValueSpecification","valueRequired":true,"valueName":"search_term_string"}}],"inLanguage":"en-GB"},{"@type":"Organization","@id":"https:\/\/mclinicmorocco.com\/#organization","name":"MClinic","url":"https:\/\/mclinicmorocco.com\/","logo":{"@type":"ImageObject","inLanguage":"en-GB","@id":"https:\/\/mclinicmorocco.com\/#\/schema\/logo\/image\/","url":"https:\/\/mclinicmorocco.com\/wp-content\/uploads\/2024\/07\/logo-mclinic-white-v2.png","contentUrl":"https:\/\/mclinicmorocco.com\/wp-content\/uploads\/2024\/07\/logo-mclinic-white-v2.png","width":769,"height":349,"caption":"MClinic"},"image":{"@id":"https:\/\/mclinicmorocco.com\/#\/schema\/logo\/image\/"},"sameAs":["https:\/\/web.facebook.com\/mclinic.morocco\/?_rdc=1&_rdr","https:\/\/www.instagram.com\/m.clinic.official\/"]}]}},"_links":{"self":[{"href":"https:\/\/mclinicmorocco.com\/en\/wp-json\/wp\/v2\/pages\/6981","targetHints":{"allow":["GET"]}}],"collection":[{"href":"https:\/\/mclinicmorocco.com\/en\/wp-json\/wp\/v2\/pages"}],"about":[{"href":"https:\/\/mclinicmorocco.com\/en\/wp-json\/wp\/v2\/types\/page"}],"author":[{"embeddable":true,"href":"https:\/\/mclinicmorocco.com\/en\/wp-json\/wp\/v2\/users\/1"}],"replies":[{"embeddable":true,"href":"https:\/\/mclinicmorocco.com\/en\/wp-json\/wp\/v2\/comments?post=6981"}],"version-history":[{"count":16,"href":"https:\/\/mclinicmorocco.com\/en\/wp-json\/wp\/v2\/pages\/6981\/revisions"}],"predecessor-version":[{"id":9099,"href":"https:\/\/mclinicmorocco.com\/en\/wp-json\/wp\/v2\/pages\/6981\/revisions\/9099"}],"wp:attachment":[{"href":"https:\/\/mclinicmorocco.com\/en\/wp-json\/wp\/v2\/media?parent=6981"}],"curies":[{"name":"wp","href":"https:\/\/api.w.org\/{rel}","templated":true}]}}