{"id":7631,"date":"2024-10-29T14:10:07","date_gmt":"2024-10-29T14:10:07","guid":{"rendered":"https:\/\/mclinicmorocco.com\/?page_id=7631"},"modified":"2024-11-05T14:41:07","modified_gmt":"2024-11-05T14:41:07","slug":"paiement","status":"publish","type":"page","link":"https:\/\/mclinicmorocco.com\/en\/paiement\/","title":{"rendered":"Paiement"},"content":{"rendered":"\t\t<div data-elementor-type=\"wp-page\" data-elementor-id=\"7631\" class=\"elementor elementor-7631\" data-elementor-post-type=\"page\">\n\t\t\t\t<div class=\"has_eae_slider elementor-element elementor-element-c64a4c6 e-flex e-con-boxed e-con e-parent\" data-eae-slider=\"17725\" data-id=\"c64a4c6\" data-element_type=\"container\" data-e-type=\"container\" data-settings=\"{&quot;background_background&quot;:&quot;classic&quot;}\">\n\t\t\t\t\t<div class=\"e-con-inner\">\n\t\t<div class=\"has_eae_slider elementor-element elementor-element-c70ec1b e-con-full e-flex e-con e-child\" data-eae-slider=\"52280\" data-id=\"c70ec1b\" data-element_type=\"container\" data-e-type=\"container\">\n\t\t\t\t<div class=\"elementor-element elementor-element-5b9471f elementor-widget__width-inherit elementor-widget elementor-widget-image\" data-id=\"5b9471f\" data-element_type=\"widget\" data-e-type=\"widget\" data-widget_type=\"image.default\">\n\t\t\t\t<div class=\"elementor-widget-container\">\n\t\t\t\t\t\t\t\t\t\t\t\t\t\t\t<img fetchpriority=\"high\" decoding=\"async\" width=\"769\" height=\"349\" src=\"https:\/\/mclinicmorocco.com\/wp-content\/uploads\/2024\/07\/logo-mclinic-white-v2.png\" class=\"attachment-large size-large wp-image-6375\" alt=\"\" srcset=\"https:\/\/mclinicmorocco.com\/wp-content\/uploads\/2024\/07\/logo-mclinic-white-v2.png 769w, https:\/\/mclinicmorocco.com\/wp-content\/uploads\/2024\/07\/logo-mclinic-white-v2-300x136.png 300w\" sizes=\"(max-width: 769px) 100vw, 769px\" \/>\t\t\t\t\t\t\t\t\t\t\t\t\t\t\t<\/div>\n\t\t\t\t<\/div>\n\t\t\t\t<\/div>\n\t\t\t\t<div class=\"elementor-element elementor-element-b99d12e animated-slow elementor-invisible elementor-widget elementor-widget-heading\" data-id=\"b99d12e\" data-element_type=\"widget\" data-e-type=\"widget\" data-settings=\"{&quot;_animation&quot;:&quot;slideInUp&quot;}\" data-widget_type=\"heading.default\">\n\t\t\t\t<div class=\"elementor-widget-container\">\n\t\t\t\t\t<h2 class=\"elementor-heading-title elementor-size-default\">Paiement en ligne<\/h2>\t\t\t\t<\/div>\n\t\t\t\t<\/div>\n\t\t\t\t\t<\/div>\n\t\t\t\t<\/div>\n\t\t<div class=\"has_eae_slider elementor-element elementor-element-739a207 e-flex e-con-boxed e-con e-parent\" data-eae-slider=\"31316\" data-id=\"739a207\" data-element_type=\"container\" data-e-type=\"container\">\n\t\t\t\t\t<div class=\"e-con-inner\">\n\t\t<div class=\"has_eae_slider elementor-element elementor-element-efa87f4 e-con-full e-flex elementor-invisible e-con e-child\" data-eae-slider=\"15872\" data-id=\"efa87f4\" data-element_type=\"container\" data-e-type=\"container\" data-settings=\"{&quot;background_background&quot;:&quot;classic&quot;,&quot;animation&quot;:&quot;fadeInUp&quot;}\">\n\t\t\t\t<div class=\"elementor-element elementor-element-140f0b1 elementor-widget__width-inherit elementor-button-align-stretch elementor-widget elementor-widget-form\" data-id=\"140f0b1\" data-element_type=\"widget\" data-e-type=\"widget\" data-settings=\"{&quot;step_next_label&quot;:&quot;Next&quot;,&quot;step_previous_label&quot;:&quot;Previous&quot;,&quot;button_width&quot;:&quot;100&quot;,&quot;step_type&quot;:&quot;number_text&quot;,&quot;step_icon_shape&quot;:&quot;circle&quot;}\" data-widget_type=\"form.default\">\n\t\t\t\t<div class=\"elementor-widget-container\">\n\t\t\t\t\t\t\t<form class=\"elementor-form\" method=\"post\" name=\"New Form\" aria-label=\"New Form\">\n\t\t\t<input type=\"hidden\" name=\"post_id\" value=\"7631\"\/>\n\t\t\t<input type=\"hidden\" name=\"form_id\" value=\"140f0b1\"\/>\n\t\t\t<input type=\"hidden\" name=\"referer_title\" value=\"Paiement - M Clinic\" \/>\n\n\t\t\t\t\t\t\t<input type=\"hidden\" name=\"queried_id\" value=\"7631\"\/>\n\t\t\t\n\t\t\t<div class=\"elementor-form-fields-wrapper elementor-labels-above\">\n\t\t\t\t\t\t\t\t<div class=\"elementor-field-type-text elementor-field-group elementor-column elementor-field-group-name elementor-col-50 elementor-field-required elementor-mark-required\">\n\t\t\t\t\t\t\t\t\t\t\t\t<label for=\"form-field-name\" class=\"elementor-field-label\">\n\t\t\t\t\t\t\t\tNom\t\t\t\t\t\t\t<\/label>\n\t\t\t\t\t\t\t\t\t\t\t\t\t\t<input size=\"1\" type=\"text\" name=\"form_fields[name]\" id=\"form-field-name\" class=\"elementor-field elementor-size-sm  elementor-field-textual\" required=\"required\">\n\t\t\t\t\t\t\t\t\t\t\t<\/div>\n\t\t\t\t\t\t\t\t<div class=\"elementor-field-type-text elementor-field-group elementor-column elementor-field-group-field_6442fc1 elementor-col-50 elementor-field-required elementor-mark-required\">\n\t\t\t\t\t\t\t\t\t\t\t\t<label for=\"form-field-field_6442fc1\" class=\"elementor-field-label\">\n\t\t\t\t\t\t\t\tPr\u00e9nom\t\t\t\t\t\t\t<\/label>\n\t\t\t\t\t\t\t\t\t\t\t\t\t\t<input size=\"1\" type=\"text\" name=\"form_fields[field_6442fc1]\" id=\"form-field-field_6442fc1\" class=\"elementor-field elementor-size-sm  elementor-field-textual\" required=\"required\">\n\t\t\t\t\t\t\t\t\t\t\t<\/div>\n\t\t\t\t\t\t\t\t<div class=\"elementor-field-type-tel elementor-field-group elementor-column elementor-field-group-field_025922b elementor-col-100 elementor-field-required elementor-mark-required\">\n\t\t\t\t\t\t\t\t\t\t\t\t<label for=\"form-field-field_025922b\" class=\"elementor-field-label\">\n\t\t\t\t\t\t\t\tT\u00e9l\u00e9phone\t\t\t\t\t\t\t<\/label>\n\t\t\t\t\t\t\t\t<input size=\"1\" type=\"tel\" name=\"form_fields[field_025922b]\" id=\"form-field-field_025922b\" class=\"elementor-field elementor-size-sm  elementor-field-textual\" required=\"required\" pattern=\"[0-9()#&amp;+*-=.]+\" title=\"Only numbers and phone characters (#, -, *, etc) are accepted.\">\n\n\t\t\t\t\t\t<\/div>\n\t\t\t\t\t\t\t\t<div class=\"elementor-field-type-email elementor-field-group elementor-column elementor-field-group-email elementor-col-100 elementor-field-required elementor-mark-required\">\n\t\t\t\t\t\t\t\t\t\t\t\t<label for=\"form-field-email\" class=\"elementor-field-label\">\n\t\t\t\t\t\t\t\tEmail\t\t\t\t\t\t\t<\/label>\n\t\t\t\t\t\t\t\t\t\t\t\t\t\t<input size=\"1\" type=\"email\" name=\"form_fields[email]\" id=\"form-field-email\" class=\"elementor-field elementor-size-sm  elementor-field-textual\" required=\"required\">\n\t\t\t\t\t\t\t\t\t\t\t<\/div>\n\t\t\t\t\t\t\t\t<div class=\"elementor-field-type-text elementor-field-group elementor-column elementor-field-group-field_d751a4d elementor-col-70\">\n\t\t\t\t\t\t\t\t\t\t\t\t<label for=\"form-field-field_d751a4d\" class=\"elementor-field-label\">\n\t\t\t\t\t\t\t\tAdresse\t\t\t\t\t\t\t<\/label>\n\t\t\t\t\t\t\t\t\t\t\t\t\t\t<input size=\"1\" type=\"text\" name=\"form_fields[field_d751a4d]\" id=\"form-field-field_d751a4d\" class=\"elementor-field elementor-size-sm  elementor-field-textual\">\n\t\t\t\t\t\t\t\t\t\t\t<\/div>\n\t\t\t\t\t\t\t\t<div class=\"elementor-field-type-text elementor-field-group elementor-column elementor-field-group-field_a7754e8 elementor-col-30\">\n\t\t\t\t\t\t\t\t\t\t\t\t<label for=\"form-field-field_a7754e8\" class=\"elementor-field-label\">\n\t\t\t\t\t\t\t\tCode Postal\t\t\t\t\t\t\t<\/label>\n\t\t\t\t\t\t\t\t\t\t\t\t\t\t<input size=\"1\" type=\"text\" name=\"form_fields[field_a7754e8]\" id=\"form-field-field_a7754e8\" class=\"elementor-field elementor-size-sm  elementor-field-textual\">\n\t\t\t\t\t\t\t\t\t\t\t<\/div>\n\t\t\t\t\t\t\t\t<div class=\"elementor-field-type-select elementor-field-group elementor-column elementor-field-group-field_3dcf9f8 elementor-col-100 elementor-field-required elementor-mark-required\">\n\t\t\t\t\t\t\t\t\t\t\t\t<label for=\"form-field-field_3dcf9f8\" class=\"elementor-field-label\">\n\t\t\t\t\t\t\t\tPrestations\t\t\t\t\t\t\t<\/label>\n\t\t\t\t\t\t\t\t<div class=\"elementor-field elementor-select-wrapper remove-before \">\n\t\t\t<div class=\"select-caret-down-wrapper\">\n\t\t\t\t<svg aria-hidden=\"true\" class=\"e-font-icon-svg e-eicon-caret-down\" viewBox=\"0 0 571.4 571.4\" xmlns=\"http:\/\/www.w3.org\/2000\/svg\"><path d=\"M571 393Q571 407 561 418L311 668Q300 679 286 679T261 668L11 418Q0 407 0 393T11 368 36 357H536Q550 357 561 368T571 393Z\"><\/path><\/svg>\t\t\t<\/div>\n\t\t\t<select name=\"form_fields[field_3dcf9f8]\" id=\"form-field-field_3dcf9f8\" class=\"elementor-field-textual elementor-size-sm\" required=\"required\">\n\t\t\t\t\t\t\t\t\t<option value=\"Consultation esth\u00e9tique\">Consultation esth\u00e9tique<\/option>\n\t\t\t\t\t\t\t\t\t<option value=\"Consultation dermatologique\">Consultation dermatologique<\/option>\n\t\t\t\t\t\t\t\t\t<option value=\"Consultation chirurgie\">Consultation chirurgie<\/option>\n\t\t\t\t\t\t\t\t\t<option value=\"Consultation dentaire\">Consultation dentaire<\/option>\n\t\t\t\t\t\t\t\t\t<option value=\"Lifting cervico-facial\">Lifting cervico-facial<\/option>\n\t\t\t\t\t\t\t\t\t<option value=\"Lipofilling du visage\">Lipofilling du visage<\/option>\n\t\t\t\t\t\t\t\t\t<option value=\"Bl\u00e9pharoplastie\">Bl\u00e9pharoplastie<\/option>\n\t\t\t\t\t\t\t\t\t<option value=\"Otoplastie\">Otoplastie<\/option>\n\t\t\t\t\t\t\t\t\t<option value=\"Rhinoplastie\">Rhinoplastie<\/option>\n\t\t\t\t\t\t\t\t\t<option value=\"G\u00e9nioplastie\">G\u00e9nioplastie<\/option>\n\t\t\t\t\t\t\t\t\t<option value=\"Liposuccion double menton\">Liposuccion double menton<\/option>\n\t\t\t\t\t\t\t\t\t<option value=\"Proth\u00e8ses des seins\">Proth\u00e8ses des seins<\/option>\n\t\t\t\t\t\t\t\t\t<option value=\"Lipofilling des seins\">Lipofilling des seins<\/option>\n\t\t\t\t\t\t\t\t\t<option value=\"Lifting mammaire\">Lifting mammaire<\/option>\n\t\t\t\t\t\t\t\t\t<option value=\"R\u00e9duction mammaire\">R\u00e9duction mammaire<\/option>\n\t\t\t\t\t\t\t\t\t<option value=\"Gyn\u00e9comastie\">Gyn\u00e9comastie<\/option>\n\t\t\t\t\t\t\t\t\t<option value=\"Implants pectoraux\">Implants pectoraux<\/option>\n\t\t\t\t\t\t\t\t\t<option value=\"Brachioplastie\">Brachioplastie<\/option>\n\t\t\t\t\t\t\t\t\t<option value=\"Liposuccion Bras\">Liposuccion Bras<\/option>\n\t\t\t\t\t\t\t\t\t<option value=\"Abdominoplastie\">Abdominoplastie<\/option>\n\t\t\t\t\t\t\t\t\t<option value=\"Body-lift\">Body-lift<\/option>\n\t\t\t\t\t\t\t\t\t<option value=\"Liposuccion\">Liposuccion<\/option>\n\t\t\t\t\t\t\t\t\t<option value=\"Lipofilling des fesses\">Lipofilling des fesses<\/option>\n\t\t\t\t\t\t\t\t\t<option value=\"Proth\u00e8ses des fesses\">Proth\u00e8ses des fesses<\/option>\n\t\t\t\t\t\t\t\t\t<option value=\"Cruroplastie\">Cruroplastie<\/option>\n\t\t\t\t\t\t\t\t\t<option value=\"P\u00e9rin\u00e9oplastie\">P\u00e9rin\u00e9oplastie<\/option>\n\t\t\t\t\t\t\t\t\t<option value=\"Partie intime\">Partie intime<\/option>\n\t\t\t\t\t\t\t\t\t<option value=\"Nymphoplastie\">Nymphoplastie<\/option>\n\t\t\t\t\t\t\t\t\t<option value=\"P\u00e9noplastie\">P\u00e9noplastie<\/option>\n\t\t\t\t\t\t\t\t\t<option value=\"Botox\">Botox<\/option>\n\t\t\t\t\t\t\t\t\t<option value=\"Filler\">Filler<\/option>\n\t\t\t\t\t\t\t\t\t<option value=\"Rhinoplastie m\u00e9dicale (FILLER)\">Rhinoplastie m\u00e9dicale (FILLER)<\/option>\n\t\t\t\t\t\t\t\t\t<option value=\"Red\u00e9finir les l\u00e8vres(FILLER)\">Red\u00e9finir les l\u00e8vres(FILLER)<\/option>\n\t\t\t\t\t\t\t\t\t<option value=\"Fils tenseurs\">Fils tenseurs<\/option>\n\t\t\t\t\t\t\t\t\t<option value=\"Skin boosters et traitements inducteurs\">Skin boosters et traitements inducteurs<\/option>\n\t\t\t\t\t\t\t\t\t<option value=\"Hydrafacial\">Hydrafacial<\/option>\n\t\t\t\t\t\t\t\t\t<option value=\"M\u00e9soth\u00e9rapie ( vitamines, facteurs de croissance, exosome )\">M\u00e9soth\u00e9rapie ( vitamines, facteurs de croissance, exosome )<\/option>\n\t\t\t\t\t\t\t\t\t<option value=\"Peeling\">Peeling<\/option>\n\t\t\t\t\t\t\t\t\t<option value=\"Injection de plasma riche en plaquette (PRP)\">Injection de plasma riche en plaquette (PRP)<\/option>\n\t\t\t\t\t\t\t\t\t<option value=\"Injection de plasma riche en fibrine (PRF)\">Injection de plasma riche en fibrine (PRF)<\/option>\n\t\t\t\t\t\t\t\t\t<option value=\"radiofr\u00e9quence fractionn\u00e9e\">radiofr\u00e9quence fractionn\u00e9e<\/option>\n\t\t\t\t\t\t\t\t\t<option value=\"Am\u00e9lioration de la tonicit\u00e9 par traitements inducteurs ( aesthefill, Harmonyca )\">Am\u00e9lioration de la tonicit\u00e9 par traitements inducteurs ( aesthefill, Harmonyca )<\/option>\n\t\t\t\t\t\t\t\t\t<option value=\"Botox pour les aisselles, les mains et les pieds\">Botox pour les aisselles, les mains et les pieds<\/option>\n\t\t\t\t\t\t\t\t\t<option value=\"Laser Q-Switched\">Laser Q-Switched<\/option>\n\t\t\t\t\t\t\t\t\t<option value=\"Laser CO2\">Laser CO2<\/option>\n\t\t\t\t\t\t\t\t\t<option value=\"\u00c9pilation laser\">\u00c9pilation laser<\/option>\n\t\t\t\t\t\t\t\t\t<option value=\"Onychomycose\">Onychomycose<\/option>\n\t\t\t\t\t\t\t\t\t<option value=\"Augmentation du volume par acide hyaluronique (Galber les fesses)\">Augmentation du volume par acide hyaluronique (Galber les fesses)<\/option>\n\t\t\t\t\t\t\t\t\t<option value=\"Injection de plasma riche en plaquette (PRP) - cheveux\">Injection de plasma riche en plaquette (PRP) - cheveux<\/option>\n\t\t\t\t\t\t\t\t\t<option value=\"Injection de plasma riche en fibrine (PRF) - cheveux\">Injection de plasma riche en fibrine (PRF) - cheveux<\/option>\n\t\t\t\t\t\t\t\t\t<option value=\"M\u00e9soth\u00e9rapie cheveux\">M\u00e9soth\u00e9rapie cheveux<\/option>\n\t\t\t\t\t\t\t\t\t<option value=\"Hair filler\">Hair filler<\/option>\n\t\t\t\t\t\t\t\t\t<option value=\"Dentisterie\">Dentisterie<\/option>\n\t\t\t\t\t\t\t<\/select>\n\t\t<\/div>\n\t\t\t\t\t\t<\/div>\n\t\t\t\t\t\t\t\t<div class=\"elementor-field-type-text elementor-field-group elementor-column elementor-field-group-field_d7fc455 elementor-col-25 elementor-field-required elementor-mark-required\">\n\t\t\t\t\t\t\t\t\t\t\t\t<label for=\"form-field-field_d7fc455\" class=\"elementor-field-label\">\n\t\t\t\t\t\t\t\tNum\u00e9ro d'admission\t\t\t\t\t\t\t<\/label>\n\t\t\t\t\t\t\t\t\t\t\t\t\t\t<input size=\"1\" type=\"text\" name=\"form_fields[field_d7fc455]\" id=\"form-field-field_d7fc455\" class=\"elementor-field elementor-size-sm  elementor-field-textual\" required=\"required\">\n\t\t\t\t\t\t\t\t\t\t\t<\/div>\n\t\t\t\t\t\t\t\t<div class=\"elementor-field-type-text elementor-field-group elementor-column elementor-field-group-field_50c4179 elementor-col-25 elementor-field-required elementor-mark-required\">\n\t\t\t\t\t\t\t\t\t\t\t\t<label for=\"form-field-field_50c4179\" class=\"elementor-field-label\">\n\t\t\t\t\t\t\t\tCode acte\t\t\t\t\t\t\t<\/label>\n\t\t\t\t\t\t\t\t\t\t\t\t\t\t<input size=\"1\" type=\"text\" name=\"form_fields[field_50c4179]\" id=\"form-field-field_50c4179\" class=\"elementor-field elementor-size-sm  elementor-field-textual\" required=\"required\">\n\t\t\t\t\t\t\t\t\t\t\t<\/div>\n\t\t\t\t\t\t\t\t<div class=\"elementor-field-type-text elementor-field-group elementor-column elementor-field-group-field_8ff67ee elementor-col-25 elementor-field-required elementor-mark-required\">\n\t\t\t\t\t\t\t\t\t\t\t\t<label for=\"form-field-field_8ff67ee\" class=\"elementor-field-label\">\n\t\t\t\t\t\t\t\tUnit\u00e9\t\t\t\t\t\t\t<\/label>\n\t\t\t\t\t\t\t\t\t\t\t\t\t\t<input size=\"1\" type=\"text\" name=\"form_fields[field_8ff67ee]\" id=\"form-field-field_8ff67ee\" class=\"elementor-field elementor-size-sm  elementor-field-textual\" required=\"required\">\n\t\t\t\t\t\t\t\t\t\t\t<\/div>\n\t\t\t\t\t\t\t\t<div class=\"elementor-field-type-text elementor-field-group elementor-column elementor-field-group-field_06235d5 elementor-col-25 elementor-field-required elementor-mark-required\">\n\t\t\t\t\t\t\t\t\t\t\t\t<label for=\"form-field-field_06235d5\" class=\"elementor-field-label\">\n\t\t\t\t\t\t\t\tMontant total\t\t\t\t\t\t\t<\/label>\n\t\t\t\t\t\t\t\t\t\t\t\t\t\t<input size=\"1\" type=\"text\" name=\"form_fields[field_06235d5]\" id=\"form-field-field_06235d5\" class=\"elementor-field elementor-size-sm  elementor-field-textual\" required=\"required\">\n\t\t\t\t\t\t\t\t\t\t\t<\/div>\n\t\t\t\t\t\t\t\t<div class=\"elementor-field-type-textarea elementor-field-group elementor-column elementor-field-group-message elementor-col-100\">\n\t\t\t\t\t\t\t\t\t\t\t\t<label for=\"form-field-message\" class=\"elementor-field-label\">\n\t\t\t\t\t\t\t\tMessage\t\t\t\t\t\t\t<\/label>\n\t\t\t\t\t\t<textarea class=\"elementor-field-textual elementor-field  elementor-size-sm\" name=\"form_fields[message]\" id=\"form-field-message\" rows=\"4\"><\/textarea>\t\t\t\t<\/div>\n\t\t\t\t\t\t\t\t<div class=\"elementor-field-group elementor-column elementor-field-type-submit elementor-col-100 e-form__buttons\">\n\t\t\t\t\t<button class=\"elementor-button elementor-size-md\" type=\"submit\">\n\t\t\t\t\t\t<span class=\"elementor-button-content-wrapper\">\n\t\t\t\t\t\t\t\t\t\t\t\t\t\t\t\t\t\t\t\t\t\t<span class=\"elementor-button-text\">ENVOYER<\/span>\n\t\t\t\t\t\t\t\t\t\t\t\t\t<\/span>\n\t\t\t\t\t<\/button>\n\t\t\t\t<\/div>\n\t\t\t<\/div>\n\t\t<\/form>\n\t\t\t\t\t\t<\/div>\n\t\t\t\t<\/div>\n\t\t\t\t<\/div>\n\t\t\t\t\t<\/div>\n\t\t\t\t<\/div>\n\t\t<div class=\"has_eae_slider elementor-element elementor-element-de68cc4 e-flex e-con-boxed e-con e-parent\" data-eae-slider=\"91597\" data-id=\"de68cc4\" data-element_type=\"container\" data-e-type=\"container\">\n\t\t\t\t\t<div class=\"e-con-inner\">\n\t\t\t\t<div class=\"elementor-element elementor-element-b3c1b1c elementor-widget elementor-widget-spacer\" data-id=\"b3c1b1c\" data-element_type=\"widget\" data-e-type=\"widget\" data-widget_type=\"spacer.default\">\n\t\t\t\t<div class=\"elementor-widget-container\">\n\t\t\t\t\t\t\t<div class=\"elementor-spacer\">\n\t\t\t<div class=\"elementor-spacer-inner\"><\/div>\n\t\t<\/div>\n\t\t\t\t\t\t<\/div>\n\t\t\t\t<\/div>\n\t\t\t\t\t<\/div>\n\t\t\t\t<\/div>\n\t\t\t\t<\/div>\n\t\t","protected":false},"excerpt":{"rendered":"<p>Paiement en ligne<\/p>","protected":false},"author":1,"featured_media":0,"parent":0,"menu_order":0,"comment_status":"closed","ping_status":"closed","template":"elementor_canvas","meta":{"footnotes":""},"class_list":["post-7631","page","type-page","status-publish","hentry"],"yoast_head":"<!-- This site is optimized with the Yoast SEO plugin v27.2 - https:\/\/yoast.com\/product\/yoast-seo-wordpress\/ -->\n<title>Paiement - M Clinic<\/title>\n<meta name=\"robots\" content=\"index, follow, max-snippet:-1, max-image-preview:large, max-video-preview:-1\" \/>\n<link rel=\"canonical\" href=\"https:\/\/mclinicmorocco.com\/en\/paiement\/\" \/>\n<meta property=\"og:locale\" content=\"en_GB\" \/>\n<meta property=\"og:type\" content=\"article\" \/>\n<meta property=\"og:title\" content=\"Paiement - M Clinic\" \/>\n<meta property=\"og:description\" content=\"Paiement en ligne\" \/>\n<meta property=\"og:url\" content=\"https:\/\/mclinicmorocco.com\/en\/paiement\/\" \/>\n<meta property=\"og:site_name\" content=\"M Clinic\" \/>\n<meta property=\"article:publisher\" content=\"https:\/\/web.facebook.com\/mclinic.morocco\/?_rdc=1&amp;_rdr\" \/>\n<meta property=\"article:modified_time\" content=\"2024-11-05T14:41:07+00:00\" \/>\n<meta property=\"og:image\" content=\"https:\/\/mclinicmorocco.com\/wp-content\/uploads\/2024\/07\/logo-mclinic-white-v2.png\" \/>\n\t<meta property=\"og:image:width\" content=\"769\" \/>\n\t<meta property=\"og:image:height\" content=\"349\" \/>\n\t<meta property=\"og:image:type\" content=\"image\/png\" \/>\n<meta name=\"twitter:card\" content=\"summary_large_image\" \/>\n<script type=\"application\/ld+json\" class=\"yoast-schema-graph\">{\"@context\":\"https:\/\/schema.org\",\"@graph\":[{\"@type\":\"WebPage\",\"@id\":\"https:\/\/mclinicmorocco.com\/paiement\/\",\"url\":\"https:\/\/mclinicmorocco.com\/paiement\/\",\"name\":\"Paiement - M Clinic\",\"isPartOf\":{\"@id\":\"https:\/\/mclinicmorocco.com\/#website\"},\"primaryImageOfPage\":{\"@id\":\"https:\/\/mclinicmorocco.com\/paiement\/#primaryimage\"},\"image\":{\"@id\":\"https:\/\/mclinicmorocco.com\/paiement\/#primaryimage\"},\"thumbnailUrl\":\"https:\/\/mclinicmorocco.com\/wp-content\/uploads\/2024\/07\/logo-mclinic-white-v2.png\",\"datePublished\":\"2024-10-29T14:10:07+00:00\",\"dateModified\":\"2024-11-05T14:41:07+00:00\",\"breadcrumb\":{\"@id\":\"https:\/\/mclinicmorocco.com\/paiement\/#breadcrumb\"},\"inLanguage\":\"en-GB\",\"potentialAction\":[{\"@type\":\"ReadAction\",\"target\":[\"https:\/\/mclinicmorocco.com\/paiement\/\"]}]},{\"@type\":\"ImageObject\",\"inLanguage\":\"en-GB\",\"@id\":\"https:\/\/mclinicmorocco.com\/paiement\/#primaryimage\",\"url\":\"https:\/\/mclinicmorocco.com\/wp-content\/uploads\/2024\/07\/logo-mclinic-white-v2.png\",\"contentUrl\":\"https:\/\/mclinicmorocco.com\/wp-content\/uploads\/2024\/07\/logo-mclinic-white-v2.png\"},{\"@type\":\"BreadcrumbList\",\"@id\":\"https:\/\/mclinicmorocco.com\/paiement\/#breadcrumb\",\"itemListElement\":[{\"@type\":\"ListItem\",\"position\":1,\"name\":\"Home\",\"item\":\"https:\/\/mclinicmorocco.com\/\"},{\"@type\":\"ListItem\",\"position\":2,\"name\":\"Paiement\"}]},{\"@type\":\"WebSite\",\"@id\":\"https:\/\/mclinicmorocco.com\/#website\",\"url\":\"https:\/\/mclinicmorocco.com\/\",\"name\":\"MClinic\",\"description\":\"Clinique esth\u00e9tique avec esth\u00e9ticiennes qualifi\u00e9es et chirurgiens experts.\u202f\",\"publisher\":{\"@id\":\"https:\/\/mclinicmorocco.com\/#organization\"},\"potentialAction\":[{\"@type\":\"SearchAction\",\"target\":{\"@type\":\"EntryPoint\",\"urlTemplate\":\"https:\/\/mclinicmorocco.com\/?s={search_term_string}\"},\"query-input\":{\"@type\":\"PropertyValueSpecification\",\"valueRequired\":true,\"valueName\":\"search_term_string\"}}],\"inLanguage\":\"en-GB\"},{\"@type\":\"Organization\",\"@id\":\"https:\/\/mclinicmorocco.com\/#organization\",\"name\":\"MClinic\",\"url\":\"https:\/\/mclinicmorocco.com\/\",\"logo\":{\"@type\":\"ImageObject\",\"inLanguage\":\"en-GB\",\"@id\":\"https:\/\/mclinicmorocco.com\/#\/schema\/logo\/image\/\",\"url\":\"https:\/\/mclinicmorocco.com\/wp-content\/uploads\/2024\/07\/logo-mclinic-white-v2.png\",\"contentUrl\":\"https:\/\/mclinicmorocco.com\/wp-content\/uploads\/2024\/07\/logo-mclinic-white-v2.png\",\"width\":769,\"height\":349,\"caption\":\"MClinic\"},\"image\":{\"@id\":\"https:\/\/mclinicmorocco.com\/#\/schema\/logo\/image\/\"},\"sameAs\":[\"https:\/\/web.facebook.com\/mclinic.morocco\/?_rdc=1&_rdr\",\"https:\/\/www.instagram.com\/m.clinic.official\/\"]}]}<\/script>\n<!-- \/ Yoast SEO plugin. -->","yoast_head_json":{"title":"Paiement - M Clinic","robots":{"index":"index","follow":"follow","max-snippet":"max-snippet:-1","max-image-preview":"max-image-preview:large","max-video-preview":"max-video-preview:-1"},"canonical":"https:\/\/mclinicmorocco.com\/en\/paiement\/","og_locale":"en_GB","og_type":"article","og_title":"Paiement - M Clinic","og_description":"Paiement en ligne","og_url":"https:\/\/mclinicmorocco.com\/en\/paiement\/","og_site_name":"M Clinic","article_publisher":"https:\/\/web.facebook.com\/mclinic.morocco\/?_rdc=1&_rdr","article_modified_time":"2024-11-05T14:41:07+00:00","og_image":[{"width":769,"height":349,"url":"https:\/\/mclinicmorocco.com\/wp-content\/uploads\/2024\/07\/logo-mclinic-white-v2.png","type":"image\/png"}],"twitter_card":"summary_large_image","schema":{"@context":"https:\/\/schema.org","@graph":[{"@type":"WebPage","@id":"https:\/\/mclinicmorocco.com\/paiement\/","url":"https:\/\/mclinicmorocco.com\/paiement\/","name":"Paiement - M Clinic","isPartOf":{"@id":"https:\/\/mclinicmorocco.com\/#website"},"primaryImageOfPage":{"@id":"https:\/\/mclinicmorocco.com\/paiement\/#primaryimage"},"image":{"@id":"https:\/\/mclinicmorocco.com\/paiement\/#primaryimage"},"thumbnailUrl":"https:\/\/mclinicmorocco.com\/wp-content\/uploads\/2024\/07\/logo-mclinic-white-v2.png","datePublished":"2024-10-29T14:10:07+00:00","dateModified":"2024-11-05T14:41:07+00:00","breadcrumb":{"@id":"https:\/\/mclinicmorocco.com\/paiement\/#breadcrumb"},"inLanguage":"en-GB","potentialAction":[{"@type":"ReadAction","target":["https:\/\/mclinicmorocco.com\/paiement\/"]}]},{"@type":"ImageObject","inLanguage":"en-GB","@id":"https:\/\/mclinicmorocco.com\/paiement\/#primaryimage","url":"https:\/\/mclinicmorocco.com\/wp-content\/uploads\/2024\/07\/logo-mclinic-white-v2.png","contentUrl":"https:\/\/mclinicmorocco.com\/wp-content\/uploads\/2024\/07\/logo-mclinic-white-v2.png"},{"@type":"BreadcrumbList","@id":"https:\/\/mclinicmorocco.com\/paiement\/#breadcrumb","itemListElement":[{"@type":"ListItem","position":1,"name":"Home","item":"https:\/\/mclinicmorocco.com\/"},{"@type":"ListItem","position":2,"name":"Paiement"}]},{"@type":"WebSite","@id":"https:\/\/mclinicmorocco.com\/#website","url":"https:\/\/mclinicmorocco.com\/","name":"MClinic","description":"Clinique esth\u00e9tique avec esth\u00e9ticiennes qualifi\u00e9es et chirurgiens experts.\u202f","publisher":{"@id":"https:\/\/mclinicmorocco.com\/#organization"},"potentialAction":[{"@type":"SearchAction","target":{"@type":"EntryPoint","urlTemplate":"https:\/\/mclinicmorocco.com\/?s={search_term_string}"},"query-input":{"@type":"PropertyValueSpecification","valueRequired":true,"valueName":"search_term_string"}}],"inLanguage":"en-GB"},{"@type":"Organization","@id":"https:\/\/mclinicmorocco.com\/#organization","name":"MClinic","url":"https:\/\/mclinicmorocco.com\/","logo":{"@type":"ImageObject","inLanguage":"en-GB","@id":"https:\/\/mclinicmorocco.com\/#\/schema\/logo\/image\/","url":"https:\/\/mclinicmorocco.com\/wp-content\/uploads\/2024\/07\/logo-mclinic-white-v2.png","contentUrl":"https:\/\/mclinicmorocco.com\/wp-content\/uploads\/2024\/07\/logo-mclinic-white-v2.png","width":769,"height":349,"caption":"MClinic"},"image":{"@id":"https:\/\/mclinicmorocco.com\/#\/schema\/logo\/image\/"},"sameAs":["https:\/\/web.facebook.com\/mclinic.morocco\/?_rdc=1&_rdr","https:\/\/www.instagram.com\/m.clinic.official\/"]}]}},"_links":{"self":[{"href":"https:\/\/mclinicmorocco.com\/en\/wp-json\/wp\/v2\/pages\/7631","targetHints":{"allow":["GET"]}}],"collection":[{"href":"https:\/\/mclinicmorocco.com\/en\/wp-json\/wp\/v2\/pages"}],"about":[{"href":"https:\/\/mclinicmorocco.com\/en\/wp-json\/wp\/v2\/types\/page"}],"author":[{"embeddable":true,"href":"https:\/\/mclinicmorocco.com\/en\/wp-json\/wp\/v2\/users\/1"}],"replies":[{"embeddable":true,"href":"https:\/\/mclinicmorocco.com\/en\/wp-json\/wp\/v2\/comments?post=7631"}],"version-history":[{"count":46,"href":"https:\/\/mclinicmorocco.com\/en\/wp-json\/wp\/v2\/pages\/7631\/revisions"}],"predecessor-version":[{"id":8105,"href":"https:\/\/mclinicmorocco.com\/en\/wp-json\/wp\/v2\/pages\/7631\/revisions\/8105"}],"wp:attachment":[{"href":"https:\/\/mclinicmorocco.com\/en\/wp-json\/wp\/v2\/media?parent=7631"}],"curies":[{"name":"wp","href":"https:\/\/api.w.org\/{rel}","templated":true}]}}