{"id":794,"date":"2024-07-15T10:35:32","date_gmt":"2024-07-15T10:35:32","guid":{"rendered":"https:\/\/mclinicmorocco.com\/?page_id=794"},"modified":"2024-09-09T10:01:27","modified_gmt":"2024-09-09T10:01:27","slug":"traitement-de-rides","status":"publish","type":"page","link":"https:\/\/mclinicmorocco.com\/en\/traitement-de-rides\/","title":{"rendered":"TRAITEMENT DE RIDES"},"content":{"rendered":"<div data-elementor-type=\"wp-page\" data-elementor-id=\"794\" class=\"elementor elementor-794\" data-elementor-post-type=\"page\">\n\t\t\t\t<div class=\"has_eae_slider elementor-element elementor-element-e43faaf e-con-full e-flex e-con e-parent\" data-eae-slider=\"9440\" data-id=\"e43faaf\" data-element_type=\"container\" data-e-type=\"container\" data-settings=\"{&quot;background_background&quot;:&quot;classic&quot;}\">\n\t\t\t\t<div class=\"elementor-element elementor-element-1e2b9e2 elementor-widget elementor-widget-heading\" data-id=\"1e2b9e2\" data-element_type=\"widget\" data-e-type=\"widget\" data-widget_type=\"heading.default\">\n\t\t\t\t<div class=\"elementor-widget-container\">\n\t\t\t\t\t<h2 class=\"elementor-heading-title elementor-size-default\">TRAITEMENT DE RIDES<\/h2>\t\t\t\t<\/div>\n\t\t\t\t<\/div>\n\t\t\t\t<\/div>\n\t\t<div class=\"has_eae_slider elementor-element elementor-element-08e50ce e-flex e-con-boxed e-con e-parent\" data-eae-slider=\"46969\" data-id=\"08e50ce\" data-element_type=\"container\" data-e-type=\"container\" data-settings=\"{&quot;background_background&quot;:&quot;classic&quot;}\">\n\t\t\t\t\t<div class=\"e-con-inner\">\n\t\t<div class=\"has_eae_slider elementor-element elementor-element-87c7df4 e-con-full e-flex e-con e-child\" data-eae-slider=\"99088\" data-id=\"87c7df4\" data-element_type=\"container\" data-e-type=\"container\">\n\t\t\t\t<div class=\"elementor-element elementor-element-a2cd7c5 elementor-widget elementor-widget-heading\" data-id=\"a2cd7c5\" data-element_type=\"widget\" data-e-type=\"widget\" data-widget_type=\"heading.default\">\n\t\t\t\t<div class=\"elementor-widget-container\">\n\t\t\t\t\t<h2 class=\"elementor-heading-title elementor-size-default\">TRAITEMENT DE RIDES<\/h2>\t\t\t\t<\/div>\n\t\t\t\t<\/div>\n\t\t\t\t<div class=\"elementor-element elementor-element-996b297 elementor-widget elementor-widget-text-editor\" data-id=\"996b297\" data-element_type=\"widget\" data-e-type=\"widget\" data-widget_type=\"text-editor.default\">\n\t\t\t\t<div class=\"elementor-widget-container\">\n\t\t\t\t\t\t\t\t\t<p><span class=\"fontstyle0\">Le laser est un rayon de lumi\u00e8re amplifi\u00e9 qui d\u2019\u00e9liminer une partie de la surface de la peau par une br\u00fblure instantan\u00e9e et contr\u00f4l\u00e9e. Sur le visage, il est donc possible de traiter les rides, les cicatrices, taches et imperfections du derme superficiel en g\u00e9n\u00e9ral.<\/span><\/p><p><span class=\"fontstyle0\">La lumi\u00e8re laser provoque au contact de la peau une \u00e9vaporation des couches superficielles. Selon les lasers, elle s\u2019accompagne d\u2019une chauffe plus ou moins importante des couches profondes r\u00e9alisant en m\u00eame temps un effet tenseur sur le visage. Il s\u2019agit donc d\u2019une technique de renouvellement cellulaire de la peau.<\/span><\/p>\t\t\t\t\t\t\t\t<\/div>\n\t\t\t\t<\/div>\n\t\t\t\t<div class=\"elementor-element elementor-element-4913a8e elementor-widget elementor-widget-button\" data-id=\"4913a8e\" data-element_type=\"widget\" data-e-type=\"widget\" data-widget_type=\"button.default\">\n\t\t\t\t<div class=\"elementor-widget-container\">\n\t\t\t\t\t\t\t\t\t<div class=\"elementor-button-wrapper\">\n\t\t\t\t\t<a class=\"elementor-button elementor-button-link elementor-size-sm elementor-animation-pulse\" href=\"#elementor-action%3Aaction%3Dpopup%3Aopen%26settings%3DeyJpZCI6IjUzMzEiLCJ0b2dnbGUiOmZhbHNlfQ%3D%3D\">\n\t\t\t\t\t\t<span class=\"elementor-button-content-wrapper\">\n\t\t\t\t\t\t\t\t\t<span class=\"elementor-button-text\">Prendre rdv<\/span>\n\t\t\t\t\t<\/span>\n\t\t\t\t\t<\/a>\n\t\t\t\t<\/div>\n\t\t\t\t\t\t\t\t<\/div>\n\t\t\t\t<\/div>\n\t\t\t\t<\/div>\n\t\t\t\t\t<\/div>\n\t\t\t\t<\/div>\n\t\t<div class=\"has_eae_slider elementor-element elementor-element-783218e e-flex e-con-boxed e-con e-parent\" data-eae-slider=\"42082\" data-id=\"783218e\" data-element_type=\"container\" data-e-type=\"container\">\n\t\t\t\t\t<div class=\"e-con-inner\">\n\t\t<div class=\"has_eae_slider elementor-element elementor-element-6a80d25 e-con-full e-flex e-con e-child\" data-eae-slider=\"1717\" data-id=\"6a80d25\" data-element_type=\"container\" data-e-type=\"container\">\n\t\t\t\t<div class=\"elementor-element elementor-element-c886f7b elementor-widget elementor-widget-heading\" data-id=\"c886f7b\" data-element_type=\"widget\" data-e-type=\"widget\" data-widget_type=\"heading.default\">\n\t\t\t\t<div class=\"elementor-widget-container\">\n\t\t\t\t\t<h2 class=\"elementor-heading-title elementor-size-default\">R\u00e9alisation de l\u2019intervention<\/h2>\t\t\t\t<\/div>\n\t\t\t\t<\/div>\n\t\t\t\t<div class=\"elementor-element elementor-element-4b1217d elementor-widget elementor-widget-text-editor\" data-id=\"4b1217d\" data-element_type=\"widget\" data-e-type=\"widget\" data-widget_type=\"text-editor.default\">\n\t\t\t\t<div class=\"elementor-widget-container\">\n\t\t\t\t\t\t\t\t\t<p><span class=\"fontstyle0\">Le \u00ab resurfacing \u00bb laser n\u00e9cessite une seule et unique s\u00e9ance, pour un r\u00e9sultat \u00e0 long terme, allant de trois \u00e0 cinq ans, selon la qualit\u00e9 de la peau.<\/span><\/p><p><span class=\"fontstyle0\">La s\u00e9ance dure entre 20 min et 1 heure, sous anesth\u00e9sie locale voire g\u00e9n\u00e9rale, en fonction des zones \u00e0 traiter. Les yeux, les cheveux et les sourcils sont prot\u00e9g\u00e9s des rayons du laser. Toute la surface \u00e0 abraser est expos\u00e9e progressivement \u00e0 l\u2019action du laser.<\/span><\/p>\t\t\t\t\t\t\t\t<\/div>\n\t\t\t\t<\/div>\n\t\t\t\t<\/div>\n\t\t<div class=\"has_eae_slider elementor-element elementor-element-58ef9bb e-con-full e-flex e-con e-child\" data-eae-slider=\"64220\" data-id=\"58ef9bb\" data-element_type=\"container\" data-e-type=\"container\">\n\t\t\t\t<div class=\"elementor-element elementor-element-69040cf elementor-widget elementor-widget-image\" data-id=\"69040cf\" data-element_type=\"widget\" data-e-type=\"widget\" data-widget_type=\"image.default\">\n\t\t\t\t<div class=\"elementor-widget-container\">\n\t\t\t\t\t\t\t\t\t\t\t\t\t\t\t<img fetchpriority=\"high\" decoding=\"async\" width=\"800\" height=\"800\" src=\"https:\/\/mclinicmorocco.com\/wp-content\/uploads\/2024\/09\/trait-ride-1024x1024.jpg\" class=\"attachment-large size-large wp-image-5129\" alt=\"\" srcset=\"https:\/\/mclinicmorocco.com\/wp-content\/uploads\/2024\/09\/trait-ride-1024x1024.jpg 1024w, https:\/\/mclinicmorocco.com\/wp-content\/uploads\/2024\/09\/trait-ride-300x300.jpg 300w, https:\/\/mclinicmorocco.com\/wp-content\/uploads\/2024\/09\/trait-ride-150x150.jpg 150w, https:\/\/mclinicmorocco.com\/wp-content\/uploads\/2024\/09\/trait-ride-768x768.jpg 768w, https:\/\/mclinicmorocco.com\/wp-content\/uploads\/2024\/09\/trait-ride.jpg 1080w\" sizes=\"(max-width: 800px) 100vw, 800px\" \/>\t\t\t\t\t\t\t\t\t\t\t\t\t\t\t<\/div>\n\t\t\t\t<\/div>\n\t\t\t\t<\/div>\n\t\t\t\t\t<\/div>\n\t\t\t\t<\/div>\n\t\t\t\t<\/div>","protected":false},"excerpt":{"rendered":"<p>TRAITEMENT DE RIDES TRAITEMENT DE RIDES Le laser est un rayon de lumi\u00e8re amplifi\u00e9 qui d\u2019\u00e9liminer une partie de la surface de la peau par une br\u00fblure instantan\u00e9e et contr\u00f4l\u00e9e. Sur le visage, il est donc possible de traiter les rides, les cicatrices, taches et imperfections du derme superficiel en g\u00e9n\u00e9ral. La lumi\u00e8re laser provoque [&hellip;]<\/p>\n","protected":false},"author":1,"featured_media":0,"parent":0,"menu_order":0,"comment_status":"closed","ping_status":"closed","template":"","meta":{"footnotes":""},"class_list":["post-794","page","type-page","status-publish","hentry"],"yoast_head":"<!-- This site is optimized with the Yoast SEO plugin v27.2 - https:\/\/yoast.com\/product\/yoast-seo-wordpress\/ -->\n<title>TRAITEMENT DE RIDES - M Clinic<\/title>\n<meta name=\"robots\" content=\"index, follow, max-snippet:-1, max-image-preview:large, max-video-preview:-1\" \/>\n<link rel=\"canonical\" href=\"https:\/\/mclinicmorocco.com\/en\/traitement-de-rides\/\" \/>\n<meta property=\"og:locale\" content=\"en_GB\" \/>\n<meta property=\"og:type\" content=\"article\" \/>\n<meta property=\"og:title\" content=\"TRAITEMENT DE RIDES - M Clinic\" \/>\n<meta property=\"og:description\" content=\"TRAITEMENT DE RIDES TRAITEMENT DE RIDES Le laser est un rayon de lumi\u00e8re amplifi\u00e9 qui d\u2019\u00e9liminer une partie de la surface de la peau par une br\u00fblure instantan\u00e9e et contr\u00f4l\u00e9e. Sur le visage, il est donc possible de traiter les rides, les cicatrices, taches et imperfections du derme superficiel en g\u00e9n\u00e9ral. La lumi\u00e8re laser provoque [&hellip;]\" \/>\n<meta property=\"og:url\" content=\"https:\/\/mclinicmorocco.com\/en\/traitement-de-rides\/\" \/>\n<meta property=\"og:site_name\" content=\"M Clinic\" \/>\n<meta property=\"article:publisher\" content=\"https:\/\/web.facebook.com\/mclinic.morocco\/?_rdc=1&amp;_rdr\" \/>\n<meta property=\"article:modified_time\" content=\"2024-09-09T10:01:27+00:00\" \/>\n<meta property=\"og:image\" content=\"https:\/\/mclinicmorocco.com\/wp-content\/uploads\/2024\/09\/trait-ride.jpg\" \/>\n\t<meta property=\"og:image:width\" content=\"1080\" \/>\n\t<meta property=\"og:image:height\" content=\"1080\" \/>\n\t<meta property=\"og:image:type\" content=\"image\/jpeg\" \/>\n<meta name=\"twitter:card\" content=\"summary_large_image\" \/>\n<meta name=\"twitter:label1\" content=\"Estimated reading time\" \/>\n\t<meta name=\"twitter:data1\" content=\"1 minute\" \/>\n<script type=\"application\/ld+json\" class=\"yoast-schema-graph\">{\"@context\":\"https:\/\/schema.org\",\"@graph\":[{\"@type\":\"WebPage\",\"@id\":\"https:\/\/mclinicmorocco.com\/traitement-de-rides\/\",\"url\":\"https:\/\/mclinicmorocco.com\/traitement-de-rides\/\",\"name\":\"TRAITEMENT DE RIDES - M Clinic\",\"isPartOf\":{\"@id\":\"https:\/\/mclinicmorocco.com\/#website\"},\"primaryImageOfPage\":{\"@id\":\"https:\/\/mclinicmorocco.com\/traitement-de-rides\/#primaryimage\"},\"image\":{\"@id\":\"https:\/\/mclinicmorocco.com\/traitement-de-rides\/#primaryimage\"},\"thumbnailUrl\":\"https:\/\/mclinicmorocco.com\/wp-content\/uploads\/2024\/09\/trait-ride-1024x1024.jpg\",\"datePublished\":\"2024-07-15T10:35:32+00:00\",\"dateModified\":\"2024-09-09T10:01:27+00:00\",\"breadcrumb\":{\"@id\":\"https:\/\/mclinicmorocco.com\/traitement-de-rides\/#breadcrumb\"},\"inLanguage\":\"en-GB\",\"potentialAction\":[{\"@type\":\"ReadAction\",\"target\":[\"https:\/\/mclinicmorocco.com\/traitement-de-rides\/\"]}]},{\"@type\":\"ImageObject\",\"inLanguage\":\"en-GB\",\"@id\":\"https:\/\/mclinicmorocco.com\/traitement-de-rides\/#primaryimage\",\"url\":\"https:\/\/mclinicmorocco.com\/wp-content\/uploads\/2024\/09\/trait-ride-1024x1024.jpg\",\"contentUrl\":\"https:\/\/mclinicmorocco.com\/wp-content\/uploads\/2024\/09\/trait-ride-1024x1024.jpg\"},{\"@type\":\"BreadcrumbList\",\"@id\":\"https:\/\/mclinicmorocco.com\/traitement-de-rides\/#breadcrumb\",\"itemListElement\":[{\"@type\":\"ListItem\",\"position\":1,\"name\":\"Home\",\"item\":\"https:\/\/mclinicmorocco.com\/\"},{\"@type\":\"ListItem\",\"position\":2,\"name\":\"TRAITEMENT DE RIDES\"}]},{\"@type\":\"WebSite\",\"@id\":\"https:\/\/mclinicmorocco.com\/#website\",\"url\":\"https:\/\/mclinicmorocco.com\/\",\"name\":\"MClinic\",\"description\":\"Clinique esth\u00e9tique avec esth\u00e9ticiennes qualifi\u00e9es et chirurgiens experts.\u202f\",\"publisher\":{\"@id\":\"https:\/\/mclinicmorocco.com\/#organization\"},\"potentialAction\":[{\"@type\":\"SearchAction\",\"target\":{\"@type\":\"EntryPoint\",\"urlTemplate\":\"https:\/\/mclinicmorocco.com\/?s={search_term_string}\"},\"query-input\":{\"@type\":\"PropertyValueSpecification\",\"valueRequired\":true,\"valueName\":\"search_term_string\"}}],\"inLanguage\":\"en-GB\"},{\"@type\":\"Organization\",\"@id\":\"https:\/\/mclinicmorocco.com\/#organization\",\"name\":\"MClinic\",\"url\":\"https:\/\/mclinicmorocco.com\/\",\"logo\":{\"@type\":\"ImageObject\",\"inLanguage\":\"en-GB\",\"@id\":\"https:\/\/mclinicmorocco.com\/#\/schema\/logo\/image\/\",\"url\":\"https:\/\/mclinicmorocco.com\/wp-content\/uploads\/2024\/07\/logo-mclinic-white-v2.png\",\"contentUrl\":\"https:\/\/mclinicmorocco.com\/wp-content\/uploads\/2024\/07\/logo-mclinic-white-v2.png\",\"width\":769,\"height\":349,\"caption\":\"MClinic\"},\"image\":{\"@id\":\"https:\/\/mclinicmorocco.com\/#\/schema\/logo\/image\/\"},\"sameAs\":[\"https:\/\/web.facebook.com\/mclinic.morocco\/?_rdc=1&_rdr\",\"https:\/\/www.instagram.com\/m.clinic.official\/\"]}]}<\/script>\n<!-- \/ Yoast SEO plugin. -->","yoast_head_json":{"title":"TRAITEMENT DE RIDES - M Clinic","robots":{"index":"index","follow":"follow","max-snippet":"max-snippet:-1","max-image-preview":"max-image-preview:large","max-video-preview":"max-video-preview:-1"},"canonical":"https:\/\/mclinicmorocco.com\/en\/traitement-de-rides\/","og_locale":"en_GB","og_type":"article","og_title":"TRAITEMENT DE RIDES - M Clinic","og_description":"TRAITEMENT DE RIDES TRAITEMENT DE RIDES Le laser est un rayon de lumi\u00e8re amplifi\u00e9 qui d\u2019\u00e9liminer une partie de la surface de la peau par une br\u00fblure instantan\u00e9e et contr\u00f4l\u00e9e. Sur le visage, il est donc possible de traiter les rides, les cicatrices, taches et imperfections du derme superficiel en g\u00e9n\u00e9ral. La lumi\u00e8re laser provoque [&hellip;]","og_url":"https:\/\/mclinicmorocco.com\/en\/traitement-de-rides\/","og_site_name":"M Clinic","article_publisher":"https:\/\/web.facebook.com\/mclinic.morocco\/?_rdc=1&_rdr","article_modified_time":"2024-09-09T10:01:27+00:00","og_image":[{"width":1080,"height":1080,"url":"https:\/\/mclinicmorocco.com\/wp-content\/uploads\/2024\/09\/trait-ride.jpg","type":"image\/jpeg"}],"twitter_card":"summary_large_image","twitter_misc":{"Estimated reading time":"1 minute"},"schema":{"@context":"https:\/\/schema.org","@graph":[{"@type":"WebPage","@id":"https:\/\/mclinicmorocco.com\/traitement-de-rides\/","url":"https:\/\/mclinicmorocco.com\/traitement-de-rides\/","name":"TRAITEMENT DE RIDES - M Clinic","isPartOf":{"@id":"https:\/\/mclinicmorocco.com\/#website"},"primaryImageOfPage":{"@id":"https:\/\/mclinicmorocco.com\/traitement-de-rides\/#primaryimage"},"image":{"@id":"https:\/\/mclinicmorocco.com\/traitement-de-rides\/#primaryimage"},"thumbnailUrl":"https:\/\/mclinicmorocco.com\/wp-content\/uploads\/2024\/09\/trait-ride-1024x1024.jpg","datePublished":"2024-07-15T10:35:32+00:00","dateModified":"2024-09-09T10:01:27+00:00","breadcrumb":{"@id":"https:\/\/mclinicmorocco.com\/traitement-de-rides\/#breadcrumb"},"inLanguage":"en-GB","potentialAction":[{"@type":"ReadAction","target":["https:\/\/mclinicmorocco.com\/traitement-de-rides\/"]}]},{"@type":"ImageObject","inLanguage":"en-GB","@id":"https:\/\/mclinicmorocco.com\/traitement-de-rides\/#primaryimage","url":"https:\/\/mclinicmorocco.com\/wp-content\/uploads\/2024\/09\/trait-ride-1024x1024.jpg","contentUrl":"https:\/\/mclinicmorocco.com\/wp-content\/uploads\/2024\/09\/trait-ride-1024x1024.jpg"},{"@type":"BreadcrumbList","@id":"https:\/\/mclinicmorocco.com\/traitement-de-rides\/#breadcrumb","itemListElement":[{"@type":"ListItem","position":1,"name":"Home","item":"https:\/\/mclinicmorocco.com\/"},{"@type":"ListItem","position":2,"name":"TRAITEMENT DE RIDES"}]},{"@type":"WebSite","@id":"https:\/\/mclinicmorocco.com\/#website","url":"https:\/\/mclinicmorocco.com\/","name":"MClinic","description":"Clinique esth\u00e9tique avec esth\u00e9ticiennes qualifi\u00e9es et chirurgiens experts.\u202f","publisher":{"@id":"https:\/\/mclinicmorocco.com\/#organization"},"potentialAction":[{"@type":"SearchAction","target":{"@type":"EntryPoint","urlTemplate":"https:\/\/mclinicmorocco.com\/?s={search_term_string}"},"query-input":{"@type":"PropertyValueSpecification","valueRequired":true,"valueName":"search_term_string"}}],"inLanguage":"en-GB"},{"@type":"Organization","@id":"https:\/\/mclinicmorocco.com\/#organization","name":"MClinic","url":"https:\/\/mclinicmorocco.com\/","logo":{"@type":"ImageObject","inLanguage":"en-GB","@id":"https:\/\/mclinicmorocco.com\/#\/schema\/logo\/image\/","url":"https:\/\/mclinicmorocco.com\/wp-content\/uploads\/2024\/07\/logo-mclinic-white-v2.png","contentUrl":"https:\/\/mclinicmorocco.com\/wp-content\/uploads\/2024\/07\/logo-mclinic-white-v2.png","width":769,"height":349,"caption":"MClinic"},"image":{"@id":"https:\/\/mclinicmorocco.com\/#\/schema\/logo\/image\/"},"sameAs":["https:\/\/web.facebook.com\/mclinic.morocco\/?_rdc=1&_rdr","https:\/\/www.instagram.com\/m.clinic.official\/"]}]}},"_links":{"self":[{"href":"https:\/\/mclinicmorocco.com\/en\/wp-json\/wp\/v2\/pages\/794","targetHints":{"allow":["GET"]}}],"collection":[{"href":"https:\/\/mclinicmorocco.com\/en\/wp-json\/wp\/v2\/pages"}],"about":[{"href":"https:\/\/mclinicmorocco.com\/en\/wp-json\/wp\/v2\/types\/page"}],"author":[{"embeddable":true,"href":"https:\/\/mclinicmorocco.com\/en\/wp-json\/wp\/v2\/users\/1"}],"replies":[{"embeddable":true,"href":"https:\/\/mclinicmorocco.com\/en\/wp-json\/wp\/v2\/comments?post=794"}],"version-history":[{"count":20,"href":"https:\/\/mclinicmorocco.com\/en\/wp-json\/wp\/v2\/pages\/794\/revisions"}],"predecessor-version":[{"id":5429,"href":"https:\/\/mclinicmorocco.com\/en\/wp-json\/wp\/v2\/pages\/794\/revisions\/5429"}],"wp:attachment":[{"href":"https:\/\/mclinicmorocco.com\/en\/wp-json\/wp\/v2\/media?parent=794"}],"curies":[{"name":"wp","href":"https:\/\/api.w.org\/{rel}","templated":true}]}}